{"id":208151,"date":"2025-03-22T16:06:20","date_gmt":"2025-03-22T16:06:20","guid":{"rendered":"https:\/\/aromasentia.com\/product\/travel-mountain-teapot-set-four-friends-travel-pack\/"},"modified":"2025-05-31T04:44:08","modified_gmt":"2025-05-31T04:44:08","slug":"travel-mountain-tekanne-sett-fire-venner-reisepakke","status":"publish","type":"product","link":"https:\/\/aromasentia.com\/no\/travel-mountain-tekanne-sett-fire-venner-reisepakke\/","title":{"rendered":"Travel Mountain Tekanne Sett &#8211; Fire Venner &#8211; Reisepakke"},"content":{"rendered":"<p><span style=\"color: rgb(75, 80, 88);\">Vi introduserer det allsidige og stilige Travel Mountain-tekannesettet, perfekt for teentusiaster som elsker \u00e5 nyte favorittbryggene sine p\u00e5 farten. Dette vakre settet leveres med en multifunksjonell tekanne som inkluderer en avtakbar tetrakter og fire matchende kopper, alt elegant pakket i et elegant reiseetui.<\/span><\/p>\n<p><span style=\"color: rgb(75, 80, 88);\">Tekannen har en gjennomsiktig glasskropp utsmykket med et intrikat fjelldesign p\u00e5 bunnen, noe som gir et snev av eleganse. Den avtakbare tetrakteren, ogs\u00e5 detaljert med et fjellmotiv, gj\u00f8r det enkelt \u00e5 brygge l\u00f8sbladste og raskt \u00e5 rengj\u00f8re. Koppene, med sitt sl\u00e5ende gr\u00f8nne ytre og glatte kremfargede indre, gir en harmonisk blanding av stil og praktisk bruk.<\/span><\/p>\n<p><span style=\"color: rgb(75, 80, 88);\">Settet inkluderer:<\/span><\/p>\n<ul>\n<li><span style=\"color: rgb(75, 80, 88);\">1x Tekanne med teinfuser<\/span><\/li>\n<li><span style=\"color: rgb(75, 80, 88);\">4x Tekopper<\/span><\/li>\n<li><span style=\"color: rgb(75, 80, 88);\">1x Reiseetui<\/span><\/li>\n<\/ul>\n<p><span style=\"color: rgb(75, 80, 88);\">Produktspesifikasjoner:<\/span><\/p>\n<ul>\n<li><span style=\"color: rgb(75, 80, 88);\">Materiale: Keramikk (h\u00e5ndvask anbefales)<\/span><\/li>\n<li><span style=\"color: rgb(75, 80, 88);\">Tekannekapasitet: 300 ml (10,1 fluid ounces)<\/span><\/li>\n<li><span style=\"color: rgb(75, 80, 88);\">Koppkapasitet: 50 ml (1,7 fluid ounces)<\/span><\/li>\n<li><span style=\"color: rgb(75, 80, 88);\">T\u00e5ler oppvaskmaskin: Anbefales ikke<\/span><\/li>\n<li><span style=\"color: rgb(75, 80, 88);\">Mikrob\u00f8lgeovnsikker: Anbefales ikke<\/span><\/li>\n<\/ul>\n<p><span style=\"color: rgb(75, 80, 88);\">Fyll opp lageret i dag for \u00e5 tilby kundene dine en hyggelig teopplevelse uansett hvor de m\u00e5tte v\u00e6re!<\/span><\/p>\n","protected":false},"excerpt":{"rendered":"<p>Vi introduserer det allsidige og stilige Travel Mountain-tekannesettet, perfekt for teentusiaster som elsker \u00e5 nyte favorittbryggene sine p\u00e5 farten. Dette vakre settet leveres med en multifunksjonell tekanne som inkluderer en avtakbar tetrakter og fire matchende kopper, alt elegant pakket i et elegant reiseetui. Tekannen har en gjennomsiktig glasskropp utsmykket med et intrikat fjelldesign p\u00e5 bunnen, [&hellip;]<\/p>\n","protected":false},"featured_media":379803,"comment_status":"closed","ping_status":"open","template":"","meta":{"_angie_page":false},"product_brand":[],"product_cat":[8394,10420,8541,26716],"product_tag":[],"class_list":{"0":"post-208151","1":"product","2":"type-product","3":"status-publish","4":"has-post-thumbnail","6":"product_cat-hjem-og-hage","7":"product_cat-kjokken-og-tilbehor","8":"product_cat-te-og-teutstyr","9":"product_cat-tekanner-og-tekopper","10":"pa_collection-herbal-teapot-sets-no","11":"pa_made-in-kina","13":"first","14":"instock","15":"purchasable","16":"product-type-simple"},"supplier_id":null,"supplier_sku":"TeaP-27","barcode":null,"atum_controlled":true,"out_stock_date":null,"out_stock_threshold":null,"inheritable":false,"inbound_stock":null,"stock_on_hold":0,"sold_today":0,"sales_last_days":0,"reserved_stock":null,"customer_returns":null,"warehouse_damage":null,"lost_in_post":null,"other_logs":null,"out_stock_days":0,"lost_sales":0,"has_location":null,"update_date":"2026-04-27T07:24:30","atum_locations":[],"atum_stock_status":"instock","restock_status":false,"low_stock_amount":"","sales_update_date":"2026-02-06T00:02:29","calc_backorders":null,"_links":{"self":[{"href":"https:\/\/aromasentia.com\/no\/wp-json\/wp\/v2\/product\/208151","targetHints":{"allow":["GET"]}}],"collection":[{"href":"https:\/\/aromasentia.com\/no\/wp-json\/wp\/v2\/product"}],"about":[{"href":"https:\/\/aromasentia.com\/no\/wp-json\/wp\/v2\/types\/product"}],"replies":[{"embeddable":true,"href":"https:\/\/aromasentia.com\/no\/wp-json\/wp\/v2\/comments?post=208151"}],"version-history":[{"count":0,"href":"https:\/\/aromasentia.com\/no\/wp-json\/wp\/v2\/product\/208151\/revisions"}],"wp:featuredmedia":[{"embeddable":true,"href":"https:\/\/aromasentia.com\/no\/wp-json\/wp\/v2\/media\/379803"}],"wp:attachment":[{"href":"https:\/\/aromasentia.com\/no\/wp-json\/wp\/v2\/media?parent=208151"}],"wp:term":[{"taxonomy":"product_brand","embeddable":true,"href":"https:\/\/aromasentia.com\/no\/wp-json\/wp\/v2\/product_brand?post=208151"},{"taxonomy":"product_cat","embeddable":true,"href":"https:\/\/aromasentia.com\/no\/wp-json\/wp\/v2\/product_cat?post=208151"},{"taxonomy":"product_tag","embeddable":true,"href":"https:\/\/aromasentia.com\/no\/wp-json\/wp\/v2\/product_tag?post=208151"}],"curies":[{"name":"wp","href":"https:\/\/api.w.org\/{rel}","templated":true}]}}