{"id":208150,"date":"2025-03-22T16:06:20","date_gmt":"2025-03-22T16:06:20","guid":{"rendered":"https:\/\/aromasentia.com\/product\/herbal-jade-teapot-set-pot-two-cups\/"},"modified":"2025-05-31T04:44:04","modified_gmt":"2025-05-31T04:44:04","slug":"herbal-jade-tekanne-sett-kanne-og-to-kopper","status":"publish","type":"product","link":"https:\/\/aromasentia.com\/no\/herbal-jade-tekanne-sett-kanne-og-to-kopper\/","title":{"rendered":"Herbal Jade Tekanne Sett &#8211; Kanne Og To Kopper"},"content":{"rendered":"<p><span style=\"color: rgb(75, 80, 88);\">Fortryll kundene dine med den beroligende sofistikasjonen til v\u00e5rt urtejade-tekannesett. Dette fantastiske settet inkluderer en fint utformet tekanne og to matchende kopper, perfekt for \u00e5 skape en rolig og elegant teopplevelse.<\/span><\/p>\n<p><span style=\"color: rgb(75, 80, 88);\">Tekannen har en glatt jadegr\u00f8nn finish og et elegant, moderne design, kombinert med et solid gulltonet h\u00e5ndtak for et ekstra preg av luksus. Den ergonomiske tuten er designet for \u00e5 gi en uanstrengt helleopplevelse. Tekannen f\u00f8lger med to matchende jadegr\u00f8nne kopper, som skaper et helhetlig og elegant sett.<\/span><\/p>\n<p><span style=\"color: rgb(75, 80, 88);\">Settet inneholder:<\/span><\/p>\n<ul>\n<li><span style=\"color: rgb(75, 80, 88);\">1x Tekanne<\/span><\/li>\n<li><span style=\"color: rgb(75, 80, 88);\">2x Tekopper<\/span><\/li>\n<\/ul>\n<p><span style=\"color: rgb(75, 80, 88);\">Produktspesifikasjoner:<\/span><\/p>\n<ul>\n<li><span style=\"color: rgb(75, 80, 88);\">Materiale: Keramikk (h\u00e5ndvask anbefales)<\/span><\/li>\n<li><span style=\"color: rgb(75, 80, 88);\">Tekannekapasitet: 200 ml (6,8 v\u00e6ske) unser)<\/span><\/li>\n<li><span style=\"color: rgb(75, 80, 88);\">Koppkapasitet: 50 ml (1,7 fluid ounces)<\/span><\/li>\n<li><span style=\"color: rgb(75, 80, 88);\">T\u00e5ler oppvaskmaskin: Anbefales ikke<\/span><\/li>\n<li><span style=\"color: rgb(75, 80, 88);\">Mikrob\u00f8lgeovnssikker: Anbefales ikke<\/span><\/li>\n<\/ul>\n<p><span style=\"color: rgb(75, 80, 88);\">Fyll opp lageret i dag for \u00e5 tilby kundene dine en herlig teopplevelse de vil sette pris p\u00e5.<\/span><\/p>\n","protected":false},"excerpt":{"rendered":"<p>Fortryll kundene dine med den beroligende sofistikasjonen til v\u00e5rt urtejade-tekannesett. Dette fantastiske settet inkluderer en fint utformet tekanne og to matchende kopper, perfekt for \u00e5 skape en rolig og elegant teopplevelse. Tekannen har en glatt jadegr\u00f8nn finish og et elegant, moderne design, kombinert med et solid gulltonet h\u00e5ndtak for et ekstra preg av luksus. Den [&hellip;]<\/p>\n","protected":false},"featured_media":379762,"comment_status":"closed","ping_status":"open","template":"","meta":[],"product_brand":[],"product_cat":[8394,25636,10420,25221,8541,26716],"product_tag":[],"class_list":{"0":"post-208150","1":"product","2":"type-product","3":"status-publish","4":"has-post-thumbnail","6":"product_cat-hjem-og-hage","7":"product_cat-jade","8":"product_cat-kjokken-og-tilbehor","9":"product_cat-krystaller-edelsteiner","10":"product_cat-te-og-teutstyr","11":"product_cat-tekanner-og-tekopper","12":"pa_collection-herbal-teapot-sets-no","13":"pa_made-in-kina","15":"first","16":"instock","17":"purchasable","18":"product-type-simple"},"supplier_id":null,"supplier_sku":"TeaP-26","barcode":null,"atum_controlled":true,"out_stock_date":null,"out_stock_threshold":null,"inheritable":false,"inbound_stock":null,"stock_on_hold":0,"sold_today":0,"sales_last_days":0,"reserved_stock":null,"customer_returns":null,"warehouse_damage":null,"lost_in_post":null,"other_logs":null,"out_stock_days":0,"lost_sales":0,"has_location":null,"update_date":"2026-02-11T08:31:01","atum_locations":[],"atum_stock_status":"instock","restock_status":false,"low_stock_amount":"","sales_update_date":"2025-09-04T00:30:33","calc_backorders":null,"_links":{"self":[{"href":"https:\/\/aromasentia.com\/no\/wp-json\/wp\/v2\/product\/208150","targetHints":{"allow":["GET"]}}],"collection":[{"href":"https:\/\/aromasentia.com\/no\/wp-json\/wp\/v2\/product"}],"about":[{"href":"https:\/\/aromasentia.com\/no\/wp-json\/wp\/v2\/types\/product"}],"replies":[{"embeddable":true,"href":"https:\/\/aromasentia.com\/no\/wp-json\/wp\/v2\/comments?post=208150"}],"version-history":[{"count":0,"href":"https:\/\/aromasentia.com\/no\/wp-json\/wp\/v2\/product\/208150\/revisions"}],"wp:featuredmedia":[{"embeddable":true,"href":"https:\/\/aromasentia.com\/no\/wp-json\/wp\/v2\/media\/379762"}],"wp:attachment":[{"href":"https:\/\/aromasentia.com\/no\/wp-json\/wp\/v2\/media?parent=208150"}],"wp:term":[{"taxonomy":"product_brand","embeddable":true,"href":"https:\/\/aromasentia.com\/no\/wp-json\/wp\/v2\/product_brand?post=208150"},{"taxonomy":"product_cat","embeddable":true,"href":"https:\/\/aromasentia.com\/no\/wp-json\/wp\/v2\/product_cat?post=208150"},{"taxonomy":"product_tag","embeddable":true,"href":"https:\/\/aromasentia.com\/no\/wp-json\/wp\/v2\/product_tag?post=208150"}],"curies":[{"name":"wp","href":"https:\/\/api.w.org\/{rel}","templated":true}]}}