{"id":208149,"date":"2025-03-22T16:06:20","date_gmt":"2025-03-22T16:06:20","guid":{"rendered":"https:\/\/aromasentia.com\/product\/herbal-blues-teapot-set-pot-four-cups\/"},"modified":"2025-05-31T04:44:01","modified_gmt":"2025-05-31T04:44:01","slug":"herbal-blues-tekanne-sett-kanne-og-fire-kopper","status":"publish","type":"product","link":"https:\/\/aromasentia.com\/no\/herbal-blues-tekanne-sett-kanne-og-fire-kopper\/","title":{"rendered":"Herbal Blues Tekanne Sett &#8211; Kanne Og Fire Kopper"},"content":{"rendered":"<p><span style=\"color: rgb(75, 80, 88);\">L\u00f8ft produktutvalget ditt med det fengslende Herbal Blues tekannesettet. Dette elegante settet er ideelt for teentusiaster, og inkluderer en vakkert laget tekanne og fire matchende kopper.<\/span><\/p>\n<p><span style=\"color: rgb(75, 80, 88);\">Tekannen har en blank bl\u00e5 finish med delikate, kunstneriske gradienter som skaper et rolig og raffinert utseende. Det ergonomiske h\u00e5ndtaket og den perfekt formede tuten sikrer en jevn og uanstrengt helling hver gang. Settet inkluderer ogs\u00e5 fire matchende kopper, hver med en fantastisk bl\u00e5 glasur som komplementerer tekannen.<\/span><\/p>\n<p><span style=\"color: rgb(75, 80, 88);\">Settet inneholder:<\/span><\/p>\n<ul>\n<li><span style=\"color: rgb(75, 80, 88);\">1x Tekanne<\/span><\/li>\n<li><span style=\"color: rgb(75, 80, 88);\">4x Tekopper<\/span><\/li>\n<\/ul>\n<p><span style=\"color: rgb(75, 80, 88);\">Produktspesifikasjoner:<\/span><\/p>\n<ul>\n<li><span style=\"color: rgb(75, 80, 88);\">Materiale: Keramikk (h\u00e5ndvask anbefales)<\/span><\/li>\n<li><span style=\"color: rgb(75, 80, 88);\">Tekannekapasitet: 200 ml (6,8 v\u00e6ske) unser)<\/span><\/li>\n<li><span style=\"color: rgb(75, 80, 88);\">Koppkapasitet: 30 ml (1 fluid ounce)<\/span><\/li>\n<li><span style=\"color: rgb(75, 80, 88);\">T\u00e5ler oppvaskmaskin: Anbefales ikke<\/span><\/li>\n<li><span style=\"color: rgb(75, 80, 88);\">Mikrob\u00f8lgeovnssikker: Anbefales ikke<\/span><\/li>\n<\/ul>\n<p><span style=\"color: rgb(75, 80, 88);\">Fyll opp lageret i dag for \u00e5 tilby kundene dine en sjarmerende teopplevelse de vil elske!<\/span><\/p>\n","protected":false},"excerpt":{"rendered":"<p>L\u00f8ft produktutvalget ditt med det fengslende Herbal Blues tekannesettet. Dette elegante settet er ideelt for teentusiaster, og inkluderer en vakkert laget tekanne og fire matchende kopper. Tekannen har en blank bl\u00e5 finish med delikate, kunstneriske gradienter som skaper et rolig og raffinert utseende. Det ergonomiske h\u00e5ndtaket og den perfekt formede tuten sikrer en jevn og [&hellip;]<\/p>\n","protected":false},"featured_media":379721,"comment_status":"closed","ping_status":"open","template":"","meta":{"_angie_page":false},"product_brand":[],"product_cat":[8394,10420,8541,26716],"product_tag":[],"class_list":{"0":"post-208149","1":"product","2":"type-product","3":"status-publish","4":"has-post-thumbnail","6":"product_cat-hjem-og-hage","7":"product_cat-kjokken-og-tilbehor","8":"product_cat-te-og-teutstyr","9":"product_cat-tekanner-og-tekopper","10":"pa_collection-herbal-teapot-sets-no","11":"pa_made-in-kina","13":"first","14":"instock","15":"purchasable","16":"product-type-simple"},"supplier_id":null,"supplier_sku":"TeaP-24","barcode":null,"atum_controlled":true,"out_stock_date":null,"out_stock_threshold":null,"inheritable":false,"inbound_stock":null,"stock_on_hold":0,"sold_today":0,"sales_last_days":0,"reserved_stock":null,"customer_returns":null,"warehouse_damage":null,"lost_in_post":null,"other_logs":null,"out_stock_days":0,"lost_sales":0,"has_location":null,"update_date":"2026-04-27T07:24:30","atum_locations":[],"atum_stock_status":"instock","restock_status":false,"low_stock_amount":"","sales_update_date":"2025-09-04T00:30:32","calc_backorders":null,"_links":{"self":[{"href":"https:\/\/aromasentia.com\/no\/wp-json\/wp\/v2\/product\/208149","targetHints":{"allow":["GET"]}}],"collection":[{"href":"https:\/\/aromasentia.com\/no\/wp-json\/wp\/v2\/product"}],"about":[{"href":"https:\/\/aromasentia.com\/no\/wp-json\/wp\/v2\/types\/product"}],"replies":[{"embeddable":true,"href":"https:\/\/aromasentia.com\/no\/wp-json\/wp\/v2\/comments?post=208149"}],"version-history":[{"count":0,"href":"https:\/\/aromasentia.com\/no\/wp-json\/wp\/v2\/product\/208149\/revisions"}],"wp:featuredmedia":[{"embeddable":true,"href":"https:\/\/aromasentia.com\/no\/wp-json\/wp\/v2\/media\/379721"}],"wp:attachment":[{"href":"https:\/\/aromasentia.com\/no\/wp-json\/wp\/v2\/media?parent=208149"}],"wp:term":[{"taxonomy":"product_brand","embeddable":true,"href":"https:\/\/aromasentia.com\/no\/wp-json\/wp\/v2\/product_brand?post=208149"},{"taxonomy":"product_cat","embeddable":true,"href":"https:\/\/aromasentia.com\/no\/wp-json\/wp\/v2\/product_cat?post=208149"},{"taxonomy":"product_tag","embeddable":true,"href":"https:\/\/aromasentia.com\/no\/wp-json\/wp\/v2\/product_tag?post=208149"}],"curies":[{"name":"wp","href":"https:\/\/api.w.org\/{rel}","templated":true}]}}