{"id":208148,"date":"2025-03-22T16:06:20","date_gmt":"2025-03-22T16:06:20","guid":{"rendered":"https:\/\/aromasentia.com\/product\/herbal-orange-teapot-set-pot-four-cups\/"},"modified":"2025-05-31T04:43:57","modified_gmt":"2025-05-31T04:43:57","slug":"herbal-orange-tekanne-sett-kanne-og-fire-kopper","status":"publish","type":"product","link":"https:\/\/aromasentia.com\/no\/herbal-orange-tekanne-sett-kanne-og-fire-kopper\/","title":{"rendered":"Herbal Orange Tekanne Sett &#8211; Kanne Og Fire Kopper"},"content":{"rendered":"<p><span style=\"color: rgb(75, 80, 88);\">Appeller til sofistikerte teelskere med v\u00e5rt livlige urte-oransje tekannesett, et fantastisk tilskudd til enhver butikk som prioriterer b\u00e5de kvalitet og stil. Dette herlige settet er laget for \u00e5 tiltrekke seg kunder som setter pris p\u00e5 en blanding av funksjonalitet og visuell sjarm, noe som gj\u00f8r det til et utmerket valg for varelageret ditt.<\/span><\/p>\n<p><span style=\"color: rgb(75, 80, 88);\">Settet inkluderer en tekanne designet for \u00e5 ligne en fyldig appelsin, sammen med fire matchende kopper som har et teksturert appelsinskallm\u00f8nster.<\/span><\/p>\n<p><span style=\"color: rgb(75, 80, 88);\">Med sitt lyse og lekne design skiller dette settet seg ut i ethvert detaljhandelsmilj\u00f8, fra koselige boutiquebutikker til st\u00f8rre varer.<\/span><\/p>\n<p><span style=\"color: rgb(75, 80, 88);\">Settet inkluderer:<\/span><\/p>\n<ul>\n<li><span style=\"color: rgb(75, 80, 88);\">1x Tekanne<\/span><\/li>\n<li><span style=\"color: rgb(75, 80, 88);\">4x Tekopper<\/span><\/li>\n<\/ul>\n<p><span style=\"color: rgb(75, 80, 88);\">Produktspesifikasjoner:<\/span><\/p>\n<ul>\n<li><span style=\"color: rgb(75, 80, 88);\">Materiale: Keramikk (h\u00e5ndvask anbefales)<\/span><\/li>\n<li><span style=\"color: rgb(75, 80, 88);\">Tekannekapasitet: 200 ml (6,8 fluid ounces)<\/span><\/li>\n<li><span style=\"color: rgb(75, 80, 88);\">Koppkapasitet: 50 ml (1,7 fluid ounces)<\/span><\/li>\n<li><span style=\"color: rgb(75, 80, 88);\">T\u00e5ler oppvaskmaskin: Anbefales ikke<\/span><\/li>\n<li><span style=\"color: rgb(75, 80, 88);\">Mikrob\u00f8lgeovnsikker: Anbefales ikke<\/span><\/li>\n<\/ul>\n<p><span style=\"color: rgb(75, 80, 88);\">Hent opp lageret i dag for \u00e5 tilby kundene dine en herlig og unik teopplevelse de vil elske.<\/span><\/p>\n","protected":false},"excerpt":{"rendered":"<p>Appeller til sofistikerte teelskere med v\u00e5rt livlige urte-oransje tekannesett, et fantastisk tilskudd til enhver butikk som prioriterer b\u00e5de kvalitet og stil. Dette herlige settet er laget for \u00e5 tiltrekke seg kunder som setter pris p\u00e5 en blanding av funksjonalitet og visuell sjarm, noe som gj\u00f8r det til et utmerket valg for varelageret ditt. Settet inkluderer [&hellip;]<\/p>\n","protected":false},"featured_media":379672,"comment_status":"closed","ping_status":"open","template":"","meta":{"_angie_page":false},"product_brand":[],"product_cat":[8394,10420,8541,26716],"product_tag":[],"class_list":{"0":"post-208148","1":"product","2":"type-product","3":"status-publish","4":"has-post-thumbnail","6":"product_cat-hjem-og-hage","7":"product_cat-kjokken-og-tilbehor","8":"product_cat-te-og-teutstyr","9":"product_cat-tekanner-og-tekopper","10":"pa_collection-herbal-teapot-sets-no","11":"pa_made-in-kina","13":"first","14":"instock","15":"purchasable","16":"product-type-simple"},"supplier_id":null,"supplier_sku":"TeaP-23","barcode":null,"atum_controlled":true,"out_stock_date":null,"out_stock_threshold":null,"inheritable":false,"inbound_stock":null,"stock_on_hold":0,"sold_today":0,"sales_last_days":0,"reserved_stock":null,"customer_returns":null,"warehouse_damage":null,"lost_in_post":null,"other_logs":null,"out_stock_days":0,"lost_sales":0,"has_location":null,"update_date":"2026-04-27T07:24:30","atum_locations":[],"atum_stock_status":"instock","restock_status":false,"low_stock_amount":"","sales_update_date":"2025-09-04T00:30:32","calc_backorders":null,"_links":{"self":[{"href":"https:\/\/aromasentia.com\/no\/wp-json\/wp\/v2\/product\/208148","targetHints":{"allow":["GET"]}}],"collection":[{"href":"https:\/\/aromasentia.com\/no\/wp-json\/wp\/v2\/product"}],"about":[{"href":"https:\/\/aromasentia.com\/no\/wp-json\/wp\/v2\/types\/product"}],"replies":[{"embeddable":true,"href":"https:\/\/aromasentia.com\/no\/wp-json\/wp\/v2\/comments?post=208148"}],"version-history":[{"count":0,"href":"https:\/\/aromasentia.com\/no\/wp-json\/wp\/v2\/product\/208148\/revisions"}],"wp:featuredmedia":[{"embeddable":true,"href":"https:\/\/aromasentia.com\/no\/wp-json\/wp\/v2\/media\/379672"}],"wp:attachment":[{"href":"https:\/\/aromasentia.com\/no\/wp-json\/wp\/v2\/media?parent=208148"}],"wp:term":[{"taxonomy":"product_brand","embeddable":true,"href":"https:\/\/aromasentia.com\/no\/wp-json\/wp\/v2\/product_brand?post=208148"},{"taxonomy":"product_cat","embeddable":true,"href":"https:\/\/aromasentia.com\/no\/wp-json\/wp\/v2\/product_cat?post=208148"},{"taxonomy":"product_tag","embeddable":true,"href":"https:\/\/aromasentia.com\/no\/wp-json\/wp\/v2\/product_tag?post=208148"}],"curies":[{"name":"wp","href":"https:\/\/api.w.org\/{rel}","templated":true}]}}