{"id":208147,"date":"2025-03-22T16:06:20","date_gmt":"2025-03-22T16:06:20","guid":{"rendered":"https:\/\/aromasentia.com\/product\/kung-fu-panda-teapot-set-two-cups-travel-pack\/"},"modified":"2025-05-31T04:43:52","modified_gmt":"2025-05-31T04:43:52","slug":"kung-fu-panda-tekanne-sett-to-kopper-reisepakke","status":"publish","type":"product","link":"https:\/\/aromasentia.com\/no\/kung-fu-panda-tekanne-sett-to-kopper-reisepakke\/","title":{"rendered":"Kung Fu Panda Tekanne Sett &#8211; To Kopper &#8211; Reisepakke"},"content":{"rendered":"<p><span style=\"color: rgb(75, 80, 88);\">Introduser et lekent og sjarmerende tillegg til butikktilbudet ditt med <strong>Kung Fu Panda tekannesettet<\/strong>. Dette s\u00f8te settet er perfekt designet for teelskere, og inkluderer en unikt laget tekanne og to matchende kopper, alt pent pakket i et<strong>&nbsp;stilig reiseetui<\/strong>.<\/span><\/p>\n<p><span style=\"color: rgb(75, 80, 88);\">Tekannen har et herlig pandansikt, komplett med uttrykksfulle \u00f8yne og et vennlig smil. Lokket ligner en tradisjonell kinesisk hatt i en gyllen farge, noe som gir et snev av kulturell sjarm. H\u00e5ndtakene er utsmykket med s\u00f8te panda-poteavtrykk, noe som forsterker det lekne designet. I tillegg har tekannen en avtakbar tetrakt i rustfritt st\u00e5l, noe som gj\u00f8r det enkelt \u00e5 brygge l\u00f8se teblader og rengj\u00f8re etterp\u00e5.<\/span><\/p>\n<p><span style=\"color: rgb(75, 80, 88);\">Begge koppene har hevede panda-poteavtrykk p\u00e5 utsiden av bunnen. Den hvite koppen har en hvit pandapote, mens den svarte koppen ogs\u00e5 har en hvit pandapote. Disse hevede potene gir ikke bare et finurlig preg, men lar ogs\u00e5 koppene st\u00e5 p\u00e5 potene, noe som skaper en engasjerende og morsom teopplevelse.<\/span><\/p>\n<p><span style=\"color: rgb(75, 80, 88);\">Settet leveres med et livlig oransje reiseetui, designet for enkel transport og oppbevaring. Etuiet er laget av slitesterkt materiale med hvite s\u00f8mmer for ekstra styrke og estetisk appell, og har sikre trykknapper p\u00e5 sidene. Innsiden er etuiet foret med et mykt, polstret materiale for \u00e5 beskytte tekannen og koppene mot skade.<\/span><\/p>\n<p><span style=\"color: rgb(75, 80, 88);\"><strong>Settet inkluderer:<\/strong><\/span><\/p>\n<ul>\n<li><span style=\"color: rgb(75, 80, 88);\"><em>1x Tekanne med teinfuser<\/em><\/span><\/li>\n<li><em><span style=\"color: rgb(75, 80, 88);\">2x Tekopper<\/span><\/em><\/li>\n<li><span style=\"color: rgb(75, 80, 88);\"><em>1x Reiseetui<\/em><\/span><\/li>\n<\/ul>\n<p><span style=\"color: rgb(75, 80, 88);\"><strong>Produktspesifikasjoner:<\/strong><\/span><\/p>\n<ul>\n<li><span style=\"color: rgb(75, 80, 88);\"><em>Materiale: Keramikk, rustfritt st\u00e5l (h\u00e5ndvask anbefales)<\/em><\/span><\/li>\n<li><em><span style=\"color: rgb(75, 80, 88);\">Tekannekapasitet: ca. 210 ml (omtrent 7,1 fluid ounces)<\/span><\/em><\/li>\n<li><em><span style=\"color: rgb(75, 80, 88);\">Koppkapasitet: ca. 50 ml (omtrent 1,7 fluid ounces)<\/span><\/em><\/li>\n<li><em><span style=\"color: rgb(75, 80, 88);\">T\u00e5ler oppvaskmaskin: Anbefales ikke<\/span><\/em><\/li>\n<li><span style=\"color: rgb(75, 80, 88);\"><em>Mikrob\u00f8lgeovnssikker: Anbefales ikke<\/em><\/span><\/li>\n<\/ul>\n<p><span style=\"color: rgb(75, 80, 88);\">Legg til i portef\u00f8ljen din eller fyll p\u00e5 med te n\u00e5 for \u00e5 tilby kundene dine en herlig teopplevelse de vil sette pris p\u00e5.<\/span><\/p>\n","protected":false},"excerpt":{"rendered":"<p>Introduser et lekent og sjarmerende tillegg til butikktilbudet ditt med Kung Fu Panda tekannesettet. Dette s\u00f8te settet er perfekt designet for teelskere, og inkluderer en unikt laget tekanne og to matchende kopper, alt pent pakket i et&nbsp;stilig reiseetui. Tekannen har et herlig pandansikt, komplett med uttrykksfulle \u00f8yne og et vennlig smil. Lokket ligner en tradisjonell [&hellip;]<\/p>\n","protected":false},"featured_media":379615,"comment_status":"closed","ping_status":"open","template":"","meta":[],"product_brand":[],"product_cat":[8394,10420,8541,26716],"product_tag":[],"class_list":{"0":"post-208147","1":"product","2":"type-product","3":"status-publish","4":"has-post-thumbnail","6":"product_cat-hjem-og-hage","7":"product_cat-kjokken-og-tilbehor","8":"product_cat-te-og-teutstyr","9":"product_cat-tekanner-og-tekopper","10":"pa_collection-herbal-teapot-sets-no","11":"pa_made-in-kina","13":"first","14":"instock","15":"purchasable","16":"product-type-simple"},"supplier_id":null,"supplier_sku":"TeaP-31","barcode":null,"atum_controlled":true,"out_stock_date":null,"out_stock_threshold":null,"inheritable":false,"inbound_stock":null,"stock_on_hold":0,"sold_today":0,"sales_last_days":0,"reserved_stock":null,"customer_returns":null,"warehouse_damage":null,"lost_in_post":null,"other_logs":null,"out_stock_days":0,"lost_sales":0,"has_location":null,"update_date":"2026-02-11T08:32:11","atum_locations":[],"atum_stock_status":"instock","restock_status":false,"low_stock_amount":"","sales_update_date":"2025-09-04T00:30:32","calc_backorders":null,"_links":{"self":[{"href":"https:\/\/aromasentia.com\/no\/wp-json\/wp\/v2\/product\/208147","targetHints":{"allow":["GET"]}}],"collection":[{"href":"https:\/\/aromasentia.com\/no\/wp-json\/wp\/v2\/product"}],"about":[{"href":"https:\/\/aromasentia.com\/no\/wp-json\/wp\/v2\/types\/product"}],"replies":[{"embeddable":true,"href":"https:\/\/aromasentia.com\/no\/wp-json\/wp\/v2\/comments?post=208147"}],"version-history":[{"count":0,"href":"https:\/\/aromasentia.com\/no\/wp-json\/wp\/v2\/product\/208147\/revisions"}],"wp:featuredmedia":[{"embeddable":true,"href":"https:\/\/aromasentia.com\/no\/wp-json\/wp\/v2\/media\/379615"}],"wp:attachment":[{"href":"https:\/\/aromasentia.com\/no\/wp-json\/wp\/v2\/media?parent=208147"}],"wp:term":[{"taxonomy":"product_brand","embeddable":true,"href":"https:\/\/aromasentia.com\/no\/wp-json\/wp\/v2\/product_brand?post=208147"},{"taxonomy":"product_cat","embeddable":true,"href":"https:\/\/aromasentia.com\/no\/wp-json\/wp\/v2\/product_cat?post=208147"},{"taxonomy":"product_tag","embeddable":true,"href":"https:\/\/aromasentia.com\/no\/wp-json\/wp\/v2\/product_tag?post=208147"}],"curies":[{"name":"wp","href":"https:\/\/api.w.org\/{rel}","templated":true}]}}