{"id":208146,"date":"2025-03-22T16:06:20","date_gmt":"2025-03-22T16:06:20","guid":{"rendered":"https:\/\/aromasentia.com\/product\/herbal-black-glaze-teapot-set-pot-two-cups\/"},"modified":"2025-05-31T04:43:44","modified_gmt":"2025-05-31T04:43:44","slug":"herbal-black-glaze-tekanne-sett-kanne-og-to-kopper","status":"publish","type":"product","link":"https:\/\/aromasentia.com\/no\/herbal-black-glaze-tekanne-sett-kanne-og-to-kopper\/","title":{"rendered":"Herbal Black Glaze Tekanne Sett &#8211; Kanne Og To Kopper"},"content":{"rendered":"<p><span style=\"color: rgb(75, 80, 88);\">Fortryll kundene dine med det sofistikerte <strong>Herbal Black Glaze tekannesettet<\/strong>, en perfekt blanding av eleganse og funksjonalitet. Dette uts\u00f8kte settet inkluderer en vakkert laget tekanne og to matchende kopper, ideelt for teentusiaster som s\u00f8ker en raffinert teopplevelse.<\/span><\/p>\n<p><span style=\"color: rgb(75, 80, 88);\">Tekannen har en fantastisk svart glasur med kunstneriske, teksturerte detaljer som gir et snev av raffinement. Den glatte overflaten og det ergonomiske h\u00e5ndtaket sikrer en komfortabel og stilig helleopplevelse. Settet inkluderer ogs\u00e5 to matchende kopper, hver med et unikt svart glasurinnlegg som komplementerer tekannen.<\/span><\/p>\n<p><span style=\"color: rgb(75, 80, 88);\"><strong>Settet inneholder:<\/strong><\/span><\/p>\n<ul>\n<li><span style=\"color: rgb(75, 80, 88);\"><em>1x Tekanne<\/em><\/span><\/li>\n<li><span style=\"color: rgb(75, 80, 88);\"><em>2x Tekopper<\/em><\/span><\/li>\n<\/ul>\n<p><span style=\"color: rgb(75, 80, 88);\"><strong>Produktspesifikasjoner:<\/strong><\/span><\/p>\n<ul>\n<li><span style=\"color: rgb(75, 80, 88);\"><em>Materiale: Keramikk (H\u00e5ndvask anbefales)<\/em><\/span><\/li>\n<li><em><span style=\"color: rgb(75, 80, 88);\">Tekannekapasitet: ca. 200 ml (omtrent 6,8 fluid ounces)<\/span><\/em><\/li>\n<li><em><span style=\"color: rgb(75, 80, 88);\">Koppkapasitet: ca. 50 ml (omtrent 1,7 fluid ounces)<\/span><\/em><\/li>\n<li><em><span style=\"color: rgb(75, 80, 88);\">Oppvaskmaskinsikker: Anbefales ikke<\/span><\/em><\/li>\n<li><em><span style=\"color: rgb(75, 80, 88);\">Mikrob\u00f8lgeovnsikker: Anbefales ikke<\/span><\/em><\/li>\n<\/ul>\n<p><span style=\"color: rgb(75, 80, 88);\"><em>Legg til i portef\u00f8ljen din eller fyll p\u00e5 lageret n\u00e5 for \u00e5 <\/em>tilby kundene dine en herlig teopplevelse de vil sette pris p\u00e5.<\/span><\/p>\n","protected":false},"excerpt":{"rendered":"<p>Fortryll kundene dine med det sofistikerte Herbal Black Glaze tekannesettet, en perfekt blanding av eleganse og funksjonalitet. Dette uts\u00f8kte settet inkluderer en vakkert laget tekanne og to matchende kopper, ideelt for teentusiaster som s\u00f8ker en raffinert teopplevelse. Tekannen har en fantastisk svart glasur med kunstneriske, teksturerte detaljer som gir et snev av raffinement. Den glatte [&hellip;]<\/p>\n","protected":false},"featured_media":379566,"comment_status":"closed","ping_status":"open","template":"","meta":{"_angie_page":false},"product_brand":[],"product_cat":[8394,10420,8541,26716],"product_tag":[],"class_list":{"0":"post-208146","1":"product","2":"type-product","3":"status-publish","4":"has-post-thumbnail","6":"product_cat-hjem-og-hage","7":"product_cat-kjokken-og-tilbehor","8":"product_cat-te-og-teutstyr","9":"product_cat-tekanner-og-tekopper","10":"pa_collection-herbal-teapot-sets-no","11":"pa_made-in-kina","13":"first","14":"instock","15":"purchasable","16":"product-type-simple"},"supplier_id":null,"supplier_sku":"TeaP-25","barcode":null,"atum_controlled":true,"out_stock_date":null,"out_stock_threshold":null,"inheritable":false,"inbound_stock":null,"stock_on_hold":0,"sold_today":0,"sales_last_days":0,"reserved_stock":null,"customer_returns":null,"warehouse_damage":null,"lost_in_post":null,"other_logs":null,"out_stock_days":0,"lost_sales":0,"has_location":null,"update_date":"2026-05-04T00:04:59","atum_locations":[],"atum_stock_status":"instock","restock_status":false,"low_stock_amount":"","sales_update_date":"2025-09-04T00:30:32","calc_backorders":null,"_links":{"self":[{"href":"https:\/\/aromasentia.com\/no\/wp-json\/wp\/v2\/product\/208146","targetHints":{"allow":["GET"]}}],"collection":[{"href":"https:\/\/aromasentia.com\/no\/wp-json\/wp\/v2\/product"}],"about":[{"href":"https:\/\/aromasentia.com\/no\/wp-json\/wp\/v2\/types\/product"}],"replies":[{"embeddable":true,"href":"https:\/\/aromasentia.com\/no\/wp-json\/wp\/v2\/comments?post=208146"}],"version-history":[{"count":0,"href":"https:\/\/aromasentia.com\/no\/wp-json\/wp\/v2\/product\/208146\/revisions"}],"wp:featuredmedia":[{"embeddable":true,"href":"https:\/\/aromasentia.com\/no\/wp-json\/wp\/v2\/media\/379566"}],"wp:attachment":[{"href":"https:\/\/aromasentia.com\/no\/wp-json\/wp\/v2\/media?parent=208146"}],"wp:term":[{"taxonomy":"product_brand","embeddable":true,"href":"https:\/\/aromasentia.com\/no\/wp-json\/wp\/v2\/product_brand?post=208146"},{"taxonomy":"product_cat","embeddable":true,"href":"https:\/\/aromasentia.com\/no\/wp-json\/wp\/v2\/product_cat?post=208146"},{"taxonomy":"product_tag","embeddable":true,"href":"https:\/\/aromasentia.com\/no\/wp-json\/wp\/v2\/product_tag?post=208146"}],"curies":[{"name":"wp","href":"https:\/\/api.w.org\/{rel}","templated":true}]}}