{"id":208142,"date":"2025-03-22T16:06:20","date_gmt":"2025-03-22T16:06:20","guid":{"rendered":"https:\/\/aromasentia.com\/product\/herbal-tea-cups-blue-pattern\/"},"modified":"2025-05-31T04:43:33","modified_gmt":"2025-05-31T04:43:33","slug":"tekopper-blatt-monster","status":"publish","type":"product","link":"https:\/\/aromasentia.com\/no\/tekopper-blatt-monster\/","title":{"rendered":"Tekopper &#8211; Bl\u00e5tt M\u00f8nster"},"content":{"rendered":"<p><span style=\"color: rgb(75, 80, 88);\"><strong>Dykk ned i en verden av fortryllende teopplevelser med v\u00e5r kolleksjon av urtetekopper.<\/strong><\/span><\/p>\n<p><span style=\"color: rgb(75, 80, 88);\">Laget av slitesterk keramikk, rommer hver kopp 190 ml v\u00e6ske, selges i praktiske sett p\u00e5 6, noe som gir deg fleksibiliteten til \u00e5 tilby dem individuelt eller i tilpassede mengder, slik at kundene dine kan kuratere sine egne unike tekolleksjoner.<\/span><\/p>\n<p><span style=\"color: rgb(75, 80, 88);\"><strong>Designet for \u00e5 forbedre b\u00e5de de estetiske og sensoriske aspektene ved te-drikkeritualet.<\/strong>Et must-have for enhver forhandler som \u00f8nsker \u00e5 gi kundene sine en herlig teopplevelse. &nbsp;<\/span><\/p>\n<p><strong><span style=\"color: rgb(75, 80, 88);\">Nyt roen med det bl\u00e5 m\u00f8nsterdesignet.<\/span><\/strong><span style=\"color: rgb(75, 80, 88);\">&nbsp;Beroligende og stilig, hver kopp er utsmykket med milde bl\u00e5 design som l\u00f8fter teopplevelsen og gj\u00f8r hvert \u00f8yeblikk til en fredelig og visuelt tiltalende aff\u00e6re.<\/span> <\/p>\n<p><span style=\"color: rgb(75, 80, 88);\"><strong>Produktm\u00e5l:&nbsp;<\/strong><\/span><\/p>\n<p><span style=\"color: rgb(75, 80, 88);\"><em>Ca. 8 cm h\u00f8y x 6,5 cm diameter.&nbsp;<\/em><\/span><\/p>\n<p><span style=\"color: rgb(75, 80, 88);\"><strong>Volum:&nbsp;<\/strong><em>Ca. 190 ml.<\/p>\n","protected":false},"excerpt":{"rendered":"<p>Dykk ned i en verden av fortryllende teopplevelser med v\u00e5r kolleksjon av urtetekopper. Laget av slitesterk keramikk, rommer hver kopp 190 ml v\u00e6ske, selges i praktiske sett p\u00e5 6, noe som gir deg fleksibiliteten til \u00e5 tilby dem individuelt eller i tilpassede mengder, slik at kundene dine kan kuratere sine egne unike tekolleksjoner. Designet for [&hellip;]<\/p>\n","protected":false},"featured_media":379522,"comment_status":"closed","ping_status":"open","template":"","meta":{"_angie_page":false},"product_brand":[],"product_cat":[8394,10420,8541,26716],"product_tag":[],"class_list":{"0":"post-208142","1":"product","2":"type-product","3":"status-publish","4":"has-post-thumbnail","6":"product_cat-hjem-og-hage","7":"product_cat-kjokken-og-tilbehor","8":"product_cat-te-og-teutstyr","9":"product_cat-tekanner-og-tekopper","10":"pa_collection-herbal-teapot-sets-no","11":"pa_made-in-kina","13":"first","14":"instock","15":"purchasable","16":"product-type-simple"},"supplier_id":null,"supplier_sku":"TeaP-19","barcode":null,"atum_controlled":true,"out_stock_date":null,"out_stock_threshold":null,"inheritable":false,"inbound_stock":null,"stock_on_hold":0,"sold_today":0,"sales_last_days":0,"reserved_stock":null,"customer_returns":null,"warehouse_damage":null,"lost_in_post":null,"other_logs":null,"out_stock_days":0,"lost_sales":0,"has_location":null,"update_date":"2026-04-27T07:24:30","atum_locations":[],"atum_stock_status":"instock","restock_status":false,"low_stock_amount":"","sales_update_date":"2025-09-04T00:30:31","calc_backorders":null,"_links":{"self":[{"href":"https:\/\/aromasentia.com\/no\/wp-json\/wp\/v2\/product\/208142","targetHints":{"allow":["GET"]}}],"collection":[{"href":"https:\/\/aromasentia.com\/no\/wp-json\/wp\/v2\/product"}],"about":[{"href":"https:\/\/aromasentia.com\/no\/wp-json\/wp\/v2\/types\/product"}],"replies":[{"embeddable":true,"href":"https:\/\/aromasentia.com\/no\/wp-json\/wp\/v2\/comments?post=208142"}],"version-history":[{"count":0,"href":"https:\/\/aromasentia.com\/no\/wp-json\/wp\/v2\/product\/208142\/revisions"}],"wp:featuredmedia":[{"embeddable":true,"href":"https:\/\/aromasentia.com\/no\/wp-json\/wp\/v2\/media\/379522"}],"wp:attachment":[{"href":"https:\/\/aromasentia.com\/no\/wp-json\/wp\/v2\/media?parent=208142"}],"wp:term":[{"taxonomy":"product_brand","embeddable":true,"href":"https:\/\/aromasentia.com\/no\/wp-json\/wp\/v2\/product_brand?post=208142"},{"taxonomy":"product_cat","embeddable":true,"href":"https:\/\/aromasentia.com\/no\/wp-json\/wp\/v2\/product_cat?post=208142"},{"taxonomy":"product_tag","embeddable":true,"href":"https:\/\/aromasentia.com\/no\/wp-json\/wp\/v2\/product_tag?post=208142"}],"curies":[{"name":"wp","href":"https:\/\/api.w.org\/{rel}","templated":true}]}}