{"id":208137,"date":"2025-03-22T16:06:20","date_gmt":"2025-03-22T16:06:20","guid":{"rendered":"https:\/\/aromasentia.com\/product\/small-herbal-teapot-green-daisy\/"},"modified":"2025-05-31T04:43:18","modified_gmt":"2025-05-31T04:43:18","slug":"tekanne-green-daisy-liten","status":"publish","type":"product","link":"https:\/\/aromasentia.com\/no\/tekanne-green-daisy-liten\/","title":{"rendered":"Tekanne &#8211; Green Daisy Liten"},"content":{"rendered":"<p><span style=\"color: rgb(75, 80, 88);\"><strong>Vi presenterer v\u00e5r lille urtetekanne \u2013 Gr\u00f8nne tusenfryd, et trendy tilskudd til butikkens kolleksjon.<\/strong><\/span> <span style=\"color: rgb(75, 80, 88);\"><br \/><\/span><\/p>\n<p><span style=\"color: rgb(75, 80, 88);\">Denne tekannen har en metallsil i lokket, noe som gir teentusiaster en herlig og <strong>milj\u00f8vennlig<\/strong> bryggeopplevelse. &nbsp;<\/span><\/p>\n<p><span style=\"color: rgb(75, 80, 88);\">Gi kundene dine muligheten til \u00e5 nyte te uten teposer og bidra til \u00e5 redde jorden. Perfekt som innflytningsgave, et must-have for spesialteer.<\/span><\/p>\n<p><span style=\"color: rgb(75, 80, 88);\"><strong>Blomst inn i den forfriskende sjarmen til v\u00e5r gr\u00f8nne tusenfrydtekanne.<\/strong> Det lekne tusenfrydm\u00f8nsteret bringer et snev av natur innend\u00f8rs, noe som gj\u00f8r tetiden til en foryngende opplevelse. Legg til et snev av livlig sjarm til tilbudet ditt med dette herlige og oppl\u00f8ftende designet.<\/span> <\/p>\n<p><span style=\"color: rgb(75, 80, 88);\"><strong>Produktm\u00e5l:<\/strong><\/span><\/p>\n<p><span style=\"color: rgb(75, 80, 88);\"><em>Ca. 11 cm h\u00f8y, 11 cm diameter, 17 cm bred med tut.<\/em><\/span><\/p>\n<p><span style=\"color: rgb(75, 80, 88);\"><em>Volum: Ca. 350 ml.<\/em><\/span><\/p>\n","protected":false},"excerpt":{"rendered":"<p>Vi presenterer v\u00e5r lille urtetekanne \u2013 Gr\u00f8nne tusenfryd, et trendy tilskudd til butikkens kolleksjon. Denne tekannen har en metallsil i lokket, noe som gir teentusiaster en herlig og milj\u00f8vennlig bryggeopplevelse. &nbsp; Gi kundene dine muligheten til \u00e5 nyte te uten teposer og bidra til \u00e5 redde jorden. Perfekt som innflytningsgave, et must-have for spesialteer. Blomst [&hellip;]<\/p>\n","protected":false},"featured_media":379453,"comment_status":"closed","ping_status":"open","template":"","meta":{"_angie_page":false},"product_brand":[],"product_cat":[8394,10420,8541,26716],"product_tag":[],"class_list":{"0":"post-208137","1":"product","2":"type-product","3":"status-publish","4":"has-post-thumbnail","6":"product_cat-hjem-og-hage","7":"product_cat-kjokken-og-tilbehor","8":"product_cat-te-og-teutstyr","9":"product_cat-tekanner-og-tekopper","10":"pa_collection-herbal-teapot-sets-no","11":"pa_made-in-kina","13":"first","14":"instock","15":"purchasable","16":"product-type-simple"},"supplier_id":null,"supplier_sku":"TeaP-14","barcode":null,"atum_controlled":true,"out_stock_date":null,"out_stock_threshold":null,"inheritable":false,"inbound_stock":null,"stock_on_hold":0,"sold_today":0,"sales_last_days":0,"reserved_stock":null,"customer_returns":null,"warehouse_damage":null,"lost_in_post":null,"other_logs":null,"out_stock_days":0,"lost_sales":0,"has_location":null,"update_date":"2026-04-27T19:08:53","atum_locations":[],"atum_stock_status":"instock","restock_status":false,"low_stock_amount":"","sales_update_date":"2025-09-04T00:30:28","calc_backorders":null,"_links":{"self":[{"href":"https:\/\/aromasentia.com\/no\/wp-json\/wp\/v2\/product\/208137","targetHints":{"allow":["GET"]}}],"collection":[{"href":"https:\/\/aromasentia.com\/no\/wp-json\/wp\/v2\/product"}],"about":[{"href":"https:\/\/aromasentia.com\/no\/wp-json\/wp\/v2\/types\/product"}],"replies":[{"embeddable":true,"href":"https:\/\/aromasentia.com\/no\/wp-json\/wp\/v2\/comments?post=208137"}],"version-history":[{"count":0,"href":"https:\/\/aromasentia.com\/no\/wp-json\/wp\/v2\/product\/208137\/revisions"}],"wp:featuredmedia":[{"embeddable":true,"href":"https:\/\/aromasentia.com\/no\/wp-json\/wp\/v2\/media\/379453"}],"wp:attachment":[{"href":"https:\/\/aromasentia.com\/no\/wp-json\/wp\/v2\/media?parent=208137"}],"wp:term":[{"taxonomy":"product_brand","embeddable":true,"href":"https:\/\/aromasentia.com\/no\/wp-json\/wp\/v2\/product_brand?post=208137"},{"taxonomy":"product_cat","embeddable":true,"href":"https:\/\/aromasentia.com\/no\/wp-json\/wp\/v2\/product_cat?post=208137"},{"taxonomy":"product_tag","embeddable":true,"href":"https:\/\/aromasentia.com\/no\/wp-json\/wp\/v2\/product_tag?post=208137"}],"curies":[{"name":"wp","href":"https:\/\/api.w.org\/{rel}","templated":true}]}}