{"id":208126,"date":"2025-03-22T16:06:20","date_gmt":"2025-03-22T16:06:20","guid":{"rendered":"https:\/\/aromasentia.com\/product\/herbal-teapot-set-butterflies\/"},"modified":"2025-05-31T04:42:41","modified_gmt":"2025-05-31T04:42:41","slug":"tekanne-sett-for-urter-sommerfugler","status":"publish","type":"product","link":"https:\/\/aromasentia.com\/no\/tekanne-sett-for-urter-sommerfugler\/","title":{"rendered":"Tekanne Sett For Urter &#8211; Sommerfugler"},"content":{"rendered":"<p><span style=\"color: rgb(75, 80, 88);\">Ettersom urtete og alt relatert er veldig trendy, er disse tekannene enkle \u00e5 vise frem og en perfekt gave til enhver teelsker.<\/span><\/p>\n<p><span style=\"color: rgb(75, 80, 88);\">Pakket i en gaveeske, en tekanne med en metallsil i lokket og seks matchende kopper. &nbsp;<\/span><\/p>\n<p><span style=\"color: rgb(75, 80, 88);\">Nydelige design \u00e5 velge mellom, og kundene dine kan lage te uten teposer og redde jorden.&nbsp;<\/span><\/p>\n<p><span style=\"color: rgb(75, 80, 88);\">Dette er virkelig din kopp te, og kundene dine vil elske den. En perfekt innflytningsgave. Hvis du selger spesialte, er det en viktig vare.<\/span><\/p>\n<p><span style=\"color: rgb(75, 80, 88);\">S\u00e5 \u00f8s deg litt ekstra salg og legg til produkttilbudet ditt i dag.<\/span><\/p>\n<p><span style=\"color: rgb(141, 186, 216);\"><strong>M\u00e5l: Tekanne, ca. 11 cm h\u00f8y (uten h\u00e5ndtak) 14,5 cm diameter, 17 cm bred med tut.<\/strong><\/span><\/p>\n<p><strong><span style=\"color: rgb(141, 186, 216);\">Kopper, ca. 8 cm h\u00f8ye x 6,5 cm diameter.<\/span><\/strong><\/p>\n<p><span style=\"color: rgb(141, 186, 216);\"><strong>Volum: Tekanne, ca. 850 ml Kopper, ca. 190 ml<\/strong><\/span><\/p>\n","protected":false},"excerpt":{"rendered":"<p>Ettersom urtete og alt relatert er veldig trendy, er disse tekannene enkle \u00e5 vise frem og en perfekt gave til enhver teelsker. Pakket i en gaveeske, en tekanne med en metallsil i lokket og seks matchende kopper. &nbsp; Nydelige design \u00e5 velge mellom, og kundene dine kan lage te uten teposer og redde jorden.&nbsp; Dette [&hellip;]<\/p>\n","protected":false},"featured_media":379010,"comment_status":"closed","ping_status":"open","template":"","meta":{"_angie_page":false},"product_brand":[],"product_cat":[8394,10420,8541,26716],"product_tag":[],"class_list":{"0":"post-208126","1":"product","2":"type-product","3":"status-publish","4":"has-post-thumbnail","6":"product_cat-hjem-og-hage","7":"product_cat-kjokken-og-tilbehor","8":"product_cat-te-og-teutstyr","9":"product_cat-tekanner-og-tekopper","10":"pa_collection-herbal-teapot-sets-no","11":"pa_made-in-kina","13":"first","14":"instock","15":"purchasable","16":"product-type-simple"},"supplier_id":null,"supplier_sku":"TeaP-02","barcode":null,"atum_controlled":true,"out_stock_date":null,"out_stock_threshold":null,"inheritable":false,"inbound_stock":null,"stock_on_hold":0,"sold_today":0,"sales_last_days":0,"reserved_stock":null,"customer_returns":null,"warehouse_damage":null,"lost_in_post":null,"other_logs":null,"out_stock_days":16,"lost_sales":0,"has_location":null,"update_date":"2026-04-27T07:24:23","atum_locations":[],"atum_stock_status":"instock","restock_status":false,"low_stock_amount":"","sales_update_date":"2026-02-06T00:01:20","calc_backorders":null,"_links":{"self":[{"href":"https:\/\/aromasentia.com\/no\/wp-json\/wp\/v2\/product\/208126","targetHints":{"allow":["GET"]}}],"collection":[{"href":"https:\/\/aromasentia.com\/no\/wp-json\/wp\/v2\/product"}],"about":[{"href":"https:\/\/aromasentia.com\/no\/wp-json\/wp\/v2\/types\/product"}],"replies":[{"embeddable":true,"href":"https:\/\/aromasentia.com\/no\/wp-json\/wp\/v2\/comments?post=208126"}],"version-history":[{"count":0,"href":"https:\/\/aromasentia.com\/no\/wp-json\/wp\/v2\/product\/208126\/revisions"}],"wp:featuredmedia":[{"embeddable":true,"href":"https:\/\/aromasentia.com\/no\/wp-json\/wp\/v2\/media\/379010"}],"wp:attachment":[{"href":"https:\/\/aromasentia.com\/no\/wp-json\/wp\/v2\/media?parent=208126"}],"wp:term":[{"taxonomy":"product_brand","embeddable":true,"href":"https:\/\/aromasentia.com\/no\/wp-json\/wp\/v2\/product_brand?post=208126"},{"taxonomy":"product_cat","embeddable":true,"href":"https:\/\/aromasentia.com\/no\/wp-json\/wp\/v2\/product_cat?post=208126"},{"taxonomy":"product_tag","embeddable":true,"href":"https:\/\/aromasentia.com\/no\/wp-json\/wp\/v2\/product_tag?post=208126"}],"curies":[{"name":"wp","href":"https:\/\/api.w.org\/{rel}","templated":true}]}}