{"id":208116,"date":"2025-03-22T16:06:31","date_gmt":"2025-03-22T16:06:31","guid":{"rendered":"https:\/\/aromasentia.com\/product\/yoga-lady-figure-bronze-silver-24cm\/"},"modified":"2025-05-31T04:42:10","modified_gmt":"2025-05-31T04:42:10","slug":"figur-av-yogadame-bronse-og-solv-24-cm","status":"publish","type":"product","link":"https:\/\/aromasentia.com\/no\/figur-av-yogadame-bronse-og-solv-24-cm\/","title":{"rendered":"Figur Av Yogadame &#8211; Bronse Og S\u00f8lv, 24 cm"},"content":{"rendered":"<p>H\u00e5ndlaget i Indonesia og vakkert dekorert harpiksfigur av Yoga Lady vil v\u00e6re en fin gave til enhver anledning, eller hvis du bare vil unne deg en nydelig hjemmedekorasjon.<\/p>\n<p>Yoga Lady-figurer vil v\u00e6re et fantastisk tilskudd til enhver hjemmekaf\u00e9 eller yogastudio.<\/p>\n<p>St\u00f8rrelse p\u00e5 figuren: lengde: 16 cm, bredde: 13 cm, h\u00f8yde: 24 cm<\/p>\n<p>H\u00c5NDLAGET &#8211; FAIR TRADE-GAVER &#8211; UVANLIGE GAVEIDEER &#8211; PYNT TIL HJEMMET<\/p>\n","protected":false},"excerpt":{"rendered":"<p>H\u00e5ndlaget i Indonesia og vakkert dekorert harpiksfigur av Yoga Lady vil v\u00e6re en fin gave til enhver anledning, eller hvis du bare vil unne deg en nydelig hjemmedekorasjon. Yoga Lady-figurer vil v\u00e6re et fantastisk tilskudd til enhver hjemmekaf\u00e9 eller yogastudio. St\u00f8rrelse p\u00e5 figuren: lengde: 16 cm, bredde: 13 cm, h\u00f8yde: 24 cm H\u00c5NDLAGET &#8211; FAIR [&hellip;]<\/p>\n","protected":false},"featured_media":384013,"comment_status":"closed","ping_status":"open","template":"","meta":{"_angie_page":false},"product_brand":[],"product_cat":[8394,10417],"product_tag":[],"class_list":{"0":"post-208116","1":"product","2":"type-product","3":"status-publish","4":"has-post-thumbnail","6":"product_cat-hjem-og-hage","7":"product_cat-statuetter-og-figurer","8":"pa_collection-yoga-lady-figures-no","9":"pa_made-in-indonesia","11":"first","12":"instock","13":"purchasable","14":"product-type-simple"},"supplier_id":null,"supplier_sku":"YogaL-02","barcode":null,"atum_controlled":true,"out_stock_date":null,"out_stock_threshold":null,"inheritable":false,"inbound_stock":null,"stock_on_hold":0,"sold_today":0,"sales_last_days":0,"reserved_stock":null,"customer_returns":null,"warehouse_damage":null,"lost_in_post":null,"other_logs":null,"out_stock_days":0,"lost_sales":0,"has_location":null,"update_date":"2026-04-27T07:27:36","atum_locations":[],"atum_stock_status":"instock","restock_status":false,"low_stock_amount":"","sales_update_date":"2026-02-06T00:01:20","calc_backorders":null,"_links":{"self":[{"href":"https:\/\/aromasentia.com\/no\/wp-json\/wp\/v2\/product\/208116","targetHints":{"allow":["GET"]}}],"collection":[{"href":"https:\/\/aromasentia.com\/no\/wp-json\/wp\/v2\/product"}],"about":[{"href":"https:\/\/aromasentia.com\/no\/wp-json\/wp\/v2\/types\/product"}],"replies":[{"embeddable":true,"href":"https:\/\/aromasentia.com\/no\/wp-json\/wp\/v2\/comments?post=208116"}],"version-history":[{"count":0,"href":"https:\/\/aromasentia.com\/no\/wp-json\/wp\/v2\/product\/208116\/revisions"}],"wp:featuredmedia":[{"embeddable":true,"href":"https:\/\/aromasentia.com\/no\/wp-json\/wp\/v2\/media\/384013"}],"wp:attachment":[{"href":"https:\/\/aromasentia.com\/no\/wp-json\/wp\/v2\/media?parent=208116"}],"wp:term":[{"taxonomy":"product_brand","embeddable":true,"href":"https:\/\/aromasentia.com\/no\/wp-json\/wp\/v2\/product_brand?post=208116"},{"taxonomy":"product_cat","embeddable":true,"href":"https:\/\/aromasentia.com\/no\/wp-json\/wp\/v2\/product_cat?post=208116"},{"taxonomy":"product_tag","embeddable":true,"href":"https:\/\/aromasentia.com\/no\/wp-json\/wp\/v2\/product_tag?post=208116"}],"curies":[{"name":"wp","href":"https:\/\/api.w.org\/{rel}","templated":true}]}}