{"id":208114,"date":"2025-03-22T16:06:31","date_gmt":"2025-03-22T16:06:31","guid":{"rendered":"https:\/\/aromasentia.com\/product\/pack-of-2-christmas-wooden-craft-decoration-xmas-santa-gift\/"},"modified":"2025-05-31T04:42:04","modified_gmt":"2025-05-31T04:42:04","slug":"pakke-med-2-julepynt-i-tre-julegave-til-julenissen","status":"publish","type":"product","link":"https:\/\/aromasentia.com\/no\/pakke-med-2-julepynt-i-tre-julegave-til-julenissen\/","title":{"rendered":"Pakke med 2 Julepynt I Tre &#8211; Julegave Til Julenissen"},"content":{"rendered":"<p>Dette vakre utvalget av <strong>juledekorasjoner i tre &#8211; julegave til jul<\/strong> vil bringe julestemning til hjemmet ditt.<\/p>\n<p>Disse designene er laget med tanke p\u00e5 alle aspekter av julesesongen.<\/p>\n<p>Dette designet kommer p\u00e5 en nydelig toppkurv med 2 deler inni. Laget i tre med design p\u00e5 begge sider, vakre vintage festlige dekorasjoner \u00e5 sette pris p\u00e5 i \u00e5rene som kommer.<\/p>\n","protected":false},"excerpt":{"rendered":"<p>Dette vakre utvalget av juledekorasjoner i tre &#8211; julegave til jul vil bringe julestemning til hjemmet ditt. Disse designene er laget med tanke p\u00e5 alle aspekter av julesesongen. Dette designet kommer p\u00e5 en nydelig toppkurv med 2 deler inni. Laget i tre med design p\u00e5 begge sider, vakre vintage festlige dekorasjoner \u00e5 sette pris p\u00e5 [&hellip;]<\/p>\n","protected":false},"featured_media":383939,"comment_status":"closed","ping_status":"open","template":"","meta":[],"product_brand":[],"product_cat":[8394],"product_tag":[],"class_list":{"0":"post-208114","1":"product","2":"type-product","3":"status-publish","4":"has-post-thumbnail","6":"product_cat-hjem-og-hage","7":"pa_made-in-kina","9":"first","10":"instock","11":"purchasable","12":"product-type-simple"},"supplier_id":null,"supplier_sku":"XWD-18","barcode":null,"atum_controlled":true,"out_stock_date":null,"out_stock_threshold":null,"inheritable":false,"inbound_stock":null,"stock_on_hold":0,"sold_today":0,"sales_last_days":0,"reserved_stock":null,"customer_returns":null,"warehouse_damage":null,"lost_in_post":null,"other_logs":null,"out_stock_days":0,"lost_sales":0,"has_location":null,"update_date":"2026-02-12T05:47:54","atum_locations":[],"atum_stock_status":"instock","restock_status":false,"low_stock_amount":"","sales_update_date":"2025-09-04T00:31:16","calc_backorders":null,"_links":{"self":[{"href":"https:\/\/aromasentia.com\/no\/wp-json\/wp\/v2\/product\/208114","targetHints":{"allow":["GET"]}}],"collection":[{"href":"https:\/\/aromasentia.com\/no\/wp-json\/wp\/v2\/product"}],"about":[{"href":"https:\/\/aromasentia.com\/no\/wp-json\/wp\/v2\/types\/product"}],"replies":[{"embeddable":true,"href":"https:\/\/aromasentia.com\/no\/wp-json\/wp\/v2\/comments?post=208114"}],"version-history":[{"count":0,"href":"https:\/\/aromasentia.com\/no\/wp-json\/wp\/v2\/product\/208114\/revisions"}],"wp:featuredmedia":[{"embeddable":true,"href":"https:\/\/aromasentia.com\/no\/wp-json\/wp\/v2\/media\/383939"}],"wp:attachment":[{"href":"https:\/\/aromasentia.com\/no\/wp-json\/wp\/v2\/media?parent=208114"}],"wp:term":[{"taxonomy":"product_brand","embeddable":true,"href":"https:\/\/aromasentia.com\/no\/wp-json\/wp\/v2\/product_brand?post=208114"},{"taxonomy":"product_cat","embeddable":true,"href":"https:\/\/aromasentia.com\/no\/wp-json\/wp\/v2\/product_cat?post=208114"},{"taxonomy":"product_tag","embeddable":true,"href":"https:\/\/aromasentia.com\/no\/wp-json\/wp\/v2\/product_tag?post=208114"}],"curies":[{"name":"wp","href":"https:\/\/api.w.org\/{rel}","templated":true}]}}