{"id":208113,"date":"2025-03-22T16:06:31","date_gmt":"2025-03-22T16:06:31","guid":{"rendered":"https:\/\/aromasentia.com\/product\/pack-of-2-christmas-wooden-craft-decoration-snowflake-snowman\/"},"modified":"2025-05-31T04:42:01","modified_gmt":"2025-05-31T04:42:01","slug":"pakke-med-2-juledekorasjoner-i-tre-snofnugg-og-snomann","status":"publish","type":"product","link":"https:\/\/aromasentia.com\/no\/pakke-med-2-juledekorasjoner-i-tre-snofnugg-og-snomann\/","title":{"rendered":"Pakke med 2 Juledekorasjoner I Tre &#8211; Sn\u00f8fnugg Og Sn\u00f8mann"},"content":{"rendered":"<p>Denne vakre serien med <strong>juledekorasjoner i tre \u2013 sn\u00f8fnugg og sn\u00f8mann<\/strong> vil bringe julestemning inn i hjemmet ditt.<\/p>\n<p>Disse designene er laget med tanke p\u00e5 alle aspekter av julesesongen.<\/p>\n<p>Dette designet kommer p\u00e5 en nydelig toppkurv med 2 deler inni. Laget i tre med design p\u00e5 begge sider, vakre vintage festlige dekorasjoner \u00e5 sette pris p\u00e5 i \u00e5rene som kommer.<\/p>\n","protected":false},"excerpt":{"rendered":"<p>Denne vakre serien med juledekorasjoner i tre \u2013 sn\u00f8fnugg og sn\u00f8mann vil bringe julestemning inn i hjemmet ditt. Disse designene er laget med tanke p\u00e5 alle aspekter av julesesongen. Dette designet kommer p\u00e5 en nydelig toppkurv med 2 deler inni. Laget i tre med design p\u00e5 begge sider, vakre vintage festlige dekorasjoner \u00e5 sette pris [&hellip;]<\/p>\n","protected":false},"featured_media":383906,"comment_status":"closed","ping_status":"open","template":"","meta":[],"product_brand":[],"product_cat":[8394],"product_tag":[],"class_list":{"0":"post-208113","1":"product","2":"type-product","3":"status-publish","4":"has-post-thumbnail","6":"product_cat-hjem-og-hage","7":"pa_made-in-kina","9":"first","10":"instock","11":"purchasable","12":"product-type-simple"},"supplier_id":null,"supplier_sku":"XWD-11","barcode":null,"atum_controlled":true,"out_stock_date":null,"out_stock_threshold":null,"inheritable":false,"inbound_stock":null,"stock_on_hold":0,"sold_today":0,"sales_last_days":0,"reserved_stock":null,"customer_returns":null,"warehouse_damage":null,"lost_in_post":null,"other_logs":null,"out_stock_days":0,"lost_sales":0,"has_location":null,"update_date":"2026-01-30T01:25:40","atum_locations":[],"atum_stock_status":"instock","restock_status":false,"low_stock_amount":"","sales_update_date":"2026-01-30T01:25:40","calc_backorders":null,"_links":{"self":[{"href":"https:\/\/aromasentia.com\/no\/wp-json\/wp\/v2\/product\/208113","targetHints":{"allow":["GET"]}}],"collection":[{"href":"https:\/\/aromasentia.com\/no\/wp-json\/wp\/v2\/product"}],"about":[{"href":"https:\/\/aromasentia.com\/no\/wp-json\/wp\/v2\/types\/product"}],"replies":[{"embeddable":true,"href":"https:\/\/aromasentia.com\/no\/wp-json\/wp\/v2\/comments?post=208113"}],"version-history":[{"count":0,"href":"https:\/\/aromasentia.com\/no\/wp-json\/wp\/v2\/product\/208113\/revisions"}],"wp:featuredmedia":[{"embeddable":true,"href":"https:\/\/aromasentia.com\/no\/wp-json\/wp\/v2\/media\/383906"}],"wp:attachment":[{"href":"https:\/\/aromasentia.com\/no\/wp-json\/wp\/v2\/media?parent=208113"}],"wp:term":[{"taxonomy":"product_brand","embeddable":true,"href":"https:\/\/aromasentia.com\/no\/wp-json\/wp\/v2\/product_brand?post=208113"},{"taxonomy":"product_cat","embeddable":true,"href":"https:\/\/aromasentia.com\/no\/wp-json\/wp\/v2\/product_cat?post=208113"},{"taxonomy":"product_tag","embeddable":true,"href":"https:\/\/aromasentia.com\/no\/wp-json\/wp\/v2\/product_tag?post=208113"}],"curies":[{"name":"wp","href":"https:\/\/api.w.org\/{rel}","templated":true}]}}