{"id":208109,"date":"2025-03-22T16:06:31","date_gmt":"2025-03-22T16:06:31","guid":{"rendered":"https:\/\/aromasentia.com\/product\/gold-xmas-angel-wing-heart-white-detail\/"},"modified":"2025-05-31T04:41:42","modified_gmt":"2025-05-31T04:41:42","slug":"gull-juleengel-med-vinge-og-hjerte-hvit-detalj","status":"publish","type":"product","link":"https:\/\/aromasentia.com\/no\/gull-juleengel-med-vinge-og-hjerte-hvit-detalj\/","title":{"rendered":"Gull Juleengel med Vinge Og Hjerte &#8211; Hvit Detalj"},"content":{"rendered":"<p>Dette vakre utvalget av engros juledekorasjoner i tre vil bringe julestemningen til kundene dine&#038;# 39; hjem. Denne ferdige dekorasjonen er garantert \u00e5 fremheve ethvert oppholdsrom i stil. Kundene dine kan legge til en himmelsk atmosf\u00e6re i hjemmet sitt med Ancient Wisdom Christmas Angel Wing; de er omtalt i to design, i hvite eller svarte detaljer.<\/p>\n<p> H\u00e5ndmalte gavesett med juledekorasjoner er veldig sjarmerende. Disse designene er laget med tanke p\u00e5 alle aspekter av julesesongen. Disse julepyntene i tre egner seg til \u00e5 henge p\u00e5 veggen eller p\u00e5 d\u00f8rh\u00e5ndtak, skaph\u00e5ndtak, og selvf\u00f8lgelig er det en nydelig juletrepynt. Du vil kanskje ogs\u00e5 like <a href=\"https:\/\/aromasentia.com\/awl\"><\/a><a href=\"https:\/\/aromasentia.com\/awl\"><strong>H\u00e5ndlagde englevinger<\/strong><\/a><strong>&nbsp;<\/strong>og<strong>&nbsp;<\/strong><a href=\"https:\/\/aromasentia.com\/hatia\"><strong>Hati-hati Engler.<\/strong><\/a><\/p>\n<p><strong>Opplev julens mirakel. Bestill n\u00e5.<\/strong><\/p>\n","protected":false},"excerpt":{"rendered":"<p>Dette vakre utvalget av engros juledekorasjoner i tre vil bringe julestemningen til kundene dine&#038;# 39; hjem. Denne ferdige dekorasjonen er garantert \u00e5 fremheve ethvert oppholdsrom i stil. Kundene dine kan legge til en himmelsk atmosf\u00e6re i hjemmet sitt med Ancient Wisdom Christmas Angel Wing; de er omtalt i to design, i hvite eller svarte detaljer. [&hellip;]<\/p>\n","protected":false},"featured_media":383774,"comment_status":"closed","ping_status":"open","template":"","meta":[],"product_brand":[],"product_cat":[8394,10412],"product_tag":[],"class_list":{"0":"post-208109","1":"product","2":"type-product","3":"status-publish","4":"has-post-thumbnail","6":"product_cat-hjem-og-hage","7":"product_cat-tredekorasjoner","8":"pa_collection-christmas-wooden-decorations-no","9":"pa_made-in-indonesia","11":"first","12":"instock","13":"purchasable","14":"product-type-simple"},"supplier_id":null,"supplier_sku":"WXD-04","barcode":null,"atum_controlled":true,"out_stock_date":null,"out_stock_threshold":null,"inheritable":false,"inbound_stock":null,"stock_on_hold":0,"sold_today":0,"sales_last_days":0,"reserved_stock":null,"customer_returns":null,"warehouse_damage":null,"lost_in_post":null,"other_logs":null,"out_stock_days":0,"lost_sales":0,"has_location":null,"update_date":"2026-02-04T11:24:43","atum_locations":[],"atum_stock_status":"instock","restock_status":false,"low_stock_amount":"","sales_update_date":"2026-01-30T01:26:36","calc_backorders":null,"_links":{"self":[{"href":"https:\/\/aromasentia.com\/no\/wp-json\/wp\/v2\/product\/208109","targetHints":{"allow":["GET"]}}],"collection":[{"href":"https:\/\/aromasentia.com\/no\/wp-json\/wp\/v2\/product"}],"about":[{"href":"https:\/\/aromasentia.com\/no\/wp-json\/wp\/v2\/types\/product"}],"replies":[{"embeddable":true,"href":"https:\/\/aromasentia.com\/no\/wp-json\/wp\/v2\/comments?post=208109"}],"version-history":[{"count":0,"href":"https:\/\/aromasentia.com\/no\/wp-json\/wp\/v2\/product\/208109\/revisions"}],"wp:featuredmedia":[{"embeddable":true,"href":"https:\/\/aromasentia.com\/no\/wp-json\/wp\/v2\/media\/383774"}],"wp:attachment":[{"href":"https:\/\/aromasentia.com\/no\/wp-json\/wp\/v2\/media?parent=208109"}],"wp:term":[{"taxonomy":"product_brand","embeddable":true,"href":"https:\/\/aromasentia.com\/no\/wp-json\/wp\/v2\/product_brand?post=208109"},{"taxonomy":"product_cat","embeddable":true,"href":"https:\/\/aromasentia.com\/no\/wp-json\/wp\/v2\/product_cat?post=208109"},{"taxonomy":"product_tag","embeddable":true,"href":"https:\/\/aromasentia.com\/no\/wp-json\/wp\/v2\/product_tag?post=208109"}],"curies":[{"name":"wp","href":"https:\/\/api.w.org\/{rel}","templated":true}]}}