{"id":208101,"date":"2025-03-22T16:06:31","date_gmt":"2025-03-22T16:06:31","guid":{"rendered":"https:\/\/aromasentia.com\/product\/large-mushroom-20cm-pretty-floral\/"},"modified":"2025-05-31T04:40:55","modified_gmt":"2025-05-31T04:40:55","slug":"sopp-20-cm-pretty-floral-stor","status":"publish","type":"product","link":"https:\/\/aromasentia.com\/no\/sopp-20-cm-pretty-floral-stor\/","title":{"rendered":"Sopp &#8211; 20 cm &#8211; Pretty Floral Stor"},"content":{"rendered":"<p><span style=\"color: rgb(75, 80, 88);\"><strong>Dekorert med et delikat blomsterm\u00f8nster,<\/strong> gir denne store soppen et snev av natur og rustikk sjarm til enhver utstilling. St\u00f8rrelsen gj\u00f8r den ideell som et midtpunkt.<\/span><\/p>\n<p><span style=\"color: rgb(75, 80, 88);\"><strong>Perfekt for gavebutikker eller interi\u00f8rbutikker som \u00f8nsker \u00e5 skille seg ut.<\/strong><\/span><\/p>\n<p><span style=\"color: rgb(75, 80, 88);\">Lag en finurlig, naturinspirert utstilling, og kombiner dem med v\u00e5re <strong>Decor Wood Hearts<\/strong> eller <strong>Mango Wood Bowls, Trays &amp; Coasters. Disse delene har lignende intrikate design, og sammen vil de forvandle enhver utstilling til en naturlig oase som kundene ikke vil kunne motst\u00e5.<\/span><\/p>\n<p><span style=\"color: rgb(75, 80, 88);\"><strong>M\u00e5l:<\/strong><\/span><\/p>\n<p><span style=\"color: rgb(75, 80, 88);\">20 x 15 cm<\/span><\/p>\n","protected":false},"excerpt":{"rendered":"<p>Dekorert med et delikat blomsterm\u00f8nster, gir denne store soppen et snev av natur og rustikk sjarm til enhver utstilling. St\u00f8rrelsen gj\u00f8r den ideell som et midtpunkt. Perfekt for gavebutikker eller interi\u00f8rbutikker som \u00f8nsker \u00e5 skille seg ut. Lag en finurlig, naturinspirert utstilling, og kombiner dem med v\u00e5re Decor Wood Hearts eller Mango Wood Bowls, Trays [&hellip;]<\/p>\n","protected":false},"featured_media":643515,"comment_status":"closed","ping_status":"open","template":"","meta":{"_angie_page":false},"product_brand":[],"product_cat":[8394],"product_tag":[],"class_list":{"0":"post-208101","1":"product","2":"type-product","3":"status-publish","4":"has-post-thumbnail","6":"product_cat-hjem-og-hage","7":"pa_collection-wooden-enamelled-mushroom-decorations-no","8":"pa_made-in-india","10":"first","11":"instock","12":"purchasable","13":"product-type-simple"},"supplier_id":null,"supplier_sku":"WMush-09","barcode":null,"atum_controlled":true,"out_stock_date":null,"out_stock_threshold":null,"inheritable":false,"inbound_stock":null,"stock_on_hold":0,"sold_today":0,"sales_last_days":0,"reserved_stock":null,"customer_returns":null,"warehouse_damage":null,"lost_in_post":null,"other_logs":null,"out_stock_days":0,"lost_sales":0,"has_location":null,"update_date":"2026-05-04T00:05:00","atum_locations":[],"atum_stock_status":"instock","restock_status":false,"low_stock_amount":"","sales_update_date":"2026-01-30T01:25:34","calc_backorders":null,"_links":{"self":[{"href":"https:\/\/aromasentia.com\/no\/wp-json\/wp\/v2\/product\/208101","targetHints":{"allow":["GET"]}}],"collection":[{"href":"https:\/\/aromasentia.com\/no\/wp-json\/wp\/v2\/product"}],"about":[{"href":"https:\/\/aromasentia.com\/no\/wp-json\/wp\/v2\/types\/product"}],"replies":[{"embeddable":true,"href":"https:\/\/aromasentia.com\/no\/wp-json\/wp\/v2\/comments?post=208101"}],"version-history":[{"count":0,"href":"https:\/\/aromasentia.com\/no\/wp-json\/wp\/v2\/product\/208101\/revisions"}],"wp:featuredmedia":[{"embeddable":true,"href":"https:\/\/aromasentia.com\/no\/wp-json\/wp\/v2\/media\/643515"}],"wp:attachment":[{"href":"https:\/\/aromasentia.com\/no\/wp-json\/wp\/v2\/media?parent=208101"}],"wp:term":[{"taxonomy":"product_brand","embeddable":true,"href":"https:\/\/aromasentia.com\/no\/wp-json\/wp\/v2\/product_brand?post=208101"},{"taxonomy":"product_cat","embeddable":true,"href":"https:\/\/aromasentia.com\/no\/wp-json\/wp\/v2\/product_cat?post=208101"},{"taxonomy":"product_tag","embeddable":true,"href":"https:\/\/aromasentia.com\/no\/wp-json\/wp\/v2\/product_tag?post=208101"}],"curies":[{"name":"wp","href":"https:\/\/api.w.org\/{rel}","templated":true}]}}