{"id":208098,"date":"2025-03-22T16:06:31","date_gmt":"2025-03-22T16:06:31","guid":{"rendered":"https:\/\/aromasentia.com\/product\/med-mushroom-15cm-pretty-floral\/"},"modified":"2025-05-31T04:40:47","modified_gmt":"2025-05-31T04:40:47","slug":"champignon-15cm-pretty-floral-medium","status":"publish","type":"product","link":"https:\/\/aromasentia.com\/no\/champignon-15cm-pretty-floral-medium\/","title":{"rendered":"Champignon &#8211; 15cm &#8211; Pretty Floral Medium"},"content":{"rendered":"<p><span style=\"color: rgb(75, 80, 88);\">Med et delikat blomsterdesign gir denne mellomstore soppen et naturlig og finurlig preg til enhver utstilling.<\/span><\/p>\n<p><span style=\"color: rgb(75, 80, 88);\">Det i\u00f8ynefallende m\u00f8nsteret og den slitesterke trestrukturen gj\u00f8r den til et godt valg for hageinspirert innredning eller gavebutikker som leter etter unike gjenstander.<\/span><\/p>\n<p><span style=\"color: rgb(75, 80, 88);\"><strong>Perfekt for \u00e5 lage naturinspirerte utstillinger. Kombiner dem med v\u00e5re Decor Wood Hearts<\/strong>eller <strong>Mango Wood Bowls, Trays &amp;&raquo; Brikker.<\/strong> Disse delene har lignende intrikate design, og sammen vil de forvandle enhver utstilling til en naturlig oase som kundene ikke vil kunne motst\u00e5.<\/span><\/p>\n<p><span style=\"color: rgb(75, 80, 88);\"><strong>M\u00e5l:<\/strong><\/span><\/p>\n<p><span style=\"color: rgb(75, 80, 88);\">15 x 13 cm<\/span><\/p>\n","protected":false},"excerpt":{"rendered":"<p>Med et delikat blomsterdesign gir denne mellomstore soppen et naturlig og finurlig preg til enhver utstilling. Det i\u00f8ynefallende m\u00f8nsteret og den slitesterke trestrukturen gj\u00f8r den til et godt valg for hageinspirert innredning eller gavebutikker som leter etter unike gjenstander. Perfekt for \u00e5 lage naturinspirerte utstillinger. Kombiner dem med v\u00e5re Decor Wood Heartseller Mango Wood Bowls, [&hellip;]<\/p>\n","protected":false},"featured_media":383331,"comment_status":"closed","ping_status":"open","template":"","meta":{"_angie_page":false},"product_brand":[],"product_cat":[8394],"product_tag":[],"class_list":{"0":"post-208098","1":"product","2":"type-product","3":"status-publish","4":"has-post-thumbnail","6":"product_cat-hjem-og-hage","7":"pa_collection-wooden-enamelled-mushroom-decorations-no","8":"pa_made-in-india","10":"first","11":"instock","12":"purchasable","13":"product-type-simple"},"supplier_id":null,"supplier_sku":"WMush-06","barcode":null,"atum_controlled":true,"out_stock_date":null,"out_stock_threshold":null,"inheritable":false,"inbound_stock":null,"stock_on_hold":0,"sold_today":0,"sales_last_days":0,"reserved_stock":null,"customer_returns":null,"warehouse_damage":null,"lost_in_post":null,"other_logs":null,"out_stock_days":0,"lost_sales":0,"has_location":null,"update_date":"2026-05-04T00:05:00","atum_locations":[],"atum_stock_status":"instock","restock_status":false,"low_stock_amount":"","sales_update_date":"2026-01-30T01:25:34","calc_backorders":null,"_links":{"self":[{"href":"https:\/\/aromasentia.com\/no\/wp-json\/wp\/v2\/product\/208098","targetHints":{"allow":["GET"]}}],"collection":[{"href":"https:\/\/aromasentia.com\/no\/wp-json\/wp\/v2\/product"}],"about":[{"href":"https:\/\/aromasentia.com\/no\/wp-json\/wp\/v2\/types\/product"}],"replies":[{"embeddable":true,"href":"https:\/\/aromasentia.com\/no\/wp-json\/wp\/v2\/comments?post=208098"}],"version-history":[{"count":0,"href":"https:\/\/aromasentia.com\/no\/wp-json\/wp\/v2\/product\/208098\/revisions"}],"wp:featuredmedia":[{"embeddable":true,"href":"https:\/\/aromasentia.com\/no\/wp-json\/wp\/v2\/media\/383331"}],"wp:attachment":[{"href":"https:\/\/aromasentia.com\/no\/wp-json\/wp\/v2\/media?parent=208098"}],"wp:term":[{"taxonomy":"product_brand","embeddable":true,"href":"https:\/\/aromasentia.com\/no\/wp-json\/wp\/v2\/product_brand?post=208098"},{"taxonomy":"product_cat","embeddable":true,"href":"https:\/\/aromasentia.com\/no\/wp-json\/wp\/v2\/product_cat?post=208098"},{"taxonomy":"product_tag","embeddable":true,"href":"https:\/\/aromasentia.com\/no\/wp-json\/wp\/v2\/product_tag?post=208098"}],"curies":[{"name":"wp","href":"https:\/\/api.w.org\/{rel}","templated":true}]}}