{"id":208097,"date":"2025-03-22T16:06:31","date_gmt":"2025-03-22T16:06:31","guid":{"rendered":"https:\/\/aromasentia.com\/product\/med-mushroom-15cm-pastel-hearts\/"},"modified":"2025-05-31T04:40:44","modified_gmt":"2025-05-31T04:40:44","slug":"champignon-15cm-pastellhjerter-medium","status":"publish","type":"product","link":"https:\/\/aromasentia.com\/no\/champignon-15cm-pastellhjerter-medium\/","title":{"rendered":"Champignon &#8211; 15cm &#8211; Pastellhjerter Medium"},"content":{"rendered":"<p><span style=\"color: rgb(75, 80, 88);\">Leken, men likevel elegant. Denne mellomstore soppen med pastellfargede hjerter er perfekt for \u00e5 gi et mykt fargeinnslag til enhver utstilling.<\/span><\/p>\n<p><span style=\"color: rgb(75, 80, 88);\">Den robuste, men lette designen er flott for \u00e5 lage flerlags detaljhandelsoppsett eller som et frittst\u00e5ende element.<\/span><\/p>\n<p><span style=\"color: rgb(75, 80, 88);\"><strong>Perfekt for \u00e5 lage en finurlig, naturinspirert utstilling. Kombiner dem med v\u00e5re <strong>Dekortrehjerter<\/strong> eller <strong>Mangotreboller, brett og underlag<\/strong>. Disse delene har lignende intrikate design, og sammen vil de forvandle enhver utstilling til en naturlig oase som kundene ikke vil kunne motst\u00e5.<\/span><\/p>\n<p><span style=\"color: rgb(75, 80, 88);\"><strong>M\u00e5l:<\/strong><\/span><\/p>\n<p><span style=\"color: rgb(75, 80, 88);\">15 x 13 cm<\/span><\/p>\n","protected":false},"excerpt":{"rendered":"<p>Leken, men likevel elegant. Denne mellomstore soppen med pastellfargede hjerter er perfekt for \u00e5 gi et mykt fargeinnslag til enhver utstilling. Den robuste, men lette designen er flott for \u00e5 lage flerlags detaljhandelsoppsett eller som et frittst\u00e5ende element. Perfekt for \u00e5 lage en finurlig, naturinspirert utstilling. Kombiner dem med v\u00e5re Dekortrehjerter eller Mangotreboller, brett og [&hellip;]<\/p>\n","protected":false},"featured_media":383298,"comment_status":"closed","ping_status":"open","template":"","meta":{"_angie_page":false},"product_brand":[],"product_cat":[8394],"product_tag":[],"class_list":{"0":"post-208097","1":"product","2":"type-product","3":"status-publish","4":"has-post-thumbnail","6":"product_cat-hjem-og-hage","7":"pa_collection-wooden-enamelled-mushroom-decorations-no","8":"pa_made-in-india","10":"first","11":"instock","12":"purchasable","13":"product-type-simple"},"supplier_id":null,"supplier_sku":"WMush-05","barcode":null,"atum_controlled":true,"out_stock_date":null,"out_stock_threshold":null,"inheritable":false,"inbound_stock":null,"stock_on_hold":0,"sold_today":0,"sales_last_days":0,"reserved_stock":null,"customer_returns":null,"warehouse_damage":null,"lost_in_post":null,"other_logs":null,"out_stock_days":0,"lost_sales":0,"has_location":null,"update_date":"2026-05-04T00:05:00","atum_locations":[],"atum_stock_status":"instock","restock_status":false,"low_stock_amount":"","sales_update_date":"2026-01-30T01:26:08","calc_backorders":null,"_links":{"self":[{"href":"https:\/\/aromasentia.com\/no\/wp-json\/wp\/v2\/product\/208097","targetHints":{"allow":["GET"]}}],"collection":[{"href":"https:\/\/aromasentia.com\/no\/wp-json\/wp\/v2\/product"}],"about":[{"href":"https:\/\/aromasentia.com\/no\/wp-json\/wp\/v2\/types\/product"}],"replies":[{"embeddable":true,"href":"https:\/\/aromasentia.com\/no\/wp-json\/wp\/v2\/comments?post=208097"}],"version-history":[{"count":0,"href":"https:\/\/aromasentia.com\/no\/wp-json\/wp\/v2\/product\/208097\/revisions"}],"wp:featuredmedia":[{"embeddable":true,"href":"https:\/\/aromasentia.com\/no\/wp-json\/wp\/v2\/media\/383298"}],"wp:attachment":[{"href":"https:\/\/aromasentia.com\/no\/wp-json\/wp\/v2\/media?parent=208097"}],"wp:term":[{"taxonomy":"product_brand","embeddable":true,"href":"https:\/\/aromasentia.com\/no\/wp-json\/wp\/v2\/product_brand?post=208097"},{"taxonomy":"product_cat","embeddable":true,"href":"https:\/\/aromasentia.com\/no\/wp-json\/wp\/v2\/product_cat?post=208097"},{"taxonomy":"product_tag","embeddable":true,"href":"https:\/\/aromasentia.com\/no\/wp-json\/wp\/v2\/product_tag?post=208097"}],"curies":[{"name":"wp","href":"https:\/\/api.w.org\/{rel}","templated":true}]}}