{"id":208090,"date":"2025-03-22T16:06:31","date_gmt":"2025-03-22T16:06:31","guid":{"rendered":"https:\/\/aromasentia.com\/product\/round-decorative-wooden-flower-of-life-panel-40cm\/"},"modified":"2025-05-31T04:40:26","modified_gmt":"2025-05-31T04:40:26","slug":"rundt-dekorativt-trepanel-med-livets-blomst-40-cm","status":"publish","type":"product","link":"https:\/\/aromasentia.com\/no\/rundt-dekorativt-trepanel-med-livets-blomst-40-cm\/","title":{"rendered":"Rundt Dekorativt Trepanel med Livets Blomst 40 cm"},"content":{"rendered":"<p><strong>Grosshandel rundt dekorativt trepanel med livets blomst, <\/strong> et fantastisk h\u00e5ndlaget stykke med en diameter p\u00e5 40 cm.<\/p>\n<p>Sk\u00e5ret ut av 100 % b\u00e6rekraftig Suar-tre av talentfulle indonesiske h\u00e5ndverkere, med det hellige symbolet Flower of Life, som symboliserer skapelse, enhet og sammenkoblingen av alt liv.<\/p>\n<p>Hvert panel er en unik kreasjon, h\u00e5ndsk\u00e5ret for \u00e5 sikre et autentisk og h\u00e5ndverksmessig preg. Med en diameter p\u00e5 30 cm er det den perfekte st\u00f8rrelsen for \u00e5 forbedre vegger i stuer, meditasjonsomr\u00e5der eller hellige rom, og tilf\u00f8rer et lag av dybde og betydning.<\/p>\n<p> Den naturlige rikdommen i Suar-treets \u00e5rer fremhever det intrikate geometriske designet, noe som resulterer i et visuelt fengslende stykke. Blandingen av \u00e5ndelig symbolikk og estetisk skj\u00f8nnhet gj\u00f8r den ideell for kunder som s\u00f8ker meningsfull innredning.nbsp;Livets blomst, kjent for sin tidl\u00f8se symbolikk og elegante design, gir et harmonisk preg til enhver setting.nbsp;<\/p>\n<p>Dette allsidige panelet appellerer til et bredt spekter av forhandlere, fra interi\u00f8rbutikker til spirituelle og velv\u00e6refokuserte butikker.nbsp;<\/p>\n<p>Dette allsidige panelet appellerer til et bredt spekter av forhandlere, fra interi\u00f8rbutikker til spirituelle og velv\u00e6refokuserte butikker.nbsp<\/p>\n","protected":false},"excerpt":{"rendered":"<p>Grosshandel rundt dekorativt trepanel med livets blomst, et fantastisk h\u00e5ndlaget stykke med en diameter p\u00e5 40 cm. Sk\u00e5ret ut av 100 % b\u00e6rekraftig Suar-tre av talentfulle indonesiske h\u00e5ndverkere, med det hellige symbolet Flower of Life, som symboliserer skapelse, enhet og sammenkoblingen av alt liv. Hvert panel er en unik kreasjon, h\u00e5ndsk\u00e5ret for \u00e5 sikre et [&hellip;]<\/p>\n","protected":false},"featured_media":383115,"comment_status":"closed","ping_status":"open","template":"","meta":[],"product_brand":[],"product_cat":[10400,8394],"product_tag":[],"class_list":{"0":"post-208090","1":"product","2":"type-product","3":"status-publish","4":"has-post-thumbnail","6":"product_cat-dekorasjon","7":"product_cat-hjem-og-hage","8":"pa_collection-decorative-wooden-panels-no","9":"pa_made-in-indonesia","11":"first","12":"instock","13":"purchasable","14":"product-type-simple"},"supplier_id":null,"supplier_sku":"WDW-17","barcode":null,"atum_controlled":true,"out_stock_date":null,"out_stock_threshold":null,"inheritable":false,"inbound_stock":null,"stock_on_hold":0,"sold_today":0,"sales_last_days":0,"reserved_stock":null,"customer_returns":null,"warehouse_damage":null,"lost_in_post":null,"other_logs":null,"out_stock_days":0,"lost_sales":0,"has_location":null,"update_date":"2026-02-06T00:02:15","atum_locations":[],"atum_stock_status":"instock","restock_status":false,"low_stock_amount":"","sales_update_date":"2026-02-06T00:02:15","calc_backorders":null,"_links":{"self":[{"href":"https:\/\/aromasentia.com\/no\/wp-json\/wp\/v2\/product\/208090","targetHints":{"allow":["GET"]}}],"collection":[{"href":"https:\/\/aromasentia.com\/no\/wp-json\/wp\/v2\/product"}],"about":[{"href":"https:\/\/aromasentia.com\/no\/wp-json\/wp\/v2\/types\/product"}],"replies":[{"embeddable":true,"href":"https:\/\/aromasentia.com\/no\/wp-json\/wp\/v2\/comments?post=208090"}],"version-history":[{"count":0,"href":"https:\/\/aromasentia.com\/no\/wp-json\/wp\/v2\/product\/208090\/revisions"}],"wp:featuredmedia":[{"embeddable":true,"href":"https:\/\/aromasentia.com\/no\/wp-json\/wp\/v2\/media\/383115"}],"wp:attachment":[{"href":"https:\/\/aromasentia.com\/no\/wp-json\/wp\/v2\/media?parent=208090"}],"wp:term":[{"taxonomy":"product_brand","embeddable":true,"href":"https:\/\/aromasentia.com\/no\/wp-json\/wp\/v2\/product_brand?post=208090"},{"taxonomy":"product_cat","embeddable":true,"href":"https:\/\/aromasentia.com\/no\/wp-json\/wp\/v2\/product_cat?post=208090"},{"taxonomy":"product_tag","embeddable":true,"href":"https:\/\/aromasentia.com\/no\/wp-json\/wp\/v2\/product_tag?post=208090"}],"curies":[{"name":"wp","href":"https:\/\/api.w.org\/{rel}","templated":true}]}}