{"id":208073,"date":"2025-03-22T16:06:31","date_gmt":"2025-03-22T16:06:31","guid":{"rendered":"https:\/\/aromasentia.com\/product\/ganesh-panel-40cm\/"},"modified":"2025-05-31T04:39:02","modified_gmt":"2025-05-31T04:39:02","slug":"ganesh-panel-40-cm","status":"publish","type":"product","link":"https:\/\/aromasentia.com\/no\/ganesh-panel-40-cm\/","title":{"rendered":"Ganesh-Panel &#8211; 40 cm"},"content":{"rendered":"<p>Disse <strong><span style=\"color: rgb(141, 186, 216);\">Ganesh-panelet &#8211; 40 cm<\/span><\/strong>&nbsp; dekorative trepanelene er h\u00e5ndsk\u00e5ret i <strong>100 % b\u00e6rekraftig suar-tre<\/strong> av indonesiske h\u00e5ndverkere.<\/p>\n<p>Hvert trepanel er et unikt kunstverk. <strong>40 cm diameter<\/strong> gj\u00f8r det til en ideell veggdekorasjon som vil gi et beroligende og avslappende preg til ethvert rom.<\/p>\n<p>Kundene dine vil bli fortryllet av den spektakul\u00e6re oppmerksomheten p\u00e5 detaljer og de ulike mystiske motivene i denne veggkunsten. Treverket er krydret og behandlet med en fin, naturlig farge som passer til ethvert interi\u00f8r.<\/p>\n<p>Med tanke p\u00e5 hvor mye talent og omsorg som ligger i hvert panel, representerer dette naturlige kunstverket str\u00e5lende valuta for pengene.<\/p>\n<p><strong>NB: Vi kan bare f\u00e5 tak i begrensede forsyninger, da h\u00e5ndverkerne bare kan lage ett stykke per dag. S\u00e5 kan v\u00e6re utsolgt til tider.<\/strong><\/p>\n<p><span style=\"color: rgb(141, 186, 216);\"><strong>Ta naturen inn med denne veggkunsten. Til ditt nettbutikktilbud. Bestill n\u00e5.<\/strong><\/span><\/p>\n","protected":false},"excerpt":{"rendered":"<p>Disse Ganesh-panelet &#8211; 40 cm&nbsp; dekorative trepanelene er h\u00e5ndsk\u00e5ret i 100 % b\u00e6rekraftig suar-tre av indonesiske h\u00e5ndverkere. Hvert trepanel er et unikt kunstverk. 40 cm diameter gj\u00f8r det til en ideell veggdekorasjon som vil gi et beroligende og avslappende preg til ethvert rom. Kundene dine vil bli fortryllet av den spektakul\u00e6re oppmerksomheten p\u00e5 detaljer og [&hellip;]<\/p>\n","protected":false},"featured_media":382786,"comment_status":"closed","ping_status":"open","template":"","meta":{"_angie_page":false},"product_brand":[],"product_cat":[10400,8394],"product_tag":[],"class_list":{"0":"post-208073","1":"product","2":"type-product","3":"status-publish","4":"has-post-thumbnail","6":"product_cat-dekorasjon","7":"product_cat-hjem-og-hage","8":"pa_collection-decorative-wooden-panels-no","9":"pa_made-in-indonesia","11":"first","12":"instock","13":"purchasable","14":"product-type-simple"},"supplier_id":null,"supplier_sku":"WDW-02","barcode":null,"atum_controlled":true,"out_stock_date":null,"out_stock_threshold":null,"inheritable":false,"inbound_stock":null,"stock_on_hold":0,"sold_today":0,"sales_last_days":0,"reserved_stock":null,"customer_returns":null,"warehouse_damage":null,"lost_in_post":null,"other_logs":null,"out_stock_days":0,"lost_sales":0,"has_location":null,"update_date":"2026-04-27T07:27:00","atum_locations":[],"atum_stock_status":"instock","restock_status":false,"low_stock_amount":"","sales_update_date":"2026-01-30T01:24:40","calc_backorders":null,"_links":{"self":[{"href":"https:\/\/aromasentia.com\/no\/wp-json\/wp\/v2\/product\/208073","targetHints":{"allow":["GET"]}}],"collection":[{"href":"https:\/\/aromasentia.com\/no\/wp-json\/wp\/v2\/product"}],"about":[{"href":"https:\/\/aromasentia.com\/no\/wp-json\/wp\/v2\/types\/product"}],"replies":[{"embeddable":true,"href":"https:\/\/aromasentia.com\/no\/wp-json\/wp\/v2\/comments?post=208073"}],"version-history":[{"count":0,"href":"https:\/\/aromasentia.com\/no\/wp-json\/wp\/v2\/product\/208073\/revisions"}],"wp:featuredmedia":[{"embeddable":true,"href":"https:\/\/aromasentia.com\/no\/wp-json\/wp\/v2\/media\/382786"}],"wp:attachment":[{"href":"https:\/\/aromasentia.com\/no\/wp-json\/wp\/v2\/media?parent=208073"}],"wp:term":[{"taxonomy":"product_brand","embeddable":true,"href":"https:\/\/aromasentia.com\/no\/wp-json\/wp\/v2\/product_brand?post=208073"},{"taxonomy":"product_cat","embeddable":true,"href":"https:\/\/aromasentia.com\/no\/wp-json\/wp\/v2\/product_cat?post=208073"},{"taxonomy":"product_tag","embeddable":true,"href":"https:\/\/aromasentia.com\/no\/wp-json\/wp\/v2\/product_tag?post=208073"}],"curies":[{"name":"wp","href":"https:\/\/api.w.org\/{rel}","templated":true}]}}