{"id":208071,"date":"2025-03-22T16:06:31","date_gmt":"2025-03-22T16:06:31","guid":{"rendered":"https:\/\/aromasentia.com\/product\/tabletop-water-feature-35cm-natural-rocks-formation\/"},"modified":"2025-05-31T04:38:57","modified_gmt":"2025-05-31T04:38:57","slug":"bordfontene-35-cm-natural-rocks-formation","status":"publish","type":"product","link":"https:\/\/aromasentia.com\/no\/bordfontene-35-cm-natural-rocks-formation\/","title":{"rendered":"Bordfontene &#8211; 35 cm &#8211; Natural Rocks Formation"},"content":{"rendered":"<p><span style=\"color: rgb(75, 80, 88);\"><strong>Bordvannsfunksjonen \u2013 Natursteinsfossen<\/strong> er fagmessig laget av polyresin for \u00e5 etterligne utseendet til ekte stein, med en foss som elegant renner nedover flere niv\u00e5er. Dette designet skaper en beroligende visuell og auditiv opplevelse, noe som gj\u00f8r den til et perfekt fokuspunkt for ethvert milj\u00f8.<\/span><\/p>\n<p><span style=\"color: rgb(75, 80, 88);\">Med sitt naturlige steininspirerte utseende blander denne vannfunksjonen seg s\u00f8ml\u00f8st med ulike innredningsstiler, fra moderne og minimalistisk til rustikk og tradisjonell, og appellerer til et bredt spekter av kunder og \u00f8ker salgspotensialet.<\/span><\/p>\n<p><span style=\"color: rgb(75, 80, 88);\">Den milde vannstr\u00f8mmen fremmer en beroligende atmosf\u00e6re, ideell for meditasjonsrom, yogastudioer eller bare for \u00e5 gi et fredelig preg til ethvert rom.<\/span><\/p>\n<p><span style=\"color: rgb(141, 186, 216);\"><strong>Ikke g\u00e5 glipp av sjansen til \u00e5 bringe den fredelige skj\u00f8nnheten i naturen til din innredningskolleksjon!<\/strong><\/span><\/p>\n","protected":false},"excerpt":{"rendered":"<p>Bordvannsfunksjonen \u2013 Natursteinsfossen er fagmessig laget av polyresin for \u00e5 etterligne utseendet til ekte stein, med en foss som elegant renner nedover flere niv\u00e5er. Dette designet skaper en beroligende visuell og auditiv opplevelse, noe som gj\u00f8r den til et perfekt fokuspunkt for ethvert milj\u00f8. Med sitt naturlige steininspirerte utseende blander denne vannfunksjonen seg s\u00f8ml\u00f8st med [&hellip;]<\/p>\n","protected":false},"featured_media":382768,"comment_status":"closed","ping_status":"open","template":"","meta":{"_angie_page":false},"product_brand":[],"product_cat":[10400,8394],"product_tag":[],"class_list":{"0":"post-208071","1":"product","2":"type-product","3":"status-publish","4":"has-post-thumbnail","6":"product_cat-dekorasjon","7":"product_cat-hjem-og-hage","8":"pa_collection-tabletop-water-features-no","9":"pa_made-in-kina","11":"first","12":"instock","13":"purchasable","14":"product-type-simple"},"supplier_id":null,"supplier_sku":"WaterF-15","barcode":null,"atum_controlled":true,"out_stock_date":null,"out_stock_threshold":null,"inheritable":false,"inbound_stock":null,"stock_on_hold":0,"sold_today":0,"sales_last_days":0,"reserved_stock":null,"customer_returns":null,"warehouse_damage":null,"lost_in_post":null,"other_logs":null,"out_stock_days":0,"lost_sales":0,"has_location":null,"update_date":"2026-05-11T01:56:49","atum_locations":[],"atum_stock_status":"instock","restock_status":false,"low_stock_amount":"","sales_update_date":"2025-09-04T00:31:00","calc_backorders":null,"_links":{"self":[{"href":"https:\/\/aromasentia.com\/no\/wp-json\/wp\/v2\/product\/208071","targetHints":{"allow":["GET"]}}],"collection":[{"href":"https:\/\/aromasentia.com\/no\/wp-json\/wp\/v2\/product"}],"about":[{"href":"https:\/\/aromasentia.com\/no\/wp-json\/wp\/v2\/types\/product"}],"replies":[{"embeddable":true,"href":"https:\/\/aromasentia.com\/no\/wp-json\/wp\/v2\/comments?post=208071"}],"version-history":[{"count":0,"href":"https:\/\/aromasentia.com\/no\/wp-json\/wp\/v2\/product\/208071\/revisions"}],"wp:featuredmedia":[{"embeddable":true,"href":"https:\/\/aromasentia.com\/no\/wp-json\/wp\/v2\/media\/382768"}],"wp:attachment":[{"href":"https:\/\/aromasentia.com\/no\/wp-json\/wp\/v2\/media?parent=208071"}],"wp:term":[{"taxonomy":"product_brand","embeddable":true,"href":"https:\/\/aromasentia.com\/no\/wp-json\/wp\/v2\/product_brand?post=208071"},{"taxonomy":"product_cat","embeddable":true,"href":"https:\/\/aromasentia.com\/no\/wp-json\/wp\/v2\/product_cat?post=208071"},{"taxonomy":"product_tag","embeddable":true,"href":"https:\/\/aromasentia.com\/no\/wp-json\/wp\/v2\/product_tag?post=208071"}],"curies":[{"name":"wp","href":"https:\/\/api.w.org\/{rel}","templated":true}]}}