{"id":208070,"date":"2025-03-22T16:06:31","date_gmt":"2025-03-22T16:06:31","guid":{"rendered":"https:\/\/aromasentia.com\/product\/tabletop-water-feature-35cm-purple-dragon-crystal-ball-water-wheel\/"},"modified":"2025-05-31T04:38:55","modified_gmt":"2025-05-31T04:38:55","slug":"bordfontene-35-cm-lilla-drage-krystallkule-og-vannhjul","status":"publish","type":"product","link":"https:\/\/aromasentia.com\/no\/bordfontene-35-cm-lilla-drage-krystallkule-og-vannhjul\/","title":{"rendered":"Bordfontene &#8211; 35 cm &#8211; Lilla Drage, Krystallkule Og Vannhjul"},"content":{"rendered":"<p><span style=\"color: rgb(75, 80, 88);\">&nbsp;<strong>Vi introduserer bordvannsfunksjonen \u2013 Purple Dragon Cascade,<\/strong> hvor vann renner grasi\u00f8st fra \u00f8verste niv\u00e5, forsiktig nedover hvert niv\u00e5 og samler seg i kummen nedenfor. Laget av slitesterk polyresin, kombinerer dette fortryllende m\u00f8belet b\u00e5de stil og funksjonalitet, noe som gj\u00f8r det til et i\u00f8ynefallende midtpunkt for ethvert hjem eller kontor.<\/span><\/p>\n<p><span style=\"color: rgb(75, 80, 88);\">Denne vannfunksjonen appellerer til fans av fantasy-dekor, mytiske skapninger og feng shui-entusiaster, og viser frem en kongelig lilla drage, som symboliserer styrke og velstand. Den rike lilla fargen tilf\u00f8rer en luft av eleganse, og utvider appellen til de som s\u00f8ker sofistikert og i\u00f8ynefallende innredning.<\/span><\/p>\n<p><span style=\"color: rgb(75, 80, 88);\">Den beroligende vannstr\u00f8mmen skaper en fredelig atmosf\u00e6re, perfekt for meditasjonsrom, yogastudioer eller ethvert annet rom som kan ha godt av en rolig og beroligende atmosf\u00e6re.<\/span><\/p>\n<p><span style=\"color: rgb(141, 186, 216);\"><strong>Ikke g\u00e5 glipp av sjansen til \u00e5 bringe et snev av magi og ro til inventaret ditt!<\/strong><\/span><\/p>\n","protected":false},"excerpt":{"rendered":"<p>&nbsp;Vi introduserer bordvannsfunksjonen \u2013 Purple Dragon Cascade, hvor vann renner grasi\u00f8st fra \u00f8verste niv\u00e5, forsiktig nedover hvert niv\u00e5 og samler seg i kummen nedenfor. Laget av slitesterk polyresin, kombinerer dette fortryllende m\u00f8belet b\u00e5de stil og funksjonalitet, noe som gj\u00f8r det til et i\u00f8ynefallende midtpunkt for ethvert hjem eller kontor. Denne vannfunksjonen appellerer til fans av [&hellip;]<\/p>\n","protected":false},"featured_media":382759,"comment_status":"closed","ping_status":"open","template":"","meta":{"_angie_page":false},"product_brand":[],"product_cat":[10400,8394],"product_tag":[],"class_list":{"0":"post-208070","1":"product","2":"type-product","3":"status-publish","4":"has-post-thumbnail","6":"product_cat-dekorasjon","7":"product_cat-hjem-og-hage","8":"pa_collection-tabletop-water-features-no","9":"pa_made-in-kina","11":"first","12":"instock","13":"purchasable","14":"product-type-simple"},"supplier_id":null,"supplier_sku":"WaterF-14","barcode":null,"atum_controlled":true,"out_stock_date":null,"out_stock_threshold":null,"inheritable":false,"inbound_stock":null,"stock_on_hold":0,"sold_today":0,"sales_last_days":0,"reserved_stock":null,"customer_returns":null,"warehouse_damage":null,"lost_in_post":null,"other_logs":null,"out_stock_days":0,"lost_sales":0,"has_location":null,"update_date":"2026-05-08T05:21:30","atum_locations":[],"atum_stock_status":"instock","restock_status":false,"low_stock_amount":"","sales_update_date":"2026-01-30T01:24:27","calc_backorders":null,"_links":{"self":[{"href":"https:\/\/aromasentia.com\/no\/wp-json\/wp\/v2\/product\/208070","targetHints":{"allow":["GET"]}}],"collection":[{"href":"https:\/\/aromasentia.com\/no\/wp-json\/wp\/v2\/product"}],"about":[{"href":"https:\/\/aromasentia.com\/no\/wp-json\/wp\/v2\/types\/product"}],"replies":[{"embeddable":true,"href":"https:\/\/aromasentia.com\/no\/wp-json\/wp\/v2\/comments?post=208070"}],"version-history":[{"count":0,"href":"https:\/\/aromasentia.com\/no\/wp-json\/wp\/v2\/product\/208070\/revisions"}],"wp:featuredmedia":[{"embeddable":true,"href":"https:\/\/aromasentia.com\/no\/wp-json\/wp\/v2\/media\/382759"}],"wp:attachment":[{"href":"https:\/\/aromasentia.com\/no\/wp-json\/wp\/v2\/media?parent=208070"}],"wp:term":[{"taxonomy":"product_brand","embeddable":true,"href":"https:\/\/aromasentia.com\/no\/wp-json\/wp\/v2\/product_brand?post=208070"},{"taxonomy":"product_cat","embeddable":true,"href":"https:\/\/aromasentia.com\/no\/wp-json\/wp\/v2\/product_cat?post=208070"},{"taxonomy":"product_tag","embeddable":true,"href":"https:\/\/aromasentia.com\/no\/wp-json\/wp\/v2\/product_tag?post=208070"}],"curies":[{"name":"wp","href":"https:\/\/api.w.org\/{rel}","templated":true}]}}