{"id":208069,"date":"2025-03-22T16:06:31","date_gmt":"2025-03-22T16:06:31","guid":{"rendered":"https:\/\/aromasentia.com\/product\/tabletop-water-feature-35cm-dragons-crystal-ball-water-wheel\/"},"modified":"2025-05-31T04:38:53","modified_gmt":"2025-05-31T04:38:53","slug":"bordfontene-35-cm-drager-krystallkule-og-vannhjul","status":"publish","type":"product","link":"https:\/\/aromasentia.com\/no\/bordfontene-35-cm-drager-krystallkule-og-vannhjul\/","title":{"rendered":"Bordfontene &#8211; 35 cm &#8211; Drager, Krystallkule Og Vannhjul"},"content":{"rendered":"<p><span style=\"color: rgb(75, 80, 88);\"><strong>Bordvannsfunksjonen \u2013 Dragekaskaden<\/strong>viser frem vann som renner grasi\u00f8st fra \u00f8verste niv\u00e5, og faller nedover hvert niv\u00e5 f\u00f8r det samler seg i kummen nedenfor. Laget av slitesterk polyresin, fungerer dette fantastiske m\u00f8belet som b\u00e5de et dekorativt og funksjonelt midtpunkt, perfekt for \u00e5 forbedre ethvert hjem eller kontorinnredning.<\/span><\/p>\n<p><span style=\"color: rgb(75, 80, 88);\">Designet for entusiaster av fantasy, mytiske skapninger og feng shui, har dette vannfunksjonen en majestetisk drage som symboliserer kraft og lykke. Den beroligende vannstr\u00f8mmen gir et beroligende preg, noe som gj\u00f8r den ideell for meditasjonsomr\u00e5der, yogastudioer eller rett og slett for \u00e5 bringe en atmosf\u00e6re av ro til ethvert rom.<\/span><\/p>\n<p><span style=\"color: rgb(141, 186, 216);\"><strong>Legg til et snev av magi og ro i samlingen din med denne fengslende vannfunksjonen i dag!<\/strong><\/span><\/p>\n","protected":false},"excerpt":{"rendered":"<p>Bordvannsfunksjonen \u2013 Dragekaskadenviser frem vann som renner grasi\u00f8st fra \u00f8verste niv\u00e5, og faller nedover hvert niv\u00e5 f\u00f8r det samler seg i kummen nedenfor. Laget av slitesterk polyresin, fungerer dette fantastiske m\u00f8belet som b\u00e5de et dekorativt og funksjonelt midtpunkt, perfekt for \u00e5 forbedre ethvert hjem eller kontorinnredning. Designet for entusiaster av fantasy, mytiske skapninger og feng [&hellip;]<\/p>\n","protected":false},"featured_media":382750,"comment_status":"closed","ping_status":"open","template":"","meta":{"_angie_page":false},"product_brand":[],"product_cat":[10400,8394],"product_tag":[],"class_list":{"0":"post-208069","1":"product","2":"type-product","3":"status-publish","4":"has-post-thumbnail","6":"product_cat-dekorasjon","7":"product_cat-hjem-og-hage","8":"pa_collection-tabletop-water-features-no","9":"pa_made-in-kina","11":"first","12":"instock","13":"purchasable","14":"product-type-simple"},"supplier_id":null,"supplier_sku":"WaterF-13","barcode":null,"atum_controlled":true,"out_stock_date":null,"out_stock_threshold":null,"inheritable":false,"inbound_stock":null,"stock_on_hold":0,"sold_today":0,"sales_last_days":0,"reserved_stock":null,"customer_returns":null,"warehouse_damage":null,"lost_in_post":null,"other_logs":null,"out_stock_days":0,"lost_sales":0,"has_location":null,"update_date":"2026-05-11T01:56:49","atum_locations":[],"atum_stock_status":"instock","restock_status":false,"low_stock_amount":"","sales_update_date":"2026-01-30T01:26:01","calc_backorders":null,"_links":{"self":[{"href":"https:\/\/aromasentia.com\/no\/wp-json\/wp\/v2\/product\/208069","targetHints":{"allow":["GET"]}}],"collection":[{"href":"https:\/\/aromasentia.com\/no\/wp-json\/wp\/v2\/product"}],"about":[{"href":"https:\/\/aromasentia.com\/no\/wp-json\/wp\/v2\/types\/product"}],"replies":[{"embeddable":true,"href":"https:\/\/aromasentia.com\/no\/wp-json\/wp\/v2\/comments?post=208069"}],"version-history":[{"count":0,"href":"https:\/\/aromasentia.com\/no\/wp-json\/wp\/v2\/product\/208069\/revisions"}],"wp:featuredmedia":[{"embeddable":true,"href":"https:\/\/aromasentia.com\/no\/wp-json\/wp\/v2\/media\/382750"}],"wp:attachment":[{"href":"https:\/\/aromasentia.com\/no\/wp-json\/wp\/v2\/media?parent=208069"}],"wp:term":[{"taxonomy":"product_brand","embeddable":true,"href":"https:\/\/aromasentia.com\/no\/wp-json\/wp\/v2\/product_brand?post=208069"},{"taxonomy":"product_cat","embeddable":true,"href":"https:\/\/aromasentia.com\/no\/wp-json\/wp\/v2\/product_cat?post=208069"},{"taxonomy":"product_tag","embeddable":true,"href":"https:\/\/aromasentia.com\/no\/wp-json\/wp\/v2\/product_tag?post=208069"}],"curies":[{"name":"wp","href":"https:\/\/api.w.org\/{rel}","templated":true}]}}