{"id":208068,"date":"2025-03-22T16:06:31","date_gmt":"2025-03-22T16:06:31","guid":{"rendered":"https:\/\/aromasentia.com\/product\/tabletop-water-feature-35cm-elephants-crystal-ball-water-wheel\/"},"modified":"2025-05-31T04:38:50","modified_gmt":"2025-05-31T04:38:50","slug":"bordfontene-35-cm-elefanter-krystallkule-og-vannhjul","status":"publish","type":"product","link":"https:\/\/aromasentia.com\/no\/bordfontene-35-cm-elefanter-krystallkule-og-vannhjul\/","title":{"rendered":"Bordfontene &#8211; 35 cm &#8211; Elefanter, Krystallkule Og Vannhjul"},"content":{"rendered":"<p><span style=\"color: rgb(75, 80, 88);\"><strong>Bordvannsfiguren \u2013 Elefanter, Krystallkule og Vannhjul \u2013 byr p\u00e5 en fengslende utstilling, med vann som fosser ned fra toppen og ned i hvert niv\u00e5 i kummen under. Dette i\u00f8ynefallende m\u00f8belet er laget av slitesterk polyresin og fungerer som b\u00e5de et funksjonelt og dekorativt midtpunkt for ethvert hjem eller kontor.<\/span><\/p>\n<p><span style=\"color: rgb(75, 80, 88);\">Det som gj\u00f8r denne figuren virkelig unik, er kombinasjonen av symbolske elementer: elefantene representerer lykke, krystallkulen gir en f\u00f8lelse av mystikk, og det roterende vannhjulet gir dynamisk bevegelse. Perfekt for de som s\u00f8ker et samtalem\u00f8bel, ideelt for salongbord, konsollbord eller resepsjonsskranker.<\/span><\/p>\n<p><span style=\"color: rgb(75, 80, 88);\">Med sin milde vannstr\u00f8m skaper dette m\u00f8belet en beroligende atmosf\u00e6re, noe som gj\u00f8r det til et flott tillegg til meditasjonsrom, yogastudioer eller andre omgivelser som trenger ro.<\/span><\/p>\n<p><span style=\"color: rgb(141, 186, 216);\"><strong>Legg til dette fortryllende og rolige m\u00f8belet i samlingen din i dag!<\/strong><\/span><\/p>\n","protected":false},"excerpt":{"rendered":"<p>Bordvannsfiguren \u2013 Elefanter, Krystallkule og Vannhjul \u2013 byr p\u00e5 en fengslende utstilling, med vann som fosser ned fra toppen og ned i hvert niv\u00e5 i kummen under. Dette i\u00f8ynefallende m\u00f8belet er laget av slitesterk polyresin og fungerer som b\u00e5de et funksjonelt og dekorativt midtpunkt for ethvert hjem eller kontor. Det som gj\u00f8r denne figuren virkelig [&hellip;]<\/p>\n","protected":false},"featured_media":382733,"comment_status":"closed","ping_status":"open","template":"","meta":{"_angie_page":false},"product_brand":[],"product_cat":[10400,8394],"product_tag":[],"class_list":{"0":"post-208068","1":"product","2":"type-product","3":"status-publish","4":"has-post-thumbnail","6":"product_cat-dekorasjon","7":"product_cat-hjem-og-hage","8":"pa_collection-tabletop-water-features-no","9":"pa_made-in-kina","11":"first","12":"instock","13":"purchasable","14":"product-type-simple"},"supplier_id":null,"supplier_sku":"WaterF-12","barcode":null,"atum_controlled":true,"out_stock_date":null,"out_stock_threshold":null,"inheritable":false,"inbound_stock":null,"stock_on_hold":0,"sold_today":0,"sales_last_days":0,"reserved_stock":null,"customer_returns":null,"warehouse_damage":null,"lost_in_post":null,"other_logs":null,"out_stock_days":0,"lost_sales":0,"has_location":null,"update_date":"2026-05-08T05:21:30","atum_locations":[],"atum_stock_status":"instock","restock_status":false,"low_stock_amount":"","sales_update_date":"2025-09-04T00:30:58","calc_backorders":null,"_links":{"self":[{"href":"https:\/\/aromasentia.com\/no\/wp-json\/wp\/v2\/product\/208068","targetHints":{"allow":["GET"]}}],"collection":[{"href":"https:\/\/aromasentia.com\/no\/wp-json\/wp\/v2\/product"}],"about":[{"href":"https:\/\/aromasentia.com\/no\/wp-json\/wp\/v2\/types\/product"}],"replies":[{"embeddable":true,"href":"https:\/\/aromasentia.com\/no\/wp-json\/wp\/v2\/comments?post=208068"}],"version-history":[{"count":0,"href":"https:\/\/aromasentia.com\/no\/wp-json\/wp\/v2\/product\/208068\/revisions"}],"wp:featuredmedia":[{"embeddable":true,"href":"https:\/\/aromasentia.com\/no\/wp-json\/wp\/v2\/media\/382733"}],"wp:attachment":[{"href":"https:\/\/aromasentia.com\/no\/wp-json\/wp\/v2\/media?parent=208068"}],"wp:term":[{"taxonomy":"product_brand","embeddable":true,"href":"https:\/\/aromasentia.com\/no\/wp-json\/wp\/v2\/product_brand?post=208068"},{"taxonomy":"product_cat","embeddable":true,"href":"https:\/\/aromasentia.com\/no\/wp-json\/wp\/v2\/product_cat?post=208068"},{"taxonomy":"product_tag","embeddable":true,"href":"https:\/\/aromasentia.com\/no\/wp-json\/wp\/v2\/product_tag?post=208068"}],"curies":[{"name":"wp","href":"https:\/\/api.w.org\/{rel}","templated":true}]}}