{"id":208065,"date":"2025-03-22T16:06:31","date_gmt":"2025-03-22T16:06:31","guid":{"rendered":"https:\/\/aromasentia.com\/product\/tabletop-water-feature-20cm-elephant-in-love\/"},"modified":"2025-05-31T04:38:28","modified_gmt":"2025-05-31T04:38:28","slug":"bordfontene-20-cm-elephant-in-love","status":"publish","type":"product","link":"https:\/\/aromasentia.com\/no\/bordfontene-20-cm-elephant-in-love\/","title":{"rendered":"Bordfontene &#8211; 20 cm &#8211; Elephant In Love"},"content":{"rendered":"<p><strong><span style=\"color: rgb(75, 80, 88);\">Bordvannsfunksjonen \u2013 Elephant Love Cascade<\/span><\/strong><span style=\"color: rgb(75, 80, 88);\"> viser frem to vakkert skulpturerte elefanter, som symboliserer kj\u00e6rlighet og hengivenhet. Perfekt for gavebutikker eller interi\u00f8rkolleksjoner, gir dette m\u00f8belet en finurlig og romantisk sjarm til ethvert milj\u00f8.<\/span><\/p>\n<p><span style=\"color: rgb(75, 80, 88);\">Med sitt hjertevarmende elefantdesign fungerer dette vannfunksjonen som et sl\u00e5ende midtpunkt, og tilbyr et unikt alternativ til typiske design som umiddelbart fanger kundenes oppmerksomhet. Den milde lyden av rennende vann bidrar til den beroligende atmosf\u00e6ren uten \u00e5 forstyrre, noe som sikrer en avslappende opplevelse.<\/span><\/p>\n<p><span style=\"color: rgb(75, 80, 88);\">Ideell for et bredt spekter av kunder, fra elefantelskere til par som s\u00f8ker en fredelig aksent til hjemmet sitt, er denne fortryllende vannfunksjonen et flott tillegg til enhver samling, som garantert vil forbedre varelageret ditt og \u00f8ke salget!<\/span><\/p>\n","protected":false},"excerpt":{"rendered":"<p>Bordvannsfunksjonen \u2013 Elephant Love Cascade viser frem to vakkert skulpturerte elefanter, som symboliserer kj\u00e6rlighet og hengivenhet. Perfekt for gavebutikker eller interi\u00f8rkolleksjoner, gir dette m\u00f8belet en finurlig og romantisk sjarm til ethvert milj\u00f8. Med sitt hjertevarmende elefantdesign fungerer dette vannfunksjonen som et sl\u00e5ende midtpunkt, og tilbyr et unikt alternativ til typiske design som umiddelbart fanger kundenes [&hellip;]<\/p>\n","protected":false},"featured_media":382706,"comment_status":"closed","ping_status":"open","template":"","meta":{"_angie_page":false},"product_brand":[],"product_cat":[10400,8394],"product_tag":[],"class_list":{"0":"post-208065","1":"product","2":"type-product","3":"status-publish","4":"has-post-thumbnail","6":"product_cat-dekorasjon","7":"product_cat-hjem-og-hage","8":"pa_collection-tabletop-water-features-no","9":"pa_made-in-kina","11":"first","12":"instock","13":"purchasable","14":"product-type-simple"},"supplier_id":null,"supplier_sku":"WaterF-08","barcode":null,"atum_controlled":true,"out_stock_date":null,"out_stock_threshold":null,"inheritable":false,"inbound_stock":null,"stock_on_hold":0,"sold_today":0,"sales_last_days":0,"reserved_stock":null,"customer_returns":null,"warehouse_damage":null,"lost_in_post":null,"other_logs":null,"out_stock_days":0,"lost_sales":0,"has_location":null,"update_date":"2026-04-27T07:26:46","atum_locations":[],"atum_stock_status":"instock","restock_status":false,"low_stock_amount":"","sales_update_date":"2025-09-04T00:30:58","calc_backorders":null,"_links":{"self":[{"href":"https:\/\/aromasentia.com\/no\/wp-json\/wp\/v2\/product\/208065","targetHints":{"allow":["GET"]}}],"collection":[{"href":"https:\/\/aromasentia.com\/no\/wp-json\/wp\/v2\/product"}],"about":[{"href":"https:\/\/aromasentia.com\/no\/wp-json\/wp\/v2\/types\/product"}],"replies":[{"embeddable":true,"href":"https:\/\/aromasentia.com\/no\/wp-json\/wp\/v2\/comments?post=208065"}],"version-history":[{"count":0,"href":"https:\/\/aromasentia.com\/no\/wp-json\/wp\/v2\/product\/208065\/revisions"}],"wp:featuredmedia":[{"embeddable":true,"href":"https:\/\/aromasentia.com\/no\/wp-json\/wp\/v2\/media\/382706"}],"wp:attachment":[{"href":"https:\/\/aromasentia.com\/no\/wp-json\/wp\/v2\/media?parent=208065"}],"wp:term":[{"taxonomy":"product_brand","embeddable":true,"href":"https:\/\/aromasentia.com\/no\/wp-json\/wp\/v2\/product_brand?post=208065"},{"taxonomy":"product_cat","embeddable":true,"href":"https:\/\/aromasentia.com\/no\/wp-json\/wp\/v2\/product_cat?post=208065"},{"taxonomy":"product_tag","embeddable":true,"href":"https:\/\/aromasentia.com\/no\/wp-json\/wp\/v2\/product_tag?post=208065"}],"curies":[{"name":"wp","href":"https:\/\/api.w.org\/{rel}","templated":true}]}}