{"id":208062,"date":"2025-03-22T16:06:31","date_gmt":"2025-03-22T16:06:31","guid":{"rendered":"https:\/\/aromasentia.com\/product\/tabletop-water-feature-18cm-cascading-rock-formation\/"},"modified":"2025-05-31T04:38:21","modified_gmt":"2025-05-31T04:38:21","slug":"bordfontene-18-cm-cascading-rock-formation","status":"publish","type":"product","link":"https:\/\/aromasentia.com\/no\/bordfontene-18-cm-cascading-rock-formation\/","title":{"rendered":"Bordfontene &#8211; 18 cm &#8211; Cascading Rock Formation"},"content":{"rendered":"<p><span style=\"color: rgb(75, 80, 88);\">\u00c5 bringe feng shui inn i hjemmet ditt kan v\u00e6re livsforandrende. Feng shui handler om \u00e5 skape balanse, harmoni, naturlig flyt og energi for \u00e5 forbedre hum\u00f8ret, velv\u00e6ret og den indre styrken din. En av de beste m\u00e5tene \u00e5 gj\u00f8re dette p\u00e5 er med denne avslappende innend\u00f8rs vannfontenen p\u00e5 bordet.<\/span><\/p>\n<p><span style=\"color: rgb(75, 80, 88);\"><br \/><\/span><\/p>\n<p><span style=\"color: rgb(75, 80, 88);\">Omr\u00e5det for god feng shui, hvor du kan plassere fontenen din, er det nordlige hj\u00f8rnet, da det representerer vannelementene. En gang er ogs\u00e5 et flott sted, men s\u00f8rg for at vannstr\u00f8mmen fra innend\u00f8rsfontenen g\u00e5r mot innsiden av hjemmet ditt for \u00e5 oppmuntre den positive energien til \u00e5 holde seg inne og ikke str\u00f8mme tilbake ut.<\/span><\/p>\n<p><span style=\"color: rgb(75, 80, 88);\">Siden mange av oss jobber hjemmefra, er hjemmekontor et flott sted \u00e5 skape litt positiv energi til arbeidsdagen. Den beroligende lyden av sildrende eller fallende vann er en fredelig og rolig lyd som kan hjelpe deg med \u00e5 slappe av. Hvis du lytter til lyden, spesielt mens du mediterer, kan den ogs\u00e5 hjelpe deg med \u00e5 frigj\u00f8re spenninger eller stress du m\u00e5tte holde fast ved.<\/span><\/p>\n<p><span style=\"color: rgb(75, 80, 88);\"><br \/><\/span><\/p>\n<p><span style=\"color: rgb(75, 80, 88);\">Fontener er pakket i elegante, \u00f8kologiske esker. Inni finner du brukerh\u00e5ndboken. Innebygd belysning &#8211; Pumpe inkludert &#8211; Str\u00f8mnings-\/hastighetskontroll &#8211; Elektrisk<\/span><\/p>\n<p><span style=\"color: rgb(75, 80, 88);\"><strong>Velg mellom 7 design og la kundene dine finne det perfekte for god feng shui.<\/strong><\/span><\/p>\n","protected":false},"excerpt":{"rendered":"<p>\u00c5 bringe feng shui inn i hjemmet ditt kan v\u00e6re livsforandrende. Feng shui handler om \u00e5 skape balanse, harmoni, naturlig flyt og energi for \u00e5 forbedre hum\u00f8ret, velv\u00e6ret og den indre styrken din. En av de beste m\u00e5tene \u00e5 gj\u00f8re dette p\u00e5 er med denne avslappende innend\u00f8rs vannfontenen p\u00e5 bordet. Omr\u00e5det for god feng shui, [&hellip;]<\/p>\n","protected":false},"featured_media":382647,"comment_status":"closed","ping_status":"open","template":"","meta":{"_angie_page":false},"product_brand":[],"product_cat":[10400,8394],"product_tag":[],"class_list":{"0":"post-208062","1":"product","2":"type-product","3":"status-publish","4":"has-post-thumbnail","6":"product_cat-dekorasjon","7":"product_cat-hjem-og-hage","8":"pa_collection-tabletop-water-features-no","9":"pa_made-in-kina","11":"first","12":"instock","13":"purchasable","14":"product-type-simple"},"supplier_id":null,"supplier_sku":"WaterF-05","barcode":null,"atum_controlled":true,"out_stock_date":null,"out_stock_threshold":null,"inheritable":false,"inbound_stock":null,"stock_on_hold":0,"sold_today":0,"sales_last_days":0,"reserved_stock":null,"customer_returns":null,"warehouse_damage":null,"lost_in_post":null,"other_logs":null,"out_stock_days":0,"lost_sales":0,"has_location":null,"update_date":"2026-04-27T07:26:38","atum_locations":[],"atum_stock_status":"instock","restock_status":false,"low_stock_amount":"","sales_update_date":"2026-01-30T01:24:47","calc_backorders":null,"_links":{"self":[{"href":"https:\/\/aromasentia.com\/no\/wp-json\/wp\/v2\/product\/208062","targetHints":{"allow":["GET"]}}],"collection":[{"href":"https:\/\/aromasentia.com\/no\/wp-json\/wp\/v2\/product"}],"about":[{"href":"https:\/\/aromasentia.com\/no\/wp-json\/wp\/v2\/types\/product"}],"replies":[{"embeddable":true,"href":"https:\/\/aromasentia.com\/no\/wp-json\/wp\/v2\/comments?post=208062"}],"version-history":[{"count":0,"href":"https:\/\/aromasentia.com\/no\/wp-json\/wp\/v2\/product\/208062\/revisions"}],"wp:featuredmedia":[{"embeddable":true,"href":"https:\/\/aromasentia.com\/no\/wp-json\/wp\/v2\/media\/382647"}],"wp:attachment":[{"href":"https:\/\/aromasentia.com\/no\/wp-json\/wp\/v2\/media?parent=208062"}],"wp:term":[{"taxonomy":"product_brand","embeddable":true,"href":"https:\/\/aromasentia.com\/no\/wp-json\/wp\/v2\/product_brand?post=208062"},{"taxonomy":"product_cat","embeddable":true,"href":"https:\/\/aromasentia.com\/no\/wp-json\/wp\/v2\/product_cat?post=208062"},{"taxonomy":"product_tag","embeddable":true,"href":"https:\/\/aromasentia.com\/no\/wp-json\/wp\/v2\/product_tag?post=208062"}],"curies":[{"name":"wp","href":"https:\/\/api.w.org\/{rel}","templated":true}]}}