{"id":208036,"date":"2025-03-22T16:58:42","date_gmt":"2025-03-22T16:58:42","guid":{"rendered":"https:\/\/aromasentia.com\/product\/10ml-holly-berry-mistletoe\/"},"modified":"2025-05-31T04:37:00","modified_gmt":"2025-05-31T04:37:00","slug":"10ml-holly-berry-mistletoe","status":"publish","type":"product","link":"https:\/\/aromasentia.com\/no\/10ml-holly-berry-mistletoe\/","title":{"rendered":"10ml Holly Berry &#038; Mistletoe"},"content":{"rendered":"<p>V\u00e5re <strong>duftoljer med kristtornb\u00e6r og misteltein<\/strong> er sv\u00e6rt holdbare fordi de er fortynnet med en annen olje laget av dipropylenglykol (DPG). DPG er en vanlig b\u00e6rerolje som brukes til \u00e5 kutte duftoljer for \u00e5 gj\u00f8re dem mer effektive.<\/p>\n<p>I tillegg vil den nydelige, s\u00e6regne duften definitivt fange noen kunders oppmerksomhet.<\/p>\n","protected":false},"excerpt":{"rendered":"<p>V\u00e5re duftoljer med kristtornb\u00e6r og misteltein er sv\u00e6rt holdbare fordi de er fortynnet med en annen olje laget av dipropylenglykol (DPG). DPG er en vanlig b\u00e6rerolje som brukes til \u00e5 kutte duftoljer for \u00e5 gj\u00f8re dem mer effektive. I tillegg vil den nydelige, s\u00e6regne duften definitivt fange noen kunders oppmerksomhet.<\/p>\n","protected":false},"featured_media":385881,"comment_status":"closed","ping_status":"open","template":"","meta":{"_angie_page":false},"product_brand":[],"product_cat":[9065,9070],"product_tag":[],"class_list":{"0":"post-208036","1":"product","2":"type-product","3":"status-publish","4":"has-post-thumbnail","6":"product_cat-aromaterapi-og-romduft","7":"product_cat-duftoljer","8":"pa_collection-ancient-wisdom-fragrance-oils-no","9":"pa_made-in-storbritannia","10":"pa_size-10ml","12":"first","13":"instock","14":"purchasable","15":"product-type-simple"},"supplier_id":null,"supplier_sku":"AWFO-83","barcode":null,"atum_controlled":true,"out_stock_date":null,"out_stock_threshold":null,"inheritable":false,"inbound_stock":null,"stock_on_hold":0,"sold_today":0,"sales_last_days":0,"reserved_stock":null,"customer_returns":null,"warehouse_damage":null,"lost_in_post":null,"other_logs":null,"out_stock_days":0,"lost_sales":0,"has_location":null,"update_date":"2026-04-27T06:52:17","atum_locations":[],"atum_stock_status":"instock","restock_status":false,"low_stock_amount":"","sales_update_date":"2026-01-30T01:24:34","calc_backorders":null,"_links":{"self":[{"href":"https:\/\/aromasentia.com\/no\/wp-json\/wp\/v2\/product\/208036","targetHints":{"allow":["GET"]}}],"collection":[{"href":"https:\/\/aromasentia.com\/no\/wp-json\/wp\/v2\/product"}],"about":[{"href":"https:\/\/aromasentia.com\/no\/wp-json\/wp\/v2\/types\/product"}],"replies":[{"embeddable":true,"href":"https:\/\/aromasentia.com\/no\/wp-json\/wp\/v2\/comments?post=208036"}],"version-history":[{"count":0,"href":"https:\/\/aromasentia.com\/no\/wp-json\/wp\/v2\/product\/208036\/revisions"}],"wp:featuredmedia":[{"embeddable":true,"href":"https:\/\/aromasentia.com\/no\/wp-json\/wp\/v2\/media\/385881"}],"wp:attachment":[{"href":"https:\/\/aromasentia.com\/no\/wp-json\/wp\/v2\/media?parent=208036"}],"wp:term":[{"taxonomy":"product_brand","embeddable":true,"href":"https:\/\/aromasentia.com\/no\/wp-json\/wp\/v2\/product_brand?post=208036"},{"taxonomy":"product_cat","embeddable":true,"href":"https:\/\/aromasentia.com\/no\/wp-json\/wp\/v2\/product_cat?post=208036"},{"taxonomy":"product_tag","embeddable":true,"href":"https:\/\/aromasentia.com\/no\/wp-json\/wp\/v2\/product_tag?post=208036"}],"curies":[{"name":"wp","href":"https:\/\/api.w.org\/{rel}","templated":true}]}}