{"id":207947,"date":"2025-03-22T16:58:52","date_gmt":"2025-03-22T16:58:52","guid":{"rendered":"https:\/\/aromasentia.com\/product\/grapefruit-mandarin-fragrance-250g\/"},"modified":"2025-06-28T22:43:04","modified_gmt":"2025-06-28T22:43:04","slug":"grapefrukt-og-mandarin-duftolje-250ml","status":"publish","type":"product","link":"https:\/\/aromasentia.com\/no\/grapefrukt-og-mandarin-duftolje-250ml\/","title":{"rendered":"Grapefrukt Og Mandarin Duftolje 250ml"},"content":{"rendered":"<p>Denne duftoljen p\u00e5 250 ml l\u00f8fter hum\u00f8ret ditt med den lyse og sitrusaktige aromaen av grapefrukt og mandarin. Perfekt til bruk i oljebrennere, diffusorer eller som forfriskende potpurri, og vil skape en energigivende og munter atmosf\u00e6re.<\/p>\n","protected":false},"excerpt":{"rendered":"<p>Denne duftoljen p\u00e5 250 ml l\u00f8fter hum\u00f8ret ditt med den lyse og sitrusaktige aromaen av grapefrukt og mandarin. Perfekt til bruk i oljebrennere, diffusorer eller som forfriskende potpurri, og vil skape en energigivende og munter atmosf\u00e6re.<\/p>\n","protected":false},"featured_media":386567,"comment_status":"closed","ping_status":"open","template":"","meta":{"_angie_page":false},"product_brand":[],"product_cat":[9065,25843,9070,26203,26264,26820],"product_tag":[],"class_list":{"0":"post-207947","1":"product","2":"type-product","3":"status-publish","4":"has-post-thumbnail","6":"product_cat-aromaterapi-og-romduft","7":"product_cat-dufter-aromaer","8":"product_cat-duftoljer","9":"product_cat-grapefrukt","10":"product_cat-mandarin","11":"product_cat-sitrus","12":"pa_collection-pure-fragrance-oils-250g-no","13":"pa_made-in-storbritannia","14":"pa_size-250ml","16":"first","17":"instock","18":"purchasable","19":"product-type-simple"},"supplier_id":null,"supplier_sku":"AWPFO-19","barcode":null,"atum_controlled":true,"out_stock_date":null,"out_stock_threshold":null,"inheritable":false,"inbound_stock":null,"stock_on_hold":0,"sold_today":0,"sales_last_days":0,"reserved_stock":null,"customer_returns":null,"warehouse_damage":null,"lost_in_post":null,"other_logs":null,"out_stock_days":0,"lost_sales":0,"has_location":null,"update_date":"2026-04-27T06:52:40","atum_locations":[],"atum_stock_status":"instock","restock_status":false,"low_stock_amount":"","sales_update_date":"2026-02-06T00:00:43","calc_backorders":null,"_links":{"self":[{"href":"https:\/\/aromasentia.com\/no\/wp-json\/wp\/v2\/product\/207947","targetHints":{"allow":["GET"]}}],"collection":[{"href":"https:\/\/aromasentia.com\/no\/wp-json\/wp\/v2\/product"}],"about":[{"href":"https:\/\/aromasentia.com\/no\/wp-json\/wp\/v2\/types\/product"}],"replies":[{"embeddable":true,"href":"https:\/\/aromasentia.com\/no\/wp-json\/wp\/v2\/comments?post=207947"}],"version-history":[{"count":0,"href":"https:\/\/aromasentia.com\/no\/wp-json\/wp\/v2\/product\/207947\/revisions"}],"wp:featuredmedia":[{"embeddable":true,"href":"https:\/\/aromasentia.com\/no\/wp-json\/wp\/v2\/media\/386567"}],"wp:attachment":[{"href":"https:\/\/aromasentia.com\/no\/wp-json\/wp\/v2\/media?parent=207947"}],"wp:term":[{"taxonomy":"product_brand","embeddable":true,"href":"https:\/\/aromasentia.com\/no\/wp-json\/wp\/v2\/product_brand?post=207947"},{"taxonomy":"product_cat","embeddable":true,"href":"https:\/\/aromasentia.com\/no\/wp-json\/wp\/v2\/product_cat?post=207947"},{"taxonomy":"product_tag","embeddable":true,"href":"https:\/\/aromasentia.com\/no\/wp-json\/wp\/v2\/product_tag?post=207947"}],"curies":[{"name":"wp","href":"https:\/\/api.w.org\/{rel}","templated":true}]}}