{"id":207918,"date":"2025-03-22T16:58:52","date_gmt":"2025-03-22T16:58:52","guid":{"rendered":"https:\/\/aromasentia.com\/product\/500ml-pure-fo-soft-banana\/"},"modified":"2025-06-28T22:42:48","modified_gmt":"2025-06-28T22:42:48","slug":"myk-banan-ren-duftolje-500ml","status":"publish","type":"product","link":"https:\/\/aromasentia.com\/no\/myk-banan-ren-duftolje-500ml\/","title":{"rendered":"Myk Banan Ren Duftolje 500ml"},"content":{"rendered":"<p>Fyll rommet ditt med den s\u00f8te og behagelige duften av Pure Soft Banana med denne sjener\u00f8se duftoljen p\u00e5 500 ml. Denne oljen er ideell for bruk i oljebrennere, diffusorer eller for \u00e5 lage dine egne duftkreasjoner, og den gir en langvarig og fruktig duft.<\/p>\n","protected":false},"excerpt":{"rendered":"<p>Fyll rommet ditt med den s\u00f8te og behagelige duften av Pure Soft Banana med denne sjener\u00f8se duftoljen p\u00e5 500 ml. Denne oljen er ideell for bruk i oljebrennere, diffusorer eller for \u00e5 lage dine egne duftkreasjoner, og den gir en langvarig og fruktig duft.<\/p>\n","protected":false},"featured_media":387846,"comment_status":"closed","ping_status":"open","template":"","meta":[],"product_brand":[],"product_cat":[9065,26566,25843,9070,26848],"product_tag":[],"class_list":{"0":"post-207918","1":"product","2":"type-product","3":"status-publish","4":"has-post-thumbnail","6":"product_cat-aromaterapi-og-romduft","7":"product_cat-banan","8":"product_cat-dufter-aromaer","9":"product_cat-duftoljer","10":"product_cat-fruktig","11":"pa_collection-pure-fragrance-oils-500ml-no","12":"pa_made-in-storbritannia","13":"pa_size-500ml","15":"first","16":"outofstock","17":"purchasable","18":"product-type-simple"},"supplier_id":null,"supplier_sku":"FOBp-110","barcode":null,"atum_controlled":true,"out_stock_date":"2025-10-30 16:46:46","out_stock_threshold":null,"inheritable":false,"inbound_stock":null,"stock_on_hold":0,"sold_today":0,"sales_last_days":0,"reserved_stock":null,"customer_returns":null,"warehouse_damage":null,"lost_in_post":null,"other_logs":null,"out_stock_days":98,"lost_sales":0,"has_location":null,"update_date":"2026-02-06T00:00:57","atum_locations":[],"atum_stock_status":"outofstock","restock_status":false,"low_stock_amount":"","sales_update_date":"2026-02-06T00:00:57","calc_backorders":null,"_links":{"self":[{"href":"https:\/\/aromasentia.com\/no\/wp-json\/wp\/v2\/product\/207918","targetHints":{"allow":["GET"]}}],"collection":[{"href":"https:\/\/aromasentia.com\/no\/wp-json\/wp\/v2\/product"}],"about":[{"href":"https:\/\/aromasentia.com\/no\/wp-json\/wp\/v2\/types\/product"}],"replies":[{"embeddable":true,"href":"https:\/\/aromasentia.com\/no\/wp-json\/wp\/v2\/comments?post=207918"}],"version-history":[{"count":0,"href":"https:\/\/aromasentia.com\/no\/wp-json\/wp\/v2\/product\/207918\/revisions"}],"wp:featuredmedia":[{"embeddable":true,"href":"https:\/\/aromasentia.com\/no\/wp-json\/wp\/v2\/media\/387846"}],"wp:attachment":[{"href":"https:\/\/aromasentia.com\/no\/wp-json\/wp\/v2\/media?parent=207918"}],"wp:term":[{"taxonomy":"product_brand","embeddable":true,"href":"https:\/\/aromasentia.com\/no\/wp-json\/wp\/v2\/product_brand?post=207918"},{"taxonomy":"product_cat","embeddable":true,"href":"https:\/\/aromasentia.com\/no\/wp-json\/wp\/v2\/product_cat?post=207918"},{"taxonomy":"product_tag","embeddable":true,"href":"https:\/\/aromasentia.com\/no\/wp-json\/wp\/v2\/product_tag?post=207918"}],"curies":[{"name":"wp","href":"https:\/\/api.w.org\/{rel}","templated":true}]}}