{"id":207916,"date":"2025-03-22T16:58:52","date_gmt":"2025-03-22T16:58:52","guid":{"rendered":"https:\/\/aromasentia.com\/product\/500ml-pure-fo-sandalwood\/"},"modified":"2025-06-28T22:42:47","modified_gmt":"2025-06-28T22:42:47","slug":"sandalwood-ren-duftolje-500ml","status":"publish","type":"product","link":"https:\/\/aromasentia.com\/no\/sandalwood-ren-duftolje-500ml\/","title":{"rendered":"Sandalwood Ren Duftolje 500ml"},"content":{"rendered":"<p><strong>Ancient Wisdom&nbsp;<\/strong>Duftoljer er ikke de billigste &#8211; men vi tror de er de beste n\u00e5r det gjelder pris i forhold til kvalitet. De er ideelle for duft Raw Incense Cones.&nbsp;<\/p>\n<p><strong><span style=\"color: rgb(184, 49, 47);\">100% ren duftolje<\/span><\/strong>, alle v\u00e5re oljer er n\u00f8ye utvalgt, kj\u00f8pt oftest fra prim\u00e6rkilder, testet for renhet og underlagt strenge kvalitetskontrollstandarder. Pakket p\u00e5 bestilling og batchkodet og merket med best f\u00f8r-dato.<\/p>\n<p>Hver duftolje er pakket i en aluminiumsflaske med et sikkert lokk.<\/p>\n<\/p>\n<p><em>Sandalwood har en veldig karakteristisk duft som er varm, treaktig, fl\u00f8yelsaktig og balsamisk for \u00e5 gi en innbydende vri p\u00e5 dagen.<\/em><\/p>\n<p><strong>N\u00e5r bare den beste kvaliteten duger.<\/strong><\/p>\n","protected":false},"excerpt":{"rendered":"<p>Ancient Wisdom&nbsp;Duftoljer er ikke de billigste &#8211; men vi tror de er de beste n\u00e5r det gjelder pris i forhold til kvalitet. De er ideelle for duft Raw Incense Cones.&nbsp; 100% ren duftolje, alle v\u00e5re oljer er n\u00f8ye utvalgt, kj\u00f8pt oftest fra prim\u00e6rkilder, testet for renhet og underlagt strenge kvalitetskontrollstandarder. Pakket p\u00e5 bestilling og batchkodet [&hellip;]<\/p>\n","protected":false},"featured_media":387812,"comment_status":"closed","ping_status":"open","template":"","meta":{"_angie_page":false},"product_brand":[],"product_cat":[9065,25843,9070,26386,26897],"product_tag":[],"class_list":{"0":"post-207916","1":"product","2":"type-product","3":"status-publish","4":"has-post-thumbnail","6":"product_cat-aromaterapi-og-romduft","7":"product_cat-dufter-aromaer","8":"product_cat-duftoljer","9":"product_cat-sandelte","10":"product_cat-treaktig","11":"pa_collection-pure-fragrance-oils-500ml-no","12":"pa_made-in-storbritannia","13":"pa_size-500ml","15":"first","16":"instock","17":"purchasable","18":"product-type-simple"},"supplier_id":null,"supplier_sku":"FOBp-104","barcode":null,"atum_controlled":true,"out_stock_date":null,"out_stock_threshold":null,"inheritable":false,"inbound_stock":null,"stock_on_hold":0,"sold_today":0,"sales_last_days":0,"reserved_stock":null,"customer_returns":null,"warehouse_damage":null,"lost_in_post":null,"other_logs":null,"out_stock_days":9,"lost_sales":0,"has_location":null,"update_date":"2026-04-27T07:03:44","atum_locations":[],"atum_stock_status":"instock","restock_status":false,"low_stock_amount":"","sales_update_date":"2026-02-06T00:02:46","calc_backorders":null,"_links":{"self":[{"href":"https:\/\/aromasentia.com\/no\/wp-json\/wp\/v2\/product\/207916","targetHints":{"allow":["GET"]}}],"collection":[{"href":"https:\/\/aromasentia.com\/no\/wp-json\/wp\/v2\/product"}],"about":[{"href":"https:\/\/aromasentia.com\/no\/wp-json\/wp\/v2\/types\/product"}],"replies":[{"embeddable":true,"href":"https:\/\/aromasentia.com\/no\/wp-json\/wp\/v2\/comments?post=207916"}],"version-history":[{"count":0,"href":"https:\/\/aromasentia.com\/no\/wp-json\/wp\/v2\/product\/207916\/revisions"}],"wp:featuredmedia":[{"embeddable":true,"href":"https:\/\/aromasentia.com\/no\/wp-json\/wp\/v2\/media\/387812"}],"wp:attachment":[{"href":"https:\/\/aromasentia.com\/no\/wp-json\/wp\/v2\/media?parent=207916"}],"wp:term":[{"taxonomy":"product_brand","embeddable":true,"href":"https:\/\/aromasentia.com\/no\/wp-json\/wp\/v2\/product_brand?post=207916"},{"taxonomy":"product_cat","embeddable":true,"href":"https:\/\/aromasentia.com\/no\/wp-json\/wp\/v2\/product_cat?post=207916"},{"taxonomy":"product_tag","embeddable":true,"href":"https:\/\/aromasentia.com\/no\/wp-json\/wp\/v2\/product_tag?post=207916"}],"curies":[{"name":"wp","href":"https:\/\/api.w.org\/{rel}","templated":true}]}}