{"id":207914,"date":"2025-03-22T16:58:52","date_gmt":"2025-03-22T16:58:52","guid":{"rendered":"https:\/\/aromasentia.com\/product\/500ml-pure-fo-patchouli\/"},"modified":"2025-06-28T22:42:46","modified_gmt":"2025-06-28T22:42:46","slug":"pachuli-ren-duftolje-500ml","status":"publish","type":"product","link":"https:\/\/aromasentia.com\/no\/pachuli-ren-duftolje-500ml\/","title":{"rendered":"Pachul\u00ed Ren Duftolje 500ml"},"content":{"rendered":"<p>Skap en jordn\u00e6r og jordn\u00e6r atmosf\u00e6re med den rike og karakteristiske duften av Pure Patchouli med denne sjener\u00f8se duftoljen p\u00e5 500 ml. Denne oljen er perfekt til bruk i oljebrennere, diffusorer eller til \u00e5 lage dine egne duftkreasjoner, og den gir en langvarig og unik duft.<\/p>\n","protected":false},"excerpt":{"rendered":"<p>Skap en jordn\u00e6r og jordn\u00e6r atmosf\u00e6re med den rike og karakteristiske duften av Pure Patchouli med denne sjener\u00f8se duftoljen p\u00e5 500 ml. Denne oljen er perfekt til bruk i oljebrennere, diffusorer eller til \u00e5 lage dine egne duftkreasjoner, og den gir en langvarig og unik duft.<\/p>\n","protected":false},"featured_media":387786,"comment_status":"closed","ping_status":"open","template":"","meta":{"_angie_page":false},"product_brand":[],"product_cat":[9065,25843,9070,26827,26335],"product_tag":[],"class_list":{"0":"post-207914","1":"product","2":"type-product","3":"status-publish","4":"has-post-thumbnail","6":"product_cat-aromaterapi-og-romduft","7":"product_cat-dufter-aromaer","8":"product_cat-duftoljer","9":"product_cat-jordlig-gronn","10":"product_cat-patchouli","11":"pa_collection-pure-fragrance-oils-500ml-no","12":"pa_made-in-storbritannia","13":"pa_size-500ml","15":"first","16":"instock","17":"purchasable","18":"product-type-simple"},"supplier_id":null,"supplier_sku":"FOBp-93","barcode":null,"atum_controlled":true,"out_stock_date":null,"out_stock_threshold":null,"inheritable":false,"inbound_stock":null,"stock_on_hold":0,"sold_today":0,"sales_last_days":0,"reserved_stock":null,"customer_returns":null,"warehouse_damage":null,"lost_in_post":null,"other_logs":null,"out_stock_days":0,"lost_sales":0,"has_location":null,"update_date":"2026-04-27T07:03:44","atum_locations":[],"atum_stock_status":"instock","restock_status":false,"low_stock_amount":"","sales_update_date":"2026-01-30T01:26:28","calc_backorders":null,"_links":{"self":[{"href":"https:\/\/aromasentia.com\/no\/wp-json\/wp\/v2\/product\/207914","targetHints":{"allow":["GET"]}}],"collection":[{"href":"https:\/\/aromasentia.com\/no\/wp-json\/wp\/v2\/product"}],"about":[{"href":"https:\/\/aromasentia.com\/no\/wp-json\/wp\/v2\/types\/product"}],"replies":[{"embeddable":true,"href":"https:\/\/aromasentia.com\/no\/wp-json\/wp\/v2\/comments?post=207914"}],"version-history":[{"count":0,"href":"https:\/\/aromasentia.com\/no\/wp-json\/wp\/v2\/product\/207914\/revisions"}],"wp:featuredmedia":[{"embeddable":true,"href":"https:\/\/aromasentia.com\/no\/wp-json\/wp\/v2\/media\/387786"}],"wp:attachment":[{"href":"https:\/\/aromasentia.com\/no\/wp-json\/wp\/v2\/media?parent=207914"}],"wp:term":[{"taxonomy":"product_brand","embeddable":true,"href":"https:\/\/aromasentia.com\/no\/wp-json\/wp\/v2\/product_brand?post=207914"},{"taxonomy":"product_cat","embeddable":true,"href":"https:\/\/aromasentia.com\/no\/wp-json\/wp\/v2\/product_cat?post=207914"},{"taxonomy":"product_tag","embeddable":true,"href":"https:\/\/aromasentia.com\/no\/wp-json\/wp\/v2\/product_tag?post=207914"}],"curies":[{"name":"wp","href":"https:\/\/api.w.org\/{rel}","templated":true}]}}