{"id":207903,"date":"2025-03-22T16:58:52","date_gmt":"2025-03-22T16:58:52","guid":{"rendered":"https:\/\/aromasentia.com\/product\/500g-pure-fo-arabian-musk\/"},"modified":"2025-06-28T22:42:38","modified_gmt":"2025-06-28T22:42:38","slug":"arabian-musk-ren-duftolje-500ml","status":"publish","type":"product","link":"https:\/\/aromasentia.com\/no\/arabian-musk-ren-duftolje-500ml\/","title":{"rendered":"Arabian Musk Ren Duftolje 500ml"},"content":{"rendered":"<p>Omgi deg med den rike og fengslende duften av Pure Arabian Musk med denne sjener\u00f8se duftoljen p\u00e5 500 ml. Denne oljen er ideell for bruk i oljebrennere, diffusorer eller for \u00e5 lage dine egne duftprodukter, og den gir en langvarig og forlokkende moskusduft.<\/p>\n","protected":false},"excerpt":{"rendered":"<p>Omgi deg med den rike og fengslende duften av Pure Arabian Musk med denne sjener\u00f8se duftoljen p\u00e5 500 ml. Denne oljen er ideell for bruk i oljebrennere, diffusorer eller for \u00e5 lage dine egne duftprodukter, og den gir en langvarig og forlokkende moskusduft.<\/p>\n","protected":false},"featured_media":387615,"comment_status":"closed","ping_status":"open","template":"","meta":{"_angie_page":false},"product_brand":[],"product_cat":[9065,9070],"product_tag":[],"class_list":{"0":"post-207903","1":"product","2":"type-product","3":"status-publish","4":"has-post-thumbnail","6":"product_cat-aromaterapi-og-romduft","7":"product_cat-duftoljer","8":"pa_collection-pure-fragrance-oils-500ml-no","9":"pa_made-in-storbritannia","10":"pa_size-500ml","12":"first","13":"instock","14":"purchasable","15":"product-type-simple"},"supplier_id":null,"supplier_sku":"FOBp-05","barcode":null,"atum_controlled":true,"out_stock_date":null,"out_stock_threshold":null,"inheritable":false,"inbound_stock":null,"stock_on_hold":0,"sold_today":0,"sales_last_days":0,"reserved_stock":null,"customer_returns":null,"warehouse_damage":null,"lost_in_post":null,"other_logs":null,"out_stock_days":107,"lost_sales":0,"has_location":null,"update_date":"2026-05-08T05:08:31","atum_locations":[],"atum_stock_status":"instock","restock_status":false,"low_stock_amount":"","sales_update_date":"2026-02-06T00:00:56","calc_backorders":null,"_links":{"self":[{"href":"https:\/\/aromasentia.com\/no\/wp-json\/wp\/v2\/product\/207903","targetHints":{"allow":["GET"]}}],"collection":[{"href":"https:\/\/aromasentia.com\/no\/wp-json\/wp\/v2\/product"}],"about":[{"href":"https:\/\/aromasentia.com\/no\/wp-json\/wp\/v2\/types\/product"}],"replies":[{"embeddable":true,"href":"https:\/\/aromasentia.com\/no\/wp-json\/wp\/v2\/comments?post=207903"}],"version-history":[{"count":0,"href":"https:\/\/aromasentia.com\/no\/wp-json\/wp\/v2\/product\/207903\/revisions"}],"wp:featuredmedia":[{"embeddable":true,"href":"https:\/\/aromasentia.com\/no\/wp-json\/wp\/v2\/media\/387615"}],"wp:attachment":[{"href":"https:\/\/aromasentia.com\/no\/wp-json\/wp\/v2\/media?parent=207903"}],"wp:term":[{"taxonomy":"product_brand","embeddable":true,"href":"https:\/\/aromasentia.com\/no\/wp-json\/wp\/v2\/product_brand?post=207903"},{"taxonomy":"product_cat","embeddable":true,"href":"https:\/\/aromasentia.com\/no\/wp-json\/wp\/v2\/product_cat?post=207903"},{"taxonomy":"product_tag","embeddable":true,"href":"https:\/\/aromasentia.com\/no\/wp-json\/wp\/v2\/product_tag?post=207903"}],"curies":[{"name":"wp","href":"https:\/\/api.w.org\/{rel}","templated":true}]}}