{"id":207902,"date":"2025-03-22T16:58:52","date_gmt":"2025-03-22T16:58:52","guid":{"rendered":"https:\/\/aromasentia.com\/product\/banjara-indian-fragrance-oil-10ml-wild-rose\/"},"modified":"2025-05-31T04:29:48","modified_gmt":"2025-05-31T04:29:48","slug":"banjara-indisk-duftolje-10ml-villrose","status":"publish","type":"product","link":"https:\/\/aromasentia.com\/no\/banjara-indisk-duftolje-10ml-villrose\/","title":{"rendered":"Banjara Indisk Duftolje 10ml &#8211; Villrose"},"content":{"rendered":"<p><span style=\"color: rgb(75, 80, 88);\">Tilf\u00f8r butikken din et snev av Indias rike og eksotiske aromaer med <strong>Banjara Indian Fragrance Oils<\/strong>-kolleksjonen. Disse <strong>10 ml duftoljene<\/strong>, laget i India av ingredienser av h\u00f8y kvalitet, er perfekte for forhandlere som \u00f8nsker \u00e5 tilby noe unikt og fengslende.<\/span><\/p>\n<p><span style=\"color: rgb(75, 80, 88);\">Disse oljene er allsidige og kan brukes i diffusere, brennere eller som en del av et beroligende ritual. De er ogs\u00e5 flotte for personlig tilbeh\u00f8r som lava- eller aromaterapiarmb\u00e5nd.<\/span><\/p>\n","protected":false},"excerpt":{"rendered":"<p>Tilf\u00f8r butikken din et snev av Indias rike og eksotiske aromaer med Banjara Indian Fragrance Oils-kolleksjonen. Disse 10 ml duftoljene, laget i India av ingredienser av h\u00f8y kvalitet, er perfekte for forhandlere som \u00f8nsker \u00e5 tilby noe unikt og fengslende. Disse oljene er allsidige og kan brukes i diffusere, brennere eller som en del av [&hellip;]<\/p>\n","protected":false},"featured_media":387598,"comment_status":"closed","ping_status":"open","template":"","meta":{"_angie_page":false},"product_brand":[27108],"product_cat":[9065,26834,25843,9070,26366],"product_tag":[],"class_list":{"0":"post-207902","1":"product","2":"type-product","3":"status-publish","4":"has-post-thumbnail","6":"product_brand-banjara","7":"product_cat-aromaterapi-og-romduft","8":"product_cat-blomster","9":"product_cat-dufter-aromaer","10":"product_cat-duftoljer","11":"product_cat-rose","12":"pa_collection-banjara-indian-fragrance-oils-no","13":"pa_made-in-india","14":"pa_size-10ml","16":"first","17":"instock","18":"purchasable","19":"product-type-simple"},"supplier_id":null,"supplier_sku":"BanjFO-12","barcode":null,"atum_controlled":true,"out_stock_date":null,"out_stock_threshold":null,"inheritable":false,"inbound_stock":null,"stock_on_hold":0,"sold_today":0,"sales_last_days":0,"reserved_stock":null,"customer_returns":null,"warehouse_damage":null,"lost_in_post":null,"other_logs":null,"out_stock_days":0,"lost_sales":0,"has_location":null,"update_date":"2026-04-27T06:53:44","atum_locations":[],"atum_stock_status":"instock","restock_status":false,"low_stock_amount":"","sales_update_date":"2025-10-09T03:25:24","calc_backorders":null,"_links":{"self":[{"href":"https:\/\/aromasentia.com\/no\/wp-json\/wp\/v2\/product\/207902","targetHints":{"allow":["GET"]}}],"collection":[{"href":"https:\/\/aromasentia.com\/no\/wp-json\/wp\/v2\/product"}],"about":[{"href":"https:\/\/aromasentia.com\/no\/wp-json\/wp\/v2\/types\/product"}],"replies":[{"embeddable":true,"href":"https:\/\/aromasentia.com\/no\/wp-json\/wp\/v2\/comments?post=207902"}],"version-history":[{"count":0,"href":"https:\/\/aromasentia.com\/no\/wp-json\/wp\/v2\/product\/207902\/revisions"}],"wp:featuredmedia":[{"embeddable":true,"href":"https:\/\/aromasentia.com\/no\/wp-json\/wp\/v2\/media\/387598"}],"wp:attachment":[{"href":"https:\/\/aromasentia.com\/no\/wp-json\/wp\/v2\/media?parent=207902"}],"wp:term":[{"taxonomy":"product_brand","embeddable":true,"href":"https:\/\/aromasentia.com\/no\/wp-json\/wp\/v2\/product_brand?post=207902"},{"taxonomy":"product_cat","embeddable":true,"href":"https:\/\/aromasentia.com\/no\/wp-json\/wp\/v2\/product_cat?post=207902"},{"taxonomy":"product_tag","embeddable":true,"href":"https:\/\/aromasentia.com\/no\/wp-json\/wp\/v2\/product_tag?post=207902"}],"curies":[{"name":"wp","href":"https:\/\/api.w.org\/{rel}","templated":true}]}}