{"id":207884,"date":"2025-03-22T16:58:52","date_gmt":"2025-03-22T16:58:52","guid":{"rendered":"https:\/\/aromasentia.com\/product\/100ml-room-spray-cinnamon-orange\/"},"modified":"2025-05-31T04:28:49","modified_gmt":"2025-05-31T04:28:49","slug":"100ml-romspray-kanel-og-appelsin","status":"publish","type":"product","link":"https:\/\/aromasentia.com\/no\/100ml-romspray-kanel-og-appelsin\/","title":{"rendered":"100ml Romspray &#8211; Kanel Og Appelsin"},"content":{"rendered":"<p>Gi hjemmet ditt en duft med denne serien med n\u00f8ye blandede og utformede dufter, spesielt utviklet for \u00e5 gj\u00f8re huset ditt til et hjem.<\/p>\n<p>Ancient Wisdom engros romspray &#8211; kanel og appelsin kommer pakket i 100 ml aluminiumsflasker og er fagmessig blandet for \u00e5 gi rommene en deilig aroma.<\/p>\n<p>Vi har et utmerket utvalg av dufter som kundene dine ikke vil forlate butikken din uten en eller to etter \u00e5 ha luktet p\u00e5 dem.<\/p>\n<p>Disse hjemmevarene kan v\u00e6re et frittst\u00e5ende flott produkt eller et tillegg til v\u00e5re Simmering Granules eller til og med v\u00e5re duftoljer.<\/p>\n<p><span style=\"color: rgb(243, 121, 52);\"><strong>Bestill i dag for \u00e5 gj\u00f8re kundenes hjem til en virkelig aromatisk himmel!<\/strong><\/span><\/p>\n","protected":false},"excerpt":{"rendered":"<p>Gi hjemmet ditt en duft med denne serien med n\u00f8ye blandede og utformede dufter, spesielt utviklet for \u00e5 gj\u00f8re huset ditt til et hjem. Ancient Wisdom engros romspray &#8211; kanel og appelsin kommer pakket i 100 ml aluminiumsflasker og er fagmessig blandet for \u00e5 gi rommene en deilig aroma. Vi har et utmerket utvalg av [&hellip;]<\/p>\n","protected":false},"featured_media":387116,"comment_status":"closed","ping_status":"open","template":"","meta":{"_angie_page":false},"product_brand":[],"product_cat":[26306,9065,25843,26133,26890,9111,26820],"product_tag":[],"class_list":{"0":"post-207884","1":"product","2":"type-product","3":"status-publish","4":"has-post-thumbnail","6":"product_cat-appelsin","7":"product_cat-aromaterapi-og-romduft","8":"product_cat-dufter-aromaer","9":"product_cat-kanel","10":"product_cat-krydret","11":"product_cat-romduft-romspray-og-duftspray","12":"product_cat-sitrus","13":"pa_collection-premium-room-sprays-100ml-no","14":"pa_made-in-storbritannia","15":"pa_size-100ml","17":"first","18":"instock","19":"purchasable","20":"product-type-simple"},"supplier_id":null,"supplier_sku":"AWRS-13","barcode":null,"atum_controlled":true,"out_stock_date":null,"out_stock_threshold":null,"inheritable":false,"inbound_stock":null,"stock_on_hold":0,"sold_today":0,"sales_last_days":0,"reserved_stock":null,"customer_returns":null,"warehouse_damage":null,"lost_in_post":null,"other_logs":null,"out_stock_days":0,"lost_sales":0,"has_location":null,"update_date":"2026-04-27T06:52:53","atum_locations":[],"atum_stock_status":"instock","restock_status":false,"low_stock_amount":"","sales_update_date":"2026-01-30T01:24:32","calc_backorders":null,"_links":{"self":[{"href":"https:\/\/aromasentia.com\/no\/wp-json\/wp\/v2\/product\/207884","targetHints":{"allow":["GET"]}}],"collection":[{"href":"https:\/\/aromasentia.com\/no\/wp-json\/wp\/v2\/product"}],"about":[{"href":"https:\/\/aromasentia.com\/no\/wp-json\/wp\/v2\/types\/product"}],"replies":[{"embeddable":true,"href":"https:\/\/aromasentia.com\/no\/wp-json\/wp\/v2\/comments?post=207884"}],"version-history":[{"count":0,"href":"https:\/\/aromasentia.com\/no\/wp-json\/wp\/v2\/product\/207884\/revisions"}],"wp:featuredmedia":[{"embeddable":true,"href":"https:\/\/aromasentia.com\/no\/wp-json\/wp\/v2\/media\/387116"}],"wp:attachment":[{"href":"https:\/\/aromasentia.com\/no\/wp-json\/wp\/v2\/media?parent=207884"}],"wp:term":[{"taxonomy":"product_brand","embeddable":true,"href":"https:\/\/aromasentia.com\/no\/wp-json\/wp\/v2\/product_brand?post=207884"},{"taxonomy":"product_cat","embeddable":true,"href":"https:\/\/aromasentia.com\/no\/wp-json\/wp\/v2\/product_cat?post=207884"},{"taxonomy":"product_tag","embeddable":true,"href":"https:\/\/aromasentia.com\/no\/wp-json\/wp\/v2\/product_tag?post=207884"}],"curies":[{"name":"wp","href":"https:\/\/api.w.org\/{rel}","templated":true}]}}