{"id":207867,"date":"2025-03-22T16:58:52","date_gmt":"2025-03-22T16:58:52","guid":{"rendered":"https:\/\/aromasentia.com\/product\/strawberry-fragrance-250g\/"},"modified":"2025-06-28T22:42:31","modified_gmt":"2025-06-28T22:42:31","slug":"jordbaer-duftolje-250ml","status":"publish","type":"product","link":"https:\/\/aromasentia.com\/no\/jordbaer-duftolje-250ml\/","title":{"rendered":"Jordb\u00e6r Duftolje 250ml"},"content":{"rendered":"<p>Fyll rommet ditt med den s\u00f8te og herlige duften av jordb\u00e6r med denne duftoljen p\u00e5 250 ml. Denne oljen er perfekt til bruk i oljebrennere, diffusorer eller som forfriskende potpurri, og vil skape en munter og fruktig atmosf\u00e6re.<\/p>\n","protected":false},"excerpt":{"rendered":"<p>Fyll rommet ditt med den s\u00f8te og herlige duften av jordb\u00e6r med denne duftoljen p\u00e5 250 ml. Denne oljen er perfekt til bruk i oljebrennere, diffusorer eller som forfriskende potpurri, og vil skape en munter og fruktig atmosf\u00e6re.<\/p>\n","protected":false},"featured_media":386747,"comment_status":"closed","ping_status":"open","template":"","meta":{"_angie_page":false},"product_brand":[],"product_cat":[9065,25843,9070,26848,26539],"product_tag":[],"class_list":{"0":"post-207867","1":"product","2":"type-product","3":"status-publish","4":"has-post-thumbnail","6":"product_cat-aromaterapi-og-romduft","7":"product_cat-dufter-aromaer","8":"product_cat-duftoljer","9":"product_cat-fruktig","10":"product_cat-jordbaer","11":"pa_collection-pure-fragrance-oils-250g-no","12":"pa_made-in-storbritannia","13":"pa_size-250ml","15":"first","16":"instock","17":"purchasable","18":"product-type-simple"},"supplier_id":null,"supplier_sku":"AWPFO-42","barcode":null,"atum_controlled":true,"out_stock_date":null,"out_stock_threshold":null,"inheritable":false,"inbound_stock":null,"stock_on_hold":0,"sold_today":0,"sales_last_days":0,"reserved_stock":null,"customer_returns":null,"warehouse_damage":null,"lost_in_post":null,"other_logs":null,"out_stock_days":0,"lost_sales":0,"has_location":null,"update_date":"2026-04-27T06:52:46","atum_locations":[],"atum_stock_status":"instock","restock_status":false,"low_stock_amount":"","sales_update_date":"2026-01-30T01:24:32","calc_backorders":null,"_links":{"self":[{"href":"https:\/\/aromasentia.com\/no\/wp-json\/wp\/v2\/product\/207867","targetHints":{"allow":["GET"]}}],"collection":[{"href":"https:\/\/aromasentia.com\/no\/wp-json\/wp\/v2\/product"}],"about":[{"href":"https:\/\/aromasentia.com\/no\/wp-json\/wp\/v2\/types\/product"}],"replies":[{"embeddable":true,"href":"https:\/\/aromasentia.com\/no\/wp-json\/wp\/v2\/comments?post=207867"}],"version-history":[{"count":0,"href":"https:\/\/aromasentia.com\/no\/wp-json\/wp\/v2\/product\/207867\/revisions"}],"wp:featuredmedia":[{"embeddable":true,"href":"https:\/\/aromasentia.com\/no\/wp-json\/wp\/v2\/media\/386747"}],"wp:attachment":[{"href":"https:\/\/aromasentia.com\/no\/wp-json\/wp\/v2\/media?parent=207867"}],"wp:term":[{"taxonomy":"product_brand","embeddable":true,"href":"https:\/\/aromasentia.com\/no\/wp-json\/wp\/v2\/product_brand?post=207867"},{"taxonomy":"product_cat","embeddable":true,"href":"https:\/\/aromasentia.com\/no\/wp-json\/wp\/v2\/product_cat?post=207867"},{"taxonomy":"product_tag","embeddable":true,"href":"https:\/\/aromasentia.com\/no\/wp-json\/wp\/v2\/product_tag?post=207867"}],"curies":[{"name":"wp","href":"https:\/\/api.w.org\/{rel}","templated":true}]}}