{"id":207861,"date":"2025-03-20T15:01:07","date_gmt":"2025-03-20T15:01:07","guid":{"rendered":"https:\/\/aromasentia.com\/product\/wellbeing-1kg-massage-oil\/"},"modified":"2025-05-31T04:27:47","modified_gmt":"2025-05-31T04:27:47","slug":"wellbeing-1kg-massasjeolje","status":"publish","type":"product","link":"https:\/\/aromasentia.com\/no\/wellbeing-1kg-massasjeolje\/","title":{"rendered":"Wellbeing 1Kg Massasjeolje"},"content":{"rendered":"<p>Gi n\u00e6ring til din generelle f\u00f8lelse av vitalitet med v\u00e5r Wellbeing 1 kg massasjeolje. Denne holistiske blandingen er n\u00f8ye gjennomtenkt med et harmonisk utvalg av eteriske oljer og n\u00e6rende b\u00e6restoffer som er utviklet for \u00e5 st\u00f8tte b\u00e5de fysisk og emosjonell balanse. Den beroligende aromaen bidrar til \u00e5 lindre stress, l\u00f8fte hum\u00f8ret og fremme en f\u00f8lelse av indre ro og motstandskraft. Den er ideell for en restituerende massasje, oppmuntrer til avslapning, forynger slitne muskler og gir deg en f\u00f8lelse av \u00e5 v\u00e6re sentrert, revitalisert og gjennomsyret av en f\u00f8lelse av fullstendig velv\u00e6re.<\/p>\n","protected":false},"excerpt":{"rendered":"<p>Gi n\u00e6ring til din generelle f\u00f8lelse av vitalitet med v\u00e5r Wellbeing 1 kg massasjeolje. Denne holistiske blandingen er n\u00f8ye gjennomtenkt med et harmonisk utvalg av eteriske oljer og n\u00e6rende b\u00e6restoffer som er utviklet for \u00e5 st\u00f8tte b\u00e5de fysisk og emosjonell balanse. Den beroligende aromaen bidrar til \u00e5 lindre stress, l\u00f8fte hum\u00f8ret og fremme en f\u00f8lelse [&hellip;]<\/p>\n","protected":false},"featured_media":265314,"comment_status":"closed","ping_status":"open","template":"","meta":[],"product_brand":[],"product_cat":[9413,10343],"product_tag":[],"class_list":{"0":"post-207861","1":"product","2":"type-product","3":"status-publish","4":"has-post-thumbnail","6":"product_cat-bad-spa-og-personlig-pleie","7":"product_cat-massasjeoljer","8":"pa_collection-massage-and-bath-oils-1kg-no","9":"pa_made-in-storbritannia","11":"first","12":"instock","13":"purchasable","14":"product-type-simple"},"supplier_id":null,"supplier_sku":"MOB-17","barcode":null,"atum_controlled":true,"out_stock_date":null,"out_stock_threshold":null,"inheritable":false,"inbound_stock":null,"stock_on_hold":0,"sold_today":0,"sales_last_days":0,"reserved_stock":null,"customer_returns":null,"warehouse_damage":null,"lost_in_post":null,"other_logs":null,"out_stock_days":0,"lost_sales":0,"has_location":null,"update_date":"2026-01-30T01:24:35","atum_locations":[],"atum_stock_status":"instock","restock_status":false,"low_stock_amount":"","sales_update_date":"2026-01-30T01:24:35","calc_backorders":null,"_links":{"self":[{"href":"https:\/\/aromasentia.com\/no\/wp-json\/wp\/v2\/product\/207861","targetHints":{"allow":["GET"]}}],"collection":[{"href":"https:\/\/aromasentia.com\/no\/wp-json\/wp\/v2\/product"}],"about":[{"href":"https:\/\/aromasentia.com\/no\/wp-json\/wp\/v2\/types\/product"}],"replies":[{"embeddable":true,"href":"https:\/\/aromasentia.com\/no\/wp-json\/wp\/v2\/comments?post=207861"}],"version-history":[{"count":0,"href":"https:\/\/aromasentia.com\/no\/wp-json\/wp\/v2\/product\/207861\/revisions"}],"wp:featuredmedia":[{"embeddable":true,"href":"https:\/\/aromasentia.com\/no\/wp-json\/wp\/v2\/media\/265314"}],"wp:attachment":[{"href":"https:\/\/aromasentia.com\/no\/wp-json\/wp\/v2\/media?parent=207861"}],"wp:term":[{"taxonomy":"product_brand","embeddable":true,"href":"https:\/\/aromasentia.com\/no\/wp-json\/wp\/v2\/product_brand?post=207861"},{"taxonomy":"product_cat","embeddable":true,"href":"https:\/\/aromasentia.com\/no\/wp-json\/wp\/v2\/product_cat?post=207861"},{"taxonomy":"product_tag","embeddable":true,"href":"https:\/\/aromasentia.com\/no\/wp-json\/wp\/v2\/product_tag?post=207861"}],"curies":[{"name":"wp","href":"https:\/\/api.w.org\/{rel}","templated":true}]}}