{"id":207860,"date":"2025-03-20T15:01:07","date_gmt":"2025-03-20T15:01:07","guid":{"rendered":"https:\/\/aromasentia.com\/product\/clear-skin-1kg-massage-oil\/"},"modified":"2025-05-31T04:27:45","modified_gmt":"2025-05-31T04:27:45","slug":"clear-skin-1kg-massasjeolje","status":"publish","type":"product","link":"https:\/\/aromasentia.com\/no\/clear-skin-1kg-massasjeolje\/","title":{"rendered":"Clear Skin 1Kg Massasjeolje"},"content":{"rendered":"<p>Frem en klar og sunn hud med v\u00e5r Clear Skin 1Kg Massage Oil. Denne spesialblandingen er sammensatt av botaniske oljer som er kjent for sine rensende, balanserende og beroligende egenskaper, og er utviklet for \u00e5 hjelpe mot urolig eller uren hud. Regelmessig massasje kan bidra til \u00e5 dempe betennelser, balansere talgproduksjonen og forbedre hudens generelle klarhet. Den milde, n\u00e6rende basen s\u00f8rger for at huden f\u00f8les tr\u00f8stet og hydrert, ikke strippet, noe som gir et naturlig klart og str\u00e5lende utseende.<\/p>\n","protected":false},"excerpt":{"rendered":"<p>Frem en klar og sunn hud med v\u00e5r Clear Skin 1Kg Massage Oil. Denne spesialblandingen er sammensatt av botaniske oljer som er kjent for sine rensende, balanserende og beroligende egenskaper, og er utviklet for \u00e5 hjelpe mot urolig eller uren hud. Regelmessig massasje kan bidra til \u00e5 dempe betennelser, balansere talgproduksjonen og forbedre hudens generelle [&hellip;]<\/p>\n","protected":false},"featured_media":265289,"comment_status":"closed","ping_status":"open","template":"","meta":{"_angie_page":false},"product_brand":[],"product_cat":[9413,10343],"product_tag":[],"class_list":{"0":"post-207860","1":"product","2":"type-product","3":"status-publish","4":"has-post-thumbnail","6":"product_cat-bad-spa-og-personlig-pleie","7":"product_cat-massasjeoljer","8":"pa_collection-massage-and-bath-oils-1kg-no","9":"pa_made-in-storbritannia","11":"first","12":"instock","13":"purchasable","14":"product-type-simple"},"supplier_id":null,"supplier_sku":"MOB-16","barcode":null,"atum_controlled":true,"out_stock_date":null,"out_stock_threshold":null,"inheritable":false,"inbound_stock":0,"stock_on_hold":0,"sold_today":0,"sales_last_days":0,"reserved_stock":0,"customer_returns":0,"warehouse_damage":0,"lost_in_post":0,"other_logs":0,"out_stock_days":0,"lost_sales":0,"has_location":false,"update_date":"2026-04-29T05:08:19","atum_locations":[],"atum_stock_status":"instock","restock_status":false,"low_stock_amount":"","sales_update_date":"2026-01-30T01:24:52","calc_backorders":null,"_links":{"self":[{"href":"https:\/\/aromasentia.com\/no\/wp-json\/wp\/v2\/product\/207860","targetHints":{"allow":["GET"]}}],"collection":[{"href":"https:\/\/aromasentia.com\/no\/wp-json\/wp\/v2\/product"}],"about":[{"href":"https:\/\/aromasentia.com\/no\/wp-json\/wp\/v2\/types\/product"}],"replies":[{"embeddable":true,"href":"https:\/\/aromasentia.com\/no\/wp-json\/wp\/v2\/comments?post=207860"}],"version-history":[{"count":0,"href":"https:\/\/aromasentia.com\/no\/wp-json\/wp\/v2\/product\/207860\/revisions"}],"wp:featuredmedia":[{"embeddable":true,"href":"https:\/\/aromasentia.com\/no\/wp-json\/wp\/v2\/media\/265289"}],"wp:attachment":[{"href":"https:\/\/aromasentia.com\/no\/wp-json\/wp\/v2\/media?parent=207860"}],"wp:term":[{"taxonomy":"product_brand","embeddable":true,"href":"https:\/\/aromasentia.com\/no\/wp-json\/wp\/v2\/product_brand?post=207860"},{"taxonomy":"product_cat","embeddable":true,"href":"https:\/\/aromasentia.com\/no\/wp-json\/wp\/v2\/product_cat?post=207860"},{"taxonomy":"product_tag","embeddable":true,"href":"https:\/\/aromasentia.com\/no\/wp-json\/wp\/v2\/product_tag?post=207860"}],"curies":[{"name":"wp","href":"https:\/\/api.w.org\/{rel}","templated":true}]}}