{"id":207859,"date":"2025-03-20T15:01:07","date_gmt":"2025-03-20T15:01:07","guid":{"rendered":"https:\/\/aromasentia.com\/product\/nag-champa-1kg-massage-oil\/"},"modified":"2025-05-31T04:27:43","modified_gmt":"2025-05-31T04:27:43","slug":"nag-champa-1kg-massasjeolje","status":"publish","type":"product","link":"https:\/\/aromasentia.com\/no\/nag-champa-1kg-massasjeolje\/","title":{"rendered":"Nag Champa 1Kg Massasjeolje"},"content":{"rendered":"<p>Fordyp deg i den eksotiske, meditative duften av v\u00e5r Nag Champa 1 kg massasjeolje. Inspirert av den ikoniske r\u00f8kelsen, fanger denne massasjeoljen de rike, s\u00f8te, florale og lett treaktige tonene i den tradisjonelle Nag Champa-duften. Den skaper en dypt beroligende og \u00e5ndelig oppl\u00f8ftende atmosf\u00e6re, perfekt for avslapning, meditasjon eller bare for \u00e5 koble av. De n\u00e6rende baseoljene gir et glatt, luksuri\u00f8st glid og etterlater huden myk og vakkert duftende med denne tidl\u00f8se, hellige aromaen.<\/p>\n","protected":false},"excerpt":{"rendered":"<p>Fordyp deg i den eksotiske, meditative duften av v\u00e5r Nag Champa 1 kg massasjeolje. Inspirert av den ikoniske r\u00f8kelsen, fanger denne massasjeoljen de rike, s\u00f8te, florale og lett treaktige tonene i den tradisjonelle Nag Champa-duften. Den skaper en dypt beroligende og \u00e5ndelig oppl\u00f8ftende atmosf\u00e6re, perfekt for avslapning, meditasjon eller bare for \u00e5 koble av. De [&hellip;]<\/p>\n","protected":false},"featured_media":265264,"comment_status":"closed","ping_status":"open","template":"","meta":{"_angie_page":false},"product_brand":[],"product_cat":[9413,10343],"product_tag":[],"class_list":{"0":"post-207859","1":"product","2":"type-product","3":"status-publish","4":"has-post-thumbnail","6":"product_cat-bad-spa-og-personlig-pleie","7":"product_cat-massasjeoljer","8":"pa_collection-massage-and-bath-oils-1kg-no","9":"pa_made-in-storbritannia","11":"first","12":"instock","13":"purchasable","14":"product-type-simple"},"supplier_id":null,"supplier_sku":"MOB-15","barcode":null,"atum_controlled":true,"out_stock_date":null,"out_stock_threshold":null,"inheritable":false,"inbound_stock":null,"stock_on_hold":0,"sold_today":0,"sales_last_days":0,"reserved_stock":null,"customer_returns":null,"warehouse_damage":null,"lost_in_post":null,"other_logs":null,"out_stock_days":0,"lost_sales":0,"has_location":null,"update_date":"2026-05-04T00:03:58","atum_locations":[],"atum_stock_status":"instock","restock_status":false,"low_stock_amount":"","sales_update_date":"2026-01-30T01:26:09","calc_backorders":null,"_links":{"self":[{"href":"https:\/\/aromasentia.com\/no\/wp-json\/wp\/v2\/product\/207859","targetHints":{"allow":["GET"]}}],"collection":[{"href":"https:\/\/aromasentia.com\/no\/wp-json\/wp\/v2\/product"}],"about":[{"href":"https:\/\/aromasentia.com\/no\/wp-json\/wp\/v2\/types\/product"}],"replies":[{"embeddable":true,"href":"https:\/\/aromasentia.com\/no\/wp-json\/wp\/v2\/comments?post=207859"}],"version-history":[{"count":0,"href":"https:\/\/aromasentia.com\/no\/wp-json\/wp\/v2\/product\/207859\/revisions"}],"wp:featuredmedia":[{"embeddable":true,"href":"https:\/\/aromasentia.com\/no\/wp-json\/wp\/v2\/media\/265264"}],"wp:attachment":[{"href":"https:\/\/aromasentia.com\/no\/wp-json\/wp\/v2\/media?parent=207859"}],"wp:term":[{"taxonomy":"product_brand","embeddable":true,"href":"https:\/\/aromasentia.com\/no\/wp-json\/wp\/v2\/product_brand?post=207859"},{"taxonomy":"product_cat","embeddable":true,"href":"https:\/\/aromasentia.com\/no\/wp-json\/wp\/v2\/product_cat?post=207859"},{"taxonomy":"product_tag","embeddable":true,"href":"https:\/\/aromasentia.com\/no\/wp-json\/wp\/v2\/product_tag?post=207859"}],"curies":[{"name":"wp","href":"https:\/\/api.w.org\/{rel}","templated":true}]}}