{"id":207857,"date":"2025-03-20T15:01:07","date_gmt":"2025-03-20T15:01:07","guid":{"rendered":"https:\/\/aromasentia.com\/product\/madame-punaises-scalp-massage-1kg\/"},"modified":"2025-05-31T04:27:37","modified_gmt":"2025-05-31T04:27:37","slug":"madame-punaises-hodebunnsmassasje-1kg","status":"publish","type":"product","link":"https:\/\/aromasentia.com\/no\/madame-punaises-hodebunnsmassasje-1kg\/","title":{"rendered":"Madame Punaise&#8217;S Hodebunnsmassasje 1Kg"},"content":{"rendered":"<p>Revitaliser hodebunnen og h\u00e5ret ditt med Madame Punaise&#8217;s Scalp Massage 1Kg. Denne unike, sjener\u00f8se behandlingsoljen er spesielt sammensatt for \u00e5 gi n\u00e6ring til hodebunnen, stimulere sirkulasjonen og fremme sunn og livlig h\u00e5rvekst. Den oppkvikkende, men beroligende formelen kan bidra til \u00e5 lindre t\u00f8rrhet, kl\u00f8e og flassing, og skaper et optimalt milj\u00f8 for at h\u00e5ret ditt skal trives. Unn deg en avslappende hodebunnsmassasje med denne aromatiske oljen for \u00e5 l\u00f8se opp spenninger og gi lokkene dine en vakker og sunn glans.<\/p>\n","protected":false},"excerpt":{"rendered":"<p>Revitaliser hodebunnen og h\u00e5ret ditt med Madame Punaise&#8217;s Scalp Massage 1Kg. Denne unike, sjener\u00f8se behandlingsoljen er spesielt sammensatt for \u00e5 gi n\u00e6ring til hodebunnen, stimulere sirkulasjonen og fremme sunn og livlig h\u00e5rvekst. Den oppkvikkende, men beroligende formelen kan bidra til \u00e5 lindre t\u00f8rrhet, kl\u00f8e og flassing, og skaper et optimalt milj\u00f8 for at h\u00e5ret ditt [&hellip;]<\/p>\n","protected":false},"featured_media":265214,"comment_status":"closed","ping_status":"open","template":"","meta":{"_angie_page":false},"product_brand":[],"product_cat":[9413,10343],"product_tag":[],"class_list":{"0":"post-207857","1":"product","2":"type-product","3":"status-publish","4":"has-post-thumbnail","6":"product_cat-bad-spa-og-personlig-pleie","7":"product_cat-massasjeoljer","8":"pa_collection-massage-and-bath-oils-1kg-no","9":"pa_made-in-storbritannia","11":"first","12":"instock","13":"purchasable","14":"product-type-simple"},"supplier_id":null,"supplier_sku":"MOB-13","barcode":null,"atum_controlled":true,"out_stock_date":null,"out_stock_threshold":null,"inheritable":false,"inbound_stock":null,"stock_on_hold":0,"sold_today":0,"sales_last_days":0,"reserved_stock":null,"customer_returns":null,"warehouse_damage":null,"lost_in_post":null,"other_logs":null,"out_stock_days":0,"lost_sales":0,"has_location":null,"update_date":"2026-04-27T07:13:22","atum_locations":[],"atum_stock_status":"instock","restock_status":false,"low_stock_amount":"","sales_update_date":"2026-01-30T01:25:38","calc_backorders":null,"_links":{"self":[{"href":"https:\/\/aromasentia.com\/no\/wp-json\/wp\/v2\/product\/207857","targetHints":{"allow":["GET"]}}],"collection":[{"href":"https:\/\/aromasentia.com\/no\/wp-json\/wp\/v2\/product"}],"about":[{"href":"https:\/\/aromasentia.com\/no\/wp-json\/wp\/v2\/types\/product"}],"replies":[{"embeddable":true,"href":"https:\/\/aromasentia.com\/no\/wp-json\/wp\/v2\/comments?post=207857"}],"version-history":[{"count":0,"href":"https:\/\/aromasentia.com\/no\/wp-json\/wp\/v2\/product\/207857\/revisions"}],"wp:featuredmedia":[{"embeddable":true,"href":"https:\/\/aromasentia.com\/no\/wp-json\/wp\/v2\/media\/265214"}],"wp:attachment":[{"href":"https:\/\/aromasentia.com\/no\/wp-json\/wp\/v2\/media?parent=207857"}],"wp:term":[{"taxonomy":"product_brand","embeddable":true,"href":"https:\/\/aromasentia.com\/no\/wp-json\/wp\/v2\/product_brand?post=207857"},{"taxonomy":"product_cat","embeddable":true,"href":"https:\/\/aromasentia.com\/no\/wp-json\/wp\/v2\/product_cat?post=207857"},{"taxonomy":"product_tag","embeddable":true,"href":"https:\/\/aromasentia.com\/no\/wp-json\/wp\/v2\/product_tag?post=207857"}],"curies":[{"name":"wp","href":"https:\/\/api.w.org\/{rel}","templated":true}]}}