{"id":207854,"date":"2025-03-20T15:01:07","date_gmt":"2025-03-20T15:01:07","guid":{"rendered":"https:\/\/aromasentia.com\/product\/heighten-awareness-1kg-massage-oil\/"},"modified":"2025-05-31T04:27:28","modified_gmt":"2025-05-31T04:27:28","slug":"heighten-awareness-1kg-massasjeolje","status":"publish","type":"product","link":"https:\/\/aromasentia.com\/no\/heighten-awareness-1kg-massasjeolje\/","title":{"rendered":"Heighten Awareness 1Kg Massasjeolje"},"content":{"rendered":"<p>Skjerp fokus og vekk sansene dine med v\u00e5r Heighten Awareness 1 kg massasjeolje. Denne forfriskende blandingen inneholder en n\u00f8ye utvalgt kombinasjon av stimulerende eteriske oljer som er kjent for \u00e5 fremme mental klarhet, forbedre konsentrasjonen og \u00f8ke \u00e5rv\u00e5kenheten. Den glatte, n\u00e6rende oljebasen er perfekt for en revitaliserende massasje som ikke bare beroliger kroppen, men ogs\u00e5 klarner tankene. Den er ideell f\u00f8r viktige oppgaver eller n\u00e5r du trenger et naturlig kognitivt l\u00f8ft, og etterlater deg uthvilt, fokusert og klar til \u00e5 engasjere deg.<\/p>\n","protected":false},"excerpt":{"rendered":"<p>Skjerp fokus og vekk sansene dine med v\u00e5r Heighten Awareness 1 kg massasjeolje. Denne forfriskende blandingen inneholder en n\u00f8ye utvalgt kombinasjon av stimulerende eteriske oljer som er kjent for \u00e5 fremme mental klarhet, forbedre konsentrasjonen og \u00f8ke \u00e5rv\u00e5kenheten. Den glatte, n\u00e6rende oljebasen er perfekt for en revitaliserende massasje som ikke bare beroliger kroppen, men ogs\u00e5 [&hellip;]<\/p>\n","protected":false},"featured_media":265139,"comment_status":"closed","ping_status":"open","template":"","meta":{"_angie_page":false},"product_brand":[],"product_cat":[9413,10343],"product_tag":[],"class_list":{"0":"post-207854","1":"product","2":"type-product","3":"status-publish","4":"has-post-thumbnail","6":"product_cat-bad-spa-og-personlig-pleie","7":"product_cat-massasjeoljer","8":"pa_collection-massage-and-bath-oils-1kg-no","9":"pa_made-in-storbritannia","11":"first","12":"instock","13":"purchasable","14":"product-type-simple"},"supplier_id":null,"supplier_sku":"MOB-10","barcode":null,"atum_controlled":true,"out_stock_date":null,"out_stock_threshold":null,"inheritable":false,"inbound_stock":null,"stock_on_hold":0,"sold_today":0,"sales_last_days":0,"reserved_stock":null,"customer_returns":null,"warehouse_damage":null,"lost_in_post":null,"other_logs":null,"out_stock_days":0,"lost_sales":0,"has_location":null,"update_date":"2026-04-29T05:08:19","atum_locations":[],"atum_stock_status":"instock","restock_status":false,"low_stock_amount":"","sales_update_date":"2026-02-06T00:02:46","calc_backorders":null,"_links":{"self":[{"href":"https:\/\/aromasentia.com\/no\/wp-json\/wp\/v2\/product\/207854","targetHints":{"allow":["GET"]}}],"collection":[{"href":"https:\/\/aromasentia.com\/no\/wp-json\/wp\/v2\/product"}],"about":[{"href":"https:\/\/aromasentia.com\/no\/wp-json\/wp\/v2\/types\/product"}],"replies":[{"embeddable":true,"href":"https:\/\/aromasentia.com\/no\/wp-json\/wp\/v2\/comments?post=207854"}],"version-history":[{"count":0,"href":"https:\/\/aromasentia.com\/no\/wp-json\/wp\/v2\/product\/207854\/revisions"}],"wp:featuredmedia":[{"embeddable":true,"href":"https:\/\/aromasentia.com\/no\/wp-json\/wp\/v2\/media\/265139"}],"wp:attachment":[{"href":"https:\/\/aromasentia.com\/no\/wp-json\/wp\/v2\/media?parent=207854"}],"wp:term":[{"taxonomy":"product_brand","embeddable":true,"href":"https:\/\/aromasentia.com\/no\/wp-json\/wp\/v2\/product_brand?post=207854"},{"taxonomy":"product_cat","embeddable":true,"href":"https:\/\/aromasentia.com\/no\/wp-json\/wp\/v2\/product_cat?post=207854"},{"taxonomy":"product_tag","embeddable":true,"href":"https:\/\/aromasentia.com\/no\/wp-json\/wp\/v2\/product_tag?post=207854"}],"curies":[{"name":"wp","href":"https:\/\/api.w.org\/{rel}","templated":true}]}}