{"id":207853,"date":"2025-03-20T15:01:07","date_gmt":"2025-03-20T15:01:07","guid":{"rendered":"https:\/\/aromasentia.com\/product\/warm-and-uplifting-1kg-massage-oil\/"},"modified":"2025-05-31T04:27:25","modified_gmt":"2025-05-31T04:27:25","slug":"varm-og-opploftende-massasjeolje-pa-1kg","status":"publish","type":"product","link":"https:\/\/aromasentia.com\/no\/varm-og-opploftende-massasjeolje-pa-1kg\/","title":{"rendered":"Varm Og Oppl\u00f8ftende Massasjeolje P\u00e5 1Kg"},"content":{"rendered":"<p>L\u00f8ft hum\u00f8ret og hum\u00f8ret ditt med v\u00e5r varme og oppl\u00f8ftende massasjeolje p\u00e5 1 kg. Denne herlige blandingen er laget med lyse, muntre eteriske oljer som er designet for \u00e5 fjerne dysterhet, fremme positivitet og skape en f\u00f8lelse av glede og velv\u00e6re. De n\u00e6rende baseoljene gir et luksuri\u00f8st glid for en behagelig massasjeopplevelse. La den solfylte aromaen omslutte deg, smelte bort stress og invitere til en f\u00f8lelse av varme og optimisme, slik at huden din blir myk og hum\u00f8ret ditt vakkert oppl\u00f8ftet.<\/p>\n","protected":false},"excerpt":{"rendered":"<p>L\u00f8ft hum\u00f8ret og hum\u00f8ret ditt med v\u00e5r varme og oppl\u00f8ftende massasjeolje p\u00e5 1 kg. Denne herlige blandingen er laget med lyse, muntre eteriske oljer som er designet for \u00e5 fjerne dysterhet, fremme positivitet og skape en f\u00f8lelse av glede og velv\u00e6re. De n\u00e6rende baseoljene gir et luksuri\u00f8st glid for en behagelig massasjeopplevelse. La den solfylte [&hellip;]<\/p>\n","protected":false},"featured_media":265114,"comment_status":"closed","ping_status":"open","template":"","meta":{"_angie_page":false},"product_brand":[],"product_cat":[9413,10343],"product_tag":[],"class_list":{"0":"post-207853","1":"product","2":"type-product","3":"status-publish","4":"has-post-thumbnail","6":"product_cat-bad-spa-og-personlig-pleie","7":"product_cat-massasjeoljer","8":"pa_collection-massage-and-bath-oils-1kg-no","9":"pa_made-in-storbritannia","11":"first","12":"instock","13":"purchasable","14":"product-type-simple"},"supplier_id":null,"supplier_sku":"MOB-09","barcode":null,"atum_controlled":true,"out_stock_date":null,"out_stock_threshold":null,"inheritable":false,"inbound_stock":null,"stock_on_hold":0,"sold_today":0,"sales_last_days":0,"reserved_stock":null,"customer_returns":null,"warehouse_damage":null,"lost_in_post":null,"other_logs":null,"out_stock_days":0,"lost_sales":0,"has_location":null,"update_date":"2026-04-29T05:08:19","atum_locations":[],"atum_stock_status":"instock","restock_status":false,"low_stock_amount":"","sales_update_date":"2026-01-30T01:24:32","calc_backorders":null,"_links":{"self":[{"href":"https:\/\/aromasentia.com\/no\/wp-json\/wp\/v2\/product\/207853","targetHints":{"allow":["GET"]}}],"collection":[{"href":"https:\/\/aromasentia.com\/no\/wp-json\/wp\/v2\/product"}],"about":[{"href":"https:\/\/aromasentia.com\/no\/wp-json\/wp\/v2\/types\/product"}],"replies":[{"embeddable":true,"href":"https:\/\/aromasentia.com\/no\/wp-json\/wp\/v2\/comments?post=207853"}],"version-history":[{"count":0,"href":"https:\/\/aromasentia.com\/no\/wp-json\/wp\/v2\/product\/207853\/revisions"}],"wp:featuredmedia":[{"embeddable":true,"href":"https:\/\/aromasentia.com\/no\/wp-json\/wp\/v2\/media\/265114"}],"wp:attachment":[{"href":"https:\/\/aromasentia.com\/no\/wp-json\/wp\/v2\/media?parent=207853"}],"wp:term":[{"taxonomy":"product_brand","embeddable":true,"href":"https:\/\/aromasentia.com\/no\/wp-json\/wp\/v2\/product_brand?post=207853"},{"taxonomy":"product_cat","embeddable":true,"href":"https:\/\/aromasentia.com\/no\/wp-json\/wp\/v2\/product_cat?post=207853"},{"taxonomy":"product_tag","embeddable":true,"href":"https:\/\/aromasentia.com\/no\/wp-json\/wp\/v2\/product_tag?post=207853"}],"curies":[{"name":"wp","href":"https:\/\/api.w.org\/{rel}","templated":true}]}}