{"id":207838,"date":"2025-03-20T15:03:30","date_gmt":"2025-03-20T15:03:30","guid":{"rendered":"https:\/\/aromasentia.com\/product\/floral-oil-burner-rose\/"},"modified":"2025-05-31T04:26:33","modified_gmt":"2025-05-31T04:26:33","slug":"floral-oljebrenner-rose","status":"publish","type":"product","link":"https:\/\/aromasentia.com\/no\/floral-oljebrenner-rose\/","title":{"rendered":"Floral Oljebrenner &#8211; Rose"},"content":{"rendered":"<p><span style=\"color: rgb(75, 80, 88);\">Ny&nbsp;<\/span><span style=\"color: rgb(141, 186, 216);\"><strong>Blomsteroljebrenner &#8211; Rose&nbsp;<\/strong><\/span><span style=\"color: rgb(75, 80, 88);\">vil bringe komfort og ro til ethvert rom, og fylle luften med en duft du selv velger.&nbsp;<\/span><\/p>\n<p><span style=\"color: rgb(75, 80, 88);\">Takket v\u00e6re den vakre keramikken er den en nydelig hjemmedekorasjon. Den er ferdig med en dekorativ glasur for \u00e5 gi den h\u00f8ye standarden p\u00e5 finishen. Fin og enkel \u2013 ideell for gavekurver.<\/span><\/p>\n<p><span style=\"color: rgb(75, 80, 88);\">Den har et pent blomsterdesign som lar stearinlyset skinne gjennom og skaper en avslappende atmosf\u00e6re.<\/span><\/p>\n<p><span style=\"color: rgb(75, 80, 88);\">Blomsteroljebrennere er flotte for bruk med duftoljer, smeltevoks eller kokegranulat. S\u00f8rg for at det er tilstrekkelig vann i beholderen over brenneren, og plasser alltid oljebrenneren p\u00e5 en varmebestandig matte.<\/span><\/p>\n<p><strong><span style=\"color: rgb(75, 80, 88);\">Et essensielt element for ethvert hjem.<\/span><\/strong><\/p>\n","protected":false},"excerpt":{"rendered":"<p>Ny&nbsp;Blomsteroljebrenner &#8211; Rose&nbsp;vil bringe komfort og ro til ethvert rom, og fylle luften med en duft du selv velger.&nbsp; Takket v\u00e6re den vakre keramikken er den en nydelig hjemmedekorasjon. Den er ferdig med en dekorativ glasur for \u00e5 gi den h\u00f8ye standarden p\u00e5 finishen. Fin og enkel \u2013 ideell for gavekurver. Den har et pent [&hellip;]<\/p>\n","protected":false},"featured_media":266021,"comment_status":"closed","ping_status":"open","template":"","meta":{"_angie_page":false},"product_brand":[],"product_cat":[9081,10241],"product_tag":[],"class_list":{"0":"post-207838","1":"product","2":"type-product","3":"status-publish","4":"has-post-thumbnail","6":"product_cat-aroma-diffuser-aromalamper-og-duftpinner","7":"product_cat-aromalamper-og-oljebrennere","8":"pa_collection-floral-cauldron-oil-burners-no","9":"pa_made-in-kina","11":"first","12":"instock","13":"purchasable","14":"product-type-simple"},"supplier_id":null,"supplier_sku":"OB-192A","barcode":null,"atum_controlled":true,"out_stock_date":null,"out_stock_threshold":null,"inheritable":false,"inbound_stock":null,"stock_on_hold":0,"sold_today":0,"sales_last_days":0,"reserved_stock":null,"customer_returns":null,"warehouse_damage":null,"lost_in_post":null,"other_logs":null,"out_stock_days":0,"lost_sales":0,"has_location":null,"update_date":"2026-04-27T07:16:05","atum_locations":[],"atum_stock_status":"instock","restock_status":false,"low_stock_amount":"","sales_update_date":"2025-09-05T00:17:12","calc_backorders":null,"_links":{"self":[{"href":"https:\/\/aromasentia.com\/no\/wp-json\/wp\/v2\/product\/207838","targetHints":{"allow":["GET"]}}],"collection":[{"href":"https:\/\/aromasentia.com\/no\/wp-json\/wp\/v2\/product"}],"about":[{"href":"https:\/\/aromasentia.com\/no\/wp-json\/wp\/v2\/types\/product"}],"replies":[{"embeddable":true,"href":"https:\/\/aromasentia.com\/no\/wp-json\/wp\/v2\/comments?post=207838"}],"version-history":[{"count":0,"href":"https:\/\/aromasentia.com\/no\/wp-json\/wp\/v2\/product\/207838\/revisions"}],"wp:featuredmedia":[{"embeddable":true,"href":"https:\/\/aromasentia.com\/no\/wp-json\/wp\/v2\/media\/266021"}],"wp:attachment":[{"href":"https:\/\/aromasentia.com\/no\/wp-json\/wp\/v2\/media?parent=207838"}],"wp:term":[{"taxonomy":"product_brand","embeddable":true,"href":"https:\/\/aromasentia.com\/no\/wp-json\/wp\/v2\/product_brand?post=207838"},{"taxonomy":"product_cat","embeddable":true,"href":"https:\/\/aromasentia.com\/no\/wp-json\/wp\/v2\/product_cat?post=207838"},{"taxonomy":"product_tag","embeddable":true,"href":"https:\/\/aromasentia.com\/no\/wp-json\/wp\/v2\/product_tag?post=207838"}],"curies":[{"name":"wp","href":"https:\/\/api.w.org\/{rel}","templated":true}]}}