{"id":207833,"date":"2025-03-20T15:03:30","date_gmt":"2025-03-20T15:03:30","guid":{"rendered":"https:\/\/aromasentia.com\/product\/large-mango-box-burner-tree-of-life\/"},"modified":"2025-05-31T04:26:16","modified_gmt":"2025-05-31T04:26:16","slug":"mango-box-burner-livets-tre-stor","status":"publish","type":"product","link":"https:\/\/aromasentia.com\/no\/mango-box-burner-livets-tre-stor\/","title":{"rendered":"Mango Box Burner &#8211; Livets Tre Stor"},"content":{"rendered":"<p><span style=\"color: rgb(75, 80, 88);\"><strong>Feir vekst og tilknytning med Tree of Life Mango Wood Oil Burner.<\/strong><\/span><\/p>\n<p><span style=\"color: rgb(75, 80, 88);\">Denne brenneren har et vakkert h\u00e5ndsk\u00e5ret Tree of Life-design og er laget av b\u00e6rekraftig mangotre, noe som gir b\u00e5de holdbarhet og symbolikk.<\/span><\/p>\n<p><span style=\"color: rgb(75, 80, 88);\"><strong>Perfekt for oljer eller smeltevoks,<\/strong>den gir en allsidig og milj\u00f8vennlig m\u00e5te \u00e5 fylle ethvert rom med kundenes favorittdufter.<\/span><\/p>\n<p><span style=\"color: rgb(75, 80, 88);\"><strong>Den kompakte st\u00f8rrelsen p\u00e5 12,5 x 12,5 x 12,5 cm<\/strong> gj\u00f8r den til et flott tillegg til ethvert rom eller en meningsfull gave.<\/span><\/p>\n","protected":false},"excerpt":{"rendered":"<p>Feir vekst og tilknytning med Tree of Life Mango Wood Oil Burner. Denne brenneren har et vakkert h\u00e5ndsk\u00e5ret Tree of Life-design og er laget av b\u00e6rekraftig mangotre, noe som gir b\u00e5de holdbarhet og symbolikk. Perfekt for oljer eller smeltevoks,den gir en allsidig og milj\u00f8vennlig m\u00e5te \u00e5 fylle ethvert rom med kundenes favorittdufter. Den kompakte st\u00f8rrelsen [&hellip;]<\/p>\n","protected":false},"featured_media":265872,"comment_status":"closed","ping_status":"open","template":"","meta":{"_angie_page":false},"product_brand":[],"product_cat":[9081,10241],"product_tag":[],"class_list":{"0":"post-207833","1":"product","2":"type-product","3":"status-publish","4":"has-post-thumbnail","6":"product_cat-aroma-diffuser-aromalamper-og-duftpinner","7":"product_cat-aromalamper-og-oljebrennere","8":"pa_collection-mango-wood-oil-burners-no","9":"pa_made-in-india","11":"first","12":"instock","13":"purchasable","14":"product-type-simple"},"supplier_id":null,"supplier_sku":"MWOB-03","barcode":null,"atum_controlled":true,"out_stock_date":null,"out_stock_threshold":null,"inheritable":false,"inbound_stock":null,"stock_on_hold":0,"sold_today":0,"sales_last_days":0,"reserved_stock":null,"customer_returns":null,"warehouse_damage":null,"lost_in_post":null,"other_logs":null,"out_stock_days":0,"lost_sales":0,"has_location":null,"update_date":"2026-05-08T05:14:27","atum_locations":[],"atum_stock_status":"instock","restock_status":false,"low_stock_amount":"","sales_update_date":"2025-09-05T00:17:11","calc_backorders":null,"_links":{"self":[{"href":"https:\/\/aromasentia.com\/no\/wp-json\/wp\/v2\/product\/207833","targetHints":{"allow":["GET"]}}],"collection":[{"href":"https:\/\/aromasentia.com\/no\/wp-json\/wp\/v2\/product"}],"about":[{"href":"https:\/\/aromasentia.com\/no\/wp-json\/wp\/v2\/types\/product"}],"replies":[{"embeddable":true,"href":"https:\/\/aromasentia.com\/no\/wp-json\/wp\/v2\/comments?post=207833"}],"version-history":[{"count":0,"href":"https:\/\/aromasentia.com\/no\/wp-json\/wp\/v2\/product\/207833\/revisions"}],"wp:featuredmedia":[{"embeddable":true,"href":"https:\/\/aromasentia.com\/no\/wp-json\/wp\/v2\/media\/265872"}],"wp:attachment":[{"href":"https:\/\/aromasentia.com\/no\/wp-json\/wp\/v2\/media?parent=207833"}],"wp:term":[{"taxonomy":"product_brand","embeddable":true,"href":"https:\/\/aromasentia.com\/no\/wp-json\/wp\/v2\/product_brand?post=207833"},{"taxonomy":"product_cat","embeddable":true,"href":"https:\/\/aromasentia.com\/no\/wp-json\/wp\/v2\/product_cat?post=207833"},{"taxonomy":"product_tag","embeddable":true,"href":"https:\/\/aromasentia.com\/no\/wp-json\/wp\/v2\/product_tag?post=207833"}],"curies":[{"name":"wp","href":"https:\/\/api.w.org\/{rel}","templated":true}]}}