{"id":207832,"date":"2025-03-20T15:03:30","date_gmt":"2025-03-20T15:03:30","guid":{"rendered":"https:\/\/aromasentia.com\/product\/large-mango-box-burner-buddha\/"},"modified":"2025-05-31T04:26:13","modified_gmt":"2025-05-31T04:26:13","slug":"mango-box-burner-buddha-stor","status":"publish","type":"product","link":"https:\/\/aromasentia.com\/no\/mango-box-burner-buddha-stor\/","title":{"rendered":"Mango Box Burner &#8211; Buddha Stor"},"content":{"rendered":"<p><span style=\"color: rgb(75, 80, 88);\"><strong>Gi kundene dine en f\u00f8lelse av fred og mindfulness hjem med Buddha Mango Wood Oil Burner.<\/strong><\/span><\/p>\n<p><span style=\"color: rgb(75, 80, 88);\">H\u00e5ndsk\u00e5ret av b\u00e6rekraftig mangotre, viser denne brenneren et fredfullt Buddha-design, noe som gj\u00f8r den til et b\u00e5de dekorativt og spirituelt stykke for ethvert rom.<\/span><\/p>\n<p><span style=\"color: rgb(75, 80, 88);\"><strong>Enten den brukes med essensielle oljer eller smeltevoks<\/strong>, tilbyr den en beroligende og allsidig m\u00e5te \u00e5 forbedre atmosf\u00e6ren p\u00e5 med beroligende dufter.<\/span><\/p>\n<p><span style=\"color: rgb(75, 80, 88);\"><strong>Den kompakte st\u00f8rrelsen p\u00e5 12,5 x 12,5 x 12,5 cm <\/strong>gj\u00f8r den ideell for bordplater, hyller eller som en omtenksom, fredfull gave.<\/span><\/p>\n","protected":false},"excerpt":{"rendered":"<p>Gi kundene dine en f\u00f8lelse av fred og mindfulness hjem med Buddha Mango Wood Oil Burner. H\u00e5ndsk\u00e5ret av b\u00e6rekraftig mangotre, viser denne brenneren et fredfullt Buddha-design, noe som gj\u00f8r den til et b\u00e5de dekorativt og spirituelt stykke for ethvert rom. Enten den brukes med essensielle oljer eller smeltevoks, tilbyr den en beroligende og allsidig m\u00e5te [&hellip;]<\/p>\n","protected":false},"featured_media":265823,"comment_status":"closed","ping_status":"open","template":"","meta":{"_angie_page":false},"product_brand":[],"product_cat":[9081,10241],"product_tag":[],"class_list":{"0":"post-207832","1":"product","2":"type-product","3":"status-publish","4":"has-post-thumbnail","6":"product_cat-aroma-diffuser-aromalamper-og-duftpinner","7":"product_cat-aromalamper-og-oljebrennere","8":"pa_collection-mango-wood-oil-burners-no","9":"pa_made-in-india","11":"first","12":"instock","13":"purchasable","14":"product-type-simple"},"supplier_id":null,"supplier_sku":"MWOB-02","barcode":null,"atum_controlled":true,"out_stock_date":null,"out_stock_threshold":null,"inheritable":false,"inbound_stock":null,"stock_on_hold":0,"sold_today":0,"sales_last_days":0,"reserved_stock":null,"customer_returns":null,"warehouse_damage":null,"lost_in_post":null,"other_logs":null,"out_stock_days":0,"lost_sales":0,"has_location":null,"update_date":"2026-05-08T05:14:27","atum_locations":[],"atum_stock_status":"instock","restock_status":false,"low_stock_amount":"","sales_update_date":"2026-02-06T00:01:37","calc_backorders":null,"_links":{"self":[{"href":"https:\/\/aromasentia.com\/no\/wp-json\/wp\/v2\/product\/207832","targetHints":{"allow":["GET"]}}],"collection":[{"href":"https:\/\/aromasentia.com\/no\/wp-json\/wp\/v2\/product"}],"about":[{"href":"https:\/\/aromasentia.com\/no\/wp-json\/wp\/v2\/types\/product"}],"replies":[{"embeddable":true,"href":"https:\/\/aromasentia.com\/no\/wp-json\/wp\/v2\/comments?post=207832"}],"version-history":[{"count":0,"href":"https:\/\/aromasentia.com\/no\/wp-json\/wp\/v2\/product\/207832\/revisions"}],"wp:featuredmedia":[{"embeddable":true,"href":"https:\/\/aromasentia.com\/no\/wp-json\/wp\/v2\/media\/265823"}],"wp:attachment":[{"href":"https:\/\/aromasentia.com\/no\/wp-json\/wp\/v2\/media?parent=207832"}],"wp:term":[{"taxonomy":"product_brand","embeddable":true,"href":"https:\/\/aromasentia.com\/no\/wp-json\/wp\/v2\/product_brand?post=207832"},{"taxonomy":"product_cat","embeddable":true,"href":"https:\/\/aromasentia.com\/no\/wp-json\/wp\/v2\/product_cat?post=207832"},{"taxonomy":"product_tag","embeddable":true,"href":"https:\/\/aromasentia.com\/no\/wp-json\/wp\/v2\/product_tag?post=207832"}],"curies":[{"name":"wp","href":"https:\/\/api.w.org\/{rel}","templated":true}]}}