{"id":207827,"date":"2025-03-20T15:03:30","date_gmt":"2025-03-20T15:03:30","guid":{"rendered":"https:\/\/aromasentia.com\/product\/nag-champa-massage-oil-100ml\/"},"modified":"2025-05-31T04:26:01","modified_gmt":"2025-05-31T04:26:01","slug":"nag-champa-massasjeolje-100ml","status":"publish","type":"product","link":"https:\/\/aromasentia.com\/no\/nag-champa-massasjeolje-100ml\/","title":{"rendered":"Nag Champa Massasjeolje &#8211; 100ml"},"content":{"rendered":"<p>Fra kundens synspunkt er massasjeoljer sv\u00e6rt fornuftige, fordi det er dyrt og tidkrevende \u00e5 kj\u00f8pe hver enkelt olje for \u00e5 blande sine egne.<\/p>\n<p>Disse massasjeoljene er blandet med druekjerneolje. Du kan til og med tilsette noen dr\u00e5per i badet.<\/p>\n<p><strong>Nag Champa massasjeolje<\/strong>er laget med verdenskjente Nag Champa essensielle oljer av gammel visdom og ren druekjerneolje.<\/p>\n","protected":false},"excerpt":{"rendered":"<p>Fra kundens synspunkt er massasjeoljer sv\u00e6rt fornuftige, fordi det er dyrt og tidkrevende \u00e5 kj\u00f8pe hver enkelt olje for \u00e5 blande sine egne. Disse massasjeoljene er blandet med druekjerneolje. Du kan til og med tilsette noen dr\u00e5per i badet. Nag Champa massasjeoljeer laget med verdenskjente Nag Champa essensielle oljer av gammel visdom og ren druekjerneolje.<\/p>\n","protected":false},"featured_media":265682,"comment_status":"closed","ping_status":"open","template":"","meta":{"_angie_page":false},"product_brand":[27096],"product_cat":[9413,10343],"product_tag":[],"class_list":{"0":"post-207827","1":"product","2":"type-product","3":"status-publish","4":"has-post-thumbnail","6":"product_brand-ancient-wisdom","7":"product_cat-bad-spa-og-personlig-pleie","8":"product_cat-massasjeoljer","9":"pa_collection-massage-oils-bottles-100ml-no","10":"pa_made-in-storbritannia","11":"pa_size-100ml","13":"first","14":"instock","15":"purchasable","16":"product-type-simple"},"supplier_id":null,"supplier_sku":"MOL-15","barcode":null,"atum_controlled":true,"out_stock_date":null,"out_stock_threshold":null,"inheritable":false,"inbound_stock":null,"stock_on_hold":0,"sold_today":0,"sales_last_days":0,"reserved_stock":null,"customer_returns":null,"warehouse_damage":null,"lost_in_post":null,"other_logs":null,"out_stock_days":15,"lost_sales":0,"has_location":null,"update_date":"2026-04-27T07:13:29","atum_locations":[],"atum_stock_status":"instock","restock_status":false,"low_stock_amount":"","sales_update_date":"2026-02-06T00:01:30","calc_backorders":null,"_links":{"self":[{"href":"https:\/\/aromasentia.com\/no\/wp-json\/wp\/v2\/product\/207827","targetHints":{"allow":["GET"]}}],"collection":[{"href":"https:\/\/aromasentia.com\/no\/wp-json\/wp\/v2\/product"}],"about":[{"href":"https:\/\/aromasentia.com\/no\/wp-json\/wp\/v2\/types\/product"}],"replies":[{"embeddable":true,"href":"https:\/\/aromasentia.com\/no\/wp-json\/wp\/v2\/comments?post=207827"}],"version-history":[{"count":0,"href":"https:\/\/aromasentia.com\/no\/wp-json\/wp\/v2\/product\/207827\/revisions"}],"wp:featuredmedia":[{"embeddable":true,"href":"https:\/\/aromasentia.com\/no\/wp-json\/wp\/v2\/media\/265682"}],"wp:attachment":[{"href":"https:\/\/aromasentia.com\/no\/wp-json\/wp\/v2\/media?parent=207827"}],"wp:term":[{"taxonomy":"product_brand","embeddable":true,"href":"https:\/\/aromasentia.com\/no\/wp-json\/wp\/v2\/product_brand?post=207827"},{"taxonomy":"product_cat","embeddable":true,"href":"https:\/\/aromasentia.com\/no\/wp-json\/wp\/v2\/product_cat?post=207827"},{"taxonomy":"product_tag","embeddable":true,"href":"https:\/\/aromasentia.com\/no\/wp-json\/wp\/v2\/product_tag?post=207827"}],"curies":[{"name":"wp","href":"https:\/\/api.w.org\/{rel}","templated":true}]}}