{"id":207808,"date":"2025-03-20T15:07:22","date_gmt":"2025-03-20T15:07:22","guid":{"rendered":"https:\/\/aromasentia.com\/product\/oil-burner-angel-cut-out-white\/"},"modified":"2025-05-31T04:24:40","modified_gmt":"2025-05-31T04:24:40","slug":"utskaret-oljebrenner-engel-hvit","status":"publish","type":"product","link":"https:\/\/aromasentia.com\/no\/utskaret-oljebrenner-engel-hvit\/","title":{"rendered":"Utsk\u00e5ret Oljebrenner-Engel &#8211; Hvit"},"content":{"rendered":"<p><span style=\"color: rgb(75, 80, 88);\">I v\u00e5r Simple og Classic-kolleksjon finner du et omfattende utvalg av oljebrennere i forskjellige former, materialer, st\u00f8rrelser og farger. Kolleksjonen oppdateres jevnlig, noe som betyr at noen varer kun er tilgjengelige s\u00e5 lenge lageret rekker. Hvis du er ute etter friske, stilige design, er dette det perfekte stedet \u00e5 utforske.<\/span><\/p>\n<ul>\n<li><span style=\"color: rgb(75, 80, 88);\"><strong>Elegant og minimalistisk design.<\/strong><\/span><\/li>\n<li><span style=\"color: rgb(75, 80, 88);\">Plasser alltid oljebrenneren p\u00e5 en varmebestandig overflate.<\/span><\/li>\n<li><span style=\"color: rgb(75, 80, 88);\">S\u00f8rg for at det er nok vann i formen over brenneren.<\/span><\/li>\n<li><span style=\"color: rgb(75, 80, 88);\">Bruk telys av h\u00f8y kvalitet for best resultat.<\/span><\/li>\n<li><span style=\"color: rgb(75, 80, 88);\">La aldri en tent brenner v\u00e6re uten tilsyn, og hold den unna brennbare gjenstander som gardiner.<\/span><\/li>\n<li><span style=\"color: rgb(75, 80, 88);\">Hvis flammen blir farlig, slukk den med en fuktig klut.<\/span><\/li>\n<li><span style=\"color: rgb(75, 80, 88);\">Oppbevares utilgjengelig for barn.<\/span><\/li>\n<\/ul>\n<p><span style=\"color: rgb(141, 186, 216);\"><strong>Alt til en usl\u00e5elig pris!<\/strong><\/span><\/p>\n","protected":false},"excerpt":{"rendered":"<p>I v\u00e5r Simple og Classic-kolleksjon finner du et omfattende utvalg av oljebrennere i forskjellige former, materialer, st\u00f8rrelser og farger. Kolleksjonen oppdateres jevnlig, noe som betyr at noen varer kun er tilgjengelige s\u00e5 lenge lageret rekker. Hvis du er ute etter friske, stilige design, er dette det perfekte stedet \u00e5 utforske. Elegant og minimalistisk design. Plasser [&hellip;]<\/p>\n","protected":false},"featured_media":266341,"comment_status":"closed","ping_status":"open","template":"","meta":{"_angie_page":false},"product_brand":[],"product_cat":[9081,10241],"product_tag":[],"class_list":{"0":"post-207808","1":"product","2":"type-product","3":"status-publish","4":"has-post-thumbnail","6":"product_cat-aroma-diffuser-aromalamper-og-duftpinner","7":"product_cat-aromalamper-og-oljebrennere","8":"pa_collection-floral-cauldron-oil-burners-no","9":"pa_made-in-kina","11":"first","12":"instock","13":"purchasable","14":"product-type-simple"},"supplier_id":null,"supplier_sku":"OB-319","barcode":null,"atum_controlled":true,"out_stock_date":null,"out_stock_threshold":null,"inheritable":false,"inbound_stock":null,"stock_on_hold":0,"sold_today":0,"sales_last_days":0,"reserved_stock":null,"customer_returns":null,"warehouse_damage":null,"lost_in_post":null,"other_logs":null,"out_stock_days":10,"lost_sales":0,"has_location":null,"update_date":"2026-04-27T07:16:12","atum_locations":[],"atum_stock_status":"instock","restock_status":false,"low_stock_amount":"","sales_update_date":"2026-02-06T00:02:18","calc_backorders":null,"_links":{"self":[{"href":"https:\/\/aromasentia.com\/no\/wp-json\/wp\/v2\/product\/207808","targetHints":{"allow":["GET"]}}],"collection":[{"href":"https:\/\/aromasentia.com\/no\/wp-json\/wp\/v2\/product"}],"about":[{"href":"https:\/\/aromasentia.com\/no\/wp-json\/wp\/v2\/types\/product"}],"replies":[{"embeddable":true,"href":"https:\/\/aromasentia.com\/no\/wp-json\/wp\/v2\/comments?post=207808"}],"version-history":[{"count":0,"href":"https:\/\/aromasentia.com\/no\/wp-json\/wp\/v2\/product\/207808\/revisions"}],"wp:featuredmedia":[{"embeddable":true,"href":"https:\/\/aromasentia.com\/no\/wp-json\/wp\/v2\/media\/266341"}],"wp:attachment":[{"href":"https:\/\/aromasentia.com\/no\/wp-json\/wp\/v2\/media?parent=207808"}],"wp:term":[{"taxonomy":"product_brand","embeddable":true,"href":"https:\/\/aromasentia.com\/no\/wp-json\/wp\/v2\/product_brand?post=207808"},{"taxonomy":"product_cat","embeddable":true,"href":"https:\/\/aromasentia.com\/no\/wp-json\/wp\/v2\/product_cat?post=207808"},{"taxonomy":"product_tag","embeddable":true,"href":"https:\/\/aromasentia.com\/no\/wp-json\/wp\/v2\/product_tag?post=207808"}],"curies":[{"name":"wp","href":"https:\/\/api.w.org\/{rel}","templated":true}]}}