{"id":207801,"date":"2025-03-20T15:09:02","date_gmt":"2025-03-20T15:09:02","guid":{"rendered":"https:\/\/aromasentia.com\/product\/classic-elephant-oil-burners-aast\/"},"modified":"2025-05-31T04:24:06","modified_gmt":"2025-05-31T04:24:06","slug":"klassiske-elefantoljebrennere-aast","status":"publish","type":"product","link":"https:\/\/aromasentia.com\/no\/klassiske-elefantoljebrennere-aast\/","title":{"rendered":"Klassiske Elefantoljebrennere (Aast)"},"content":{"rendered":"<p><strong>Klassiske elefantoljebrennere i keramikk<\/strong> i rustikk terrakottastil. De har en fin taktil f\u00f8lelse som passer godt til \u00e5 selges med v\u00e5re sm\u00e5kokende granuler eller et stort utvalg av duftoljer.<\/p>\n<p>Oljebrennere selges i en rekke forskjellige farger. Fine, enkle design \u2013 ideelle for gavekurver. Oljebrennere er ogs\u00e5 flotte \u00e5 bruke med duftoljer og smeltevoks.<\/p>\n<p>Plasser alltid oljebrenneren p\u00e5 en varmebestandig matte. S\u00f8rg for at det er tilstrekkelig med vann i beholderen over brenneren. Bruk telys av god kvalitet. La aldri v\u00e6re uten tilsyn n\u00e5r den er tent, og hold deg unna gardiner. Hvis flammen blir farlig, slukke den med en fuktig klut. Oppbevares utilgjengelig for barn.<\/p>\n","protected":false},"excerpt":{"rendered":"<p>Klassiske elefantoljebrennere i keramikk i rustikk terrakottastil. De har en fin taktil f\u00f8lelse som passer godt til \u00e5 selges med v\u00e5re sm\u00e5kokende granuler eller et stort utvalg av duftoljer. Oljebrennere selges i en rekke forskjellige farger. Fine, enkle design \u2013 ideelle for gavekurver. Oljebrennere er ogs\u00e5 flotte \u00e5 bruke med duftoljer og smeltevoks. Plasser alltid [&hellip;]<\/p>\n","protected":false},"featured_media":266525,"comment_status":"closed","ping_status":"open","template":"","meta":{"_angie_page":false},"product_brand":[],"product_cat":[9081,10241],"product_tag":[],"class_list":{"0":"post-207801","1":"product","2":"type-product","3":"status-publish","4":"has-post-thumbnail","6":"product_cat-aroma-diffuser-aromalamper-og-duftpinner","7":"product_cat-aromalamper-og-oljebrennere","8":"pa_collection-classic-rustic-oil-burners-no","9":"pa_made-in-kina","11":"first","12":"outofstock","13":"purchasable","14":"product-type-simple"},"supplier_id":null,"supplier_sku":"OBCS-08DS","barcode":null,"atum_controlled":true,"out_stock_date":"2026-04-25 15:12:27","out_stock_threshold":null,"inheritable":false,"inbound_stock":null,"stock_on_hold":0,"sold_today":0,"sales_last_days":0,"reserved_stock":null,"customer_returns":null,"warehouse_damage":null,"lost_in_post":null,"other_logs":null,"out_stock_days":0,"lost_sales":0,"has_location":null,"update_date":"2026-04-27T07:16:18","atum_locations":[],"atum_stock_status":"outofstock","restock_status":false,"low_stock_amount":"","sales_update_date":"2026-02-06T00:01:28","calc_backorders":null,"_links":{"self":[{"href":"https:\/\/aromasentia.com\/no\/wp-json\/wp\/v2\/product\/207801","targetHints":{"allow":["GET"]}}],"collection":[{"href":"https:\/\/aromasentia.com\/no\/wp-json\/wp\/v2\/product"}],"about":[{"href":"https:\/\/aromasentia.com\/no\/wp-json\/wp\/v2\/types\/product"}],"replies":[{"embeddable":true,"href":"https:\/\/aromasentia.com\/no\/wp-json\/wp\/v2\/comments?post=207801"}],"version-history":[{"count":0,"href":"https:\/\/aromasentia.com\/no\/wp-json\/wp\/v2\/product\/207801\/revisions"}],"wp:featuredmedia":[{"embeddable":true,"href":"https:\/\/aromasentia.com\/no\/wp-json\/wp\/v2\/media\/266525"}],"wp:attachment":[{"href":"https:\/\/aromasentia.com\/no\/wp-json\/wp\/v2\/media?parent=207801"}],"wp:term":[{"taxonomy":"product_brand","embeddable":true,"href":"https:\/\/aromasentia.com\/no\/wp-json\/wp\/v2\/product_brand?post=207801"},{"taxonomy":"product_cat","embeddable":true,"href":"https:\/\/aromasentia.com\/no\/wp-json\/wp\/v2\/product_cat?post=207801"},{"taxonomy":"product_tag","embeddable":true,"href":"https:\/\/aromasentia.com\/no\/wp-json\/wp\/v2\/product_tag?post=207801"}],"curies":[{"name":"wp","href":"https:\/\/api.w.org\/{rel}","templated":true}]}}