{"id":207797,"date":"2025-03-20T15:10:52","date_gmt":"2025-03-20T15:10:52","guid":{"rendered":"https:\/\/aromasentia.com\/product\/classic-white-oil-burner-floral-with-teal-well\/"},"modified":"2025-05-31T04:23:55","modified_gmt":"2025-05-31T04:23:55","slug":"klassisk-hvit-oljebrenner-blomstret-med-blagronn-bronn","status":"publish","type":"product","link":"https:\/\/aromasentia.com\/no\/klassisk-hvit-oljebrenner-blomstret-med-blagronn-bronn\/","title":{"rendered":"Klassisk Hvit Oljebrenner &#8211; Blomstret med Bl\u00e5gr\u00f8nn Br\u00f8nn"},"content":{"rendered":"<p>Klassisk hvit oljebrenner i keramikk. Denne oljebrenneren er behandlet med den beste tilgjengelige keramikken for \u00e5 gi den h\u00f8ye kvalitetsstandarden. Disse oljebrennerne er en flott gaveid\u00e9 til enhver spesiell anledning p\u00e5 grunn av kvaliteten og verdien.<\/p>\n<p>Keramiske hvite oljebrennere er flotte for bruk med duftoljer og smeltevoks. De er ogs\u00e5 en veldig attraktiv dekorasjon i ethvert rom, p\u00e5 grunn av den vakre hvite keramikken.<\/p>\n<p>Hver oljebrenner har et vakkert blomsterdesign, stjerner eller \u00f8yenstikkere som lar stearinlyset skinne gjennom og skaper en avslappende atmosf\u00e6re.<\/p>\n","protected":false},"excerpt":{"rendered":"<p>Klassisk hvit oljebrenner i keramikk. Denne oljebrenneren er behandlet med den beste tilgjengelige keramikken for \u00e5 gi den h\u00f8ye kvalitetsstandarden. Disse oljebrennerne er en flott gaveid\u00e9 til enhver spesiell anledning p\u00e5 grunn av kvaliteten og verdien. Keramiske hvite oljebrennere er flotte for bruk med duftoljer og smeltevoks. De er ogs\u00e5 en veldig attraktiv dekorasjon i [&hellip;]<\/p>\n","protected":false},"featured_media":266986,"comment_status":"closed","ping_status":"open","template":"","meta":{"_angie_page":false},"product_brand":[],"product_cat":[9081,10241],"product_tag":[],"class_list":{"0":"post-207797","1":"product","2":"type-product","3":"status-publish","4":"has-post-thumbnail","6":"product_cat-aroma-diffuser-aromalamper-og-duftpinner","7":"product_cat-aromalamper-og-oljebrennere","8":"pa_collection-classic-white-oil-burner-no","9":"pa_made-in-kina","11":"first","12":"instock","13":"purchasable","14":"product-type-simple"},"supplier_id":null,"supplier_sku":"OBCW-08","barcode":null,"atum_controlled":true,"out_stock_date":null,"out_stock_threshold":null,"inheritable":false,"inbound_stock":null,"stock_on_hold":0,"sold_today":0,"sales_last_days":0,"reserved_stock":null,"customer_returns":null,"warehouse_damage":null,"lost_in_post":null,"other_logs":null,"out_stock_days":10,"lost_sales":0,"has_location":null,"update_date":"2026-04-27T07:16:18","atum_locations":[],"atum_stock_status":"instock","restock_status":false,"low_stock_amount":"","sales_update_date":"2026-02-06T00:02:33","calc_backorders":null,"_links":{"self":[{"href":"https:\/\/aromasentia.com\/no\/wp-json\/wp\/v2\/product\/207797","targetHints":{"allow":["GET"]}}],"collection":[{"href":"https:\/\/aromasentia.com\/no\/wp-json\/wp\/v2\/product"}],"about":[{"href":"https:\/\/aromasentia.com\/no\/wp-json\/wp\/v2\/types\/product"}],"replies":[{"embeddable":true,"href":"https:\/\/aromasentia.com\/no\/wp-json\/wp\/v2\/comments?post=207797"}],"version-history":[{"count":0,"href":"https:\/\/aromasentia.com\/no\/wp-json\/wp\/v2\/product\/207797\/revisions"}],"wp:featuredmedia":[{"embeddable":true,"href":"https:\/\/aromasentia.com\/no\/wp-json\/wp\/v2\/media\/266986"}],"wp:attachment":[{"href":"https:\/\/aromasentia.com\/no\/wp-json\/wp\/v2\/media?parent=207797"}],"wp:term":[{"taxonomy":"product_brand","embeddable":true,"href":"https:\/\/aromasentia.com\/no\/wp-json\/wp\/v2\/product_brand?post=207797"},{"taxonomy":"product_cat","embeddable":true,"href":"https:\/\/aromasentia.com\/no\/wp-json\/wp\/v2\/product_cat?post=207797"},{"taxonomy":"product_tag","embeddable":true,"href":"https:\/\/aromasentia.com\/no\/wp-json\/wp\/v2\/product_tag?post=207797"}],"curies":[{"name":"wp","href":"https:\/\/api.w.org\/{rel}","templated":true}]}}