{"id":207785,"date":"2025-03-20T15:12:34","date_gmt":"2025-03-20T15:12:34","guid":{"rendered":"https:\/\/aromasentia.com\/product\/evening-primrose-organic-base-oil-100ml\/"},"modified":"2025-05-31T04:23:16","modified_gmt":"2025-05-31T04:23:16","slug":"evening-primrose-organic-base-oil-100ml","status":"publish","type":"product","link":"https:\/\/aromasentia.com\/no\/evening-primrose-organic-base-oil-100ml\/","title":{"rendered":"Evening Primrose Organic Base Oil &#8211; 100ml"},"content":{"rendered":"<p><strong>Vitenskapelig navn:<\/strong>Oenothera Biennis<\/p>\n<p><strong>Opprinnelse:<\/strong> Storbritannia<\/p>\n<p><strong>\u00d8kologisk baseolje fra kveldslysolje<\/strong> er en rik kilde til omega-6 og fettsyrer, og har betennelsesdempende og smertelindrende egenskaper. Den letter helingsprosessen og kan bidra til \u00e5 redusere synligheten av arr og roe ned betennelse. Brukes ofte i kosmetikk for \u00e5 berolige og fukte hud, hodebunn og h\u00e5r.<\/p>\n<p><strong>Farge og lukt:<\/strong> Har en lys gyllen farge og en mild n\u00f8tteaktig duft.<\/p>\n<p><strong>Tekstur:<\/strong>Fin tekstur.<\/p>\n<p>Denne kveldslysoljen er hentet fra Storbritannia og laget ved kaldpressing.<\/p>\n","protected":false},"excerpt":{"rendered":"<p>Vitenskapelig navn:Oenothera Biennis Opprinnelse: Storbritannia \u00d8kologisk baseolje fra kveldslysolje er en rik kilde til omega-6 og fettsyrer, og har betennelsesdempende og smertelindrende egenskaper. Den letter helingsprosessen og kan bidra til \u00e5 redusere synligheten av arr og roe ned betennelse. Brukes ofte i kosmetikk for \u00e5 berolige og fukte hud, hodebunn og h\u00e5r. Farge og lukt: [&hellip;]<\/p>\n","protected":false},"featured_media":267136,"comment_status":"closed","ping_status":"open","template":"","meta":{"_angie_page":false},"product_brand":[],"product_cat":[9065,10312,26834,25843,26366],"product_tag":[],"class_list":{"0":"post-207785","1":"product","2":"type-product","3":"status-publish","4":"has-post-thumbnail","6":"product_cat-aromaterapi-og-romduft","7":"product_cat-baseoljer","8":"product_cat-blomster","9":"product_cat-dufter-aromaer","10":"product_cat-rose","11":"pa_collection-organic-base-oils-100ml-no","12":"pa_made-in-kina","13":"pa_size-100ml","15":"first","16":"instock","17":"purchasable","18":"product-type-simple"},"supplier_id":null,"supplier_sku":"OrgBO-09","barcode":null,"atum_controlled":true,"out_stock_date":null,"out_stock_threshold":null,"inheritable":false,"inbound_stock":null,"stock_on_hold":0,"sold_today":0,"sales_last_days":0,"reserved_stock":null,"customer_returns":null,"warehouse_damage":null,"lost_in_post":null,"other_logs":null,"out_stock_days":0,"lost_sales":0,"has_location":null,"update_date":"2026-04-27T07:16:42","atum_locations":[],"atum_stock_status":"instock","restock_status":false,"low_stock_amount":"","sales_update_date":"2026-02-06T00:02:24","calc_backorders":null,"_links":{"self":[{"href":"https:\/\/aromasentia.com\/no\/wp-json\/wp\/v2\/product\/207785","targetHints":{"allow":["GET"]}}],"collection":[{"href":"https:\/\/aromasentia.com\/no\/wp-json\/wp\/v2\/product"}],"about":[{"href":"https:\/\/aromasentia.com\/no\/wp-json\/wp\/v2\/types\/product"}],"replies":[{"embeddable":true,"href":"https:\/\/aromasentia.com\/no\/wp-json\/wp\/v2\/comments?post=207785"}],"version-history":[{"count":0,"href":"https:\/\/aromasentia.com\/no\/wp-json\/wp\/v2\/product\/207785\/revisions"}],"wp:featuredmedia":[{"embeddable":true,"href":"https:\/\/aromasentia.com\/no\/wp-json\/wp\/v2\/media\/267136"}],"wp:attachment":[{"href":"https:\/\/aromasentia.com\/no\/wp-json\/wp\/v2\/media?parent=207785"}],"wp:term":[{"taxonomy":"product_brand","embeddable":true,"href":"https:\/\/aromasentia.com\/no\/wp-json\/wp\/v2\/product_brand?post=207785"},{"taxonomy":"product_cat","embeddable":true,"href":"https:\/\/aromasentia.com\/no\/wp-json\/wp\/v2\/product_cat?post=207785"},{"taxonomy":"product_tag","embeddable":true,"href":"https:\/\/aromasentia.com\/no\/wp-json\/wp\/v2\/product_tag?post=207785"}],"curies":[{"name":"wp","href":"https:\/\/api.w.org\/{rel}","templated":true}]}}