{"id":207766,"date":"2025-03-20T15:12:55","date_gmt":"2025-03-20T15:12:55","guid":{"rendered":"https:\/\/aromasentia.com\/product\/organic-coconut-oil-1-litre\/"},"modified":"2025-05-31T04:21:55","modified_gmt":"2025-05-31T04:21:55","slug":"okologisk-kokosnottolje-1-liter","status":"publish","type":"product","link":"https:\/\/aromasentia.com\/no\/okologisk-kokosnottolje-1-liter\/","title":{"rendered":"\u00d8kologisk Kokosn\u00f8ttolje 1 Liter"},"content":{"rendered":"<p><strong><span style=\"color: rgb(75, 80, 88);\">Bareoljer<\/span><\/strong><span style=\"color: rgb(75, 80, 88);\">, ofte referert til som baseoljer, er oljer som essensielle eller duftende oljer kan fortynnes med og \u00abb\u00e6res\u00bb inn i huden din.<\/span><\/p>\n<p><span style=\"color: rgb(75, 80, 88);\">Den \u00f8kologiske kokosb\u00e6reroljen vi selger er premium og kaldpresset, slik at du f\u00e5r det mest aktive, sv\u00e6rt potente og milj\u00f8vennlige skj\u00f8nnhets-, aromaterapi- eller kosmetikkproduktet pengene kan f\u00e5. De er <strong>fri for plantevernmidler, herbicider og syntetisk gj\u00f8dsel<\/strong>, og dermed vil de bli ansett som trygge for milj\u00f8et og trygge i kosmetiske formuleringer.<\/span><\/p>\n<p><span style=\"color: rgb(75, 80, 88);\">Druekjerneolje er kjent for sine ikke-komedogene og antioksidantegenskaper, noe som gj\u00f8r den til en perfekt fuktighetskrem som ikke tetter porene samtidig som den forbedrer hudens elastisitet og mykhet.<\/span><\/p>\n<p><span style=\"color: rgb(75, 80, 88);\"><strong>Latinsk navn:<\/strong>Cocos nucifera <br style=\"font-style: normal; font-variant-ligatures: normal; font-variant-caps: normal; font-weight: 400; letter-spacing: normal; orphans: 2; text-align: start; text-indent: 0px; text-transform: none; widows: 2; word-spacing: 0px; -webkit-text-stroke-width: 0px; white-space: pre-wrap; text-decoration-thickness: initial; text-decoration-style: initial; text-decoration-color: initial; border: 0px solid rgb(227, 227, 227); box-sizing: border-box; --tw-border-spacing-x: 0; --tw-border-spacing-y: 0; --tw-translate-x: 0; --tw-translate-y: 0; --tw-rotate: 0; --tw-skew-x: 0; --tw-skew-y: 0; --tw-scale-x: 1; --tw-scale-y: 1; --tw-pan-x: ; --tw-pan-y: ; --tw-pinch-zoom: ; --tw-scroll-snap-strictness: proximity; --tw-gradient-from-position: ; --tw-gradient-via-position: ; --tw-gradient-to-position: ; --tw-ordinal: ; --tw-slashed-zero: ; --tw-numeric-figure: ; --tw-numeric-spacing: ; --tw-numeric-fraction: ; --tw-ring-inset: ; --tw-ring-offset-width: 0px; --tw-ring-offset-color: #fff; --tw-ring-color: rgba(69,89,164,.5); --tw-ring-offset-shadow: 0 0 gjennomsiktig; --tw-ring-shadow: 0 0 gjennomsiktig; --tw-shadow: 0 0 gjennomsiktig; --tw-shadow-colored: 0 0 gjennomsiktig; --tw-blur: ; --tw-brightness: ; --tw-contrast: ; --tw-grayscale: ; --tw-hue-rotate: ; --tw-invert: ; --tw-saturate: ; --tw-sepia: ; --tw-drop-shadow: ; --tw-backdrop-blur: ; --tw-backdrop-brightness: ; --tw-backdrop-contrast: ; --tw-backdrop-grayscale: ; --tw-backdrop-hue-rotate: ; --tw-backdrop-invert: ; --tw-backdrop-opacity: ; --tw-backdrop-saturate: ; --tw-backdrop-sepia: ; farge: rgb(13, 13, 13); font-family: S\u00f6hne, ui-sans-serif, system-ui, -apple-system, \u00abSegoe UI\u00bb, Roboto, Ubuntu, Cantarell, \u00abNoto Sans\u00bb, sans-serif, \u00abHelvetica Neue\u00bb, Arial, \u00abApple Color Emoji\u00bb, \u00abSegoe UI Emoji\u00bb, \u00abSegoe UI Symbol\u00bb, \u00abNoto Color Emoji\u00bb; font-size: 16px; background-color: rgb(255, 255, 255);\"><strong>Kilde:<\/strong> Kokoskj\u00f8tt <br style=\"font-style: normal; font-variant-ligatures: normal; font-variant-caps: normal; font-weight: 400; letter-spacing: normal; orphans: 2; text-align: start; text-indent: 0px;\" tekst-transform: ingen; enker: 2; ordavstand: 0px; -webkit-tekst-stroke-bredde: 0px; hvitt mellomrom: forh\u00e5ndsbryting; tekst-dekorasjonstykkelse: initial; tekst-dekorasjonsstil: initial; tekst-dekorasjonsfarge: initial; kantlinje: 0px solid rgb(227, 227, 227); boksst\u00f8rrelse: kantlinje; --tw-kantavstand-x: 0; --tw-kantavstand-y: 0; --tw-translate-x: 0; --tw-translate-y: 0; --tw-rotere: 0; --tw-skjevhet-x: 0; --tw-skjevhet-y: 0; --tw-skalering-x: 1; --tw-skalering-y: 1; --tw-pan-x: ; --tw-pan-y: ; --tw-klype-zoom: ; --tw-scroll-snap-strictness: n\u00e6rhet; --tw-gradient-from-position: ; --tw-gradient-via-position: ; --tw-gradient-to-position: ; --tw-ordinal: ; --tw-slashed-zero: ; --tw-numeric-figure: ; --tw-numeric-spacing: ; --tw-numeric-fraction: ; --tw-ring-inset: ; --tw-ring-offset-width: 0px; --tw-ring-offset-color: #fff; --tw-ring-color: rgba(69,89,164,0,5); --tw-ring-offset-shadow: 0 0 gjennomsiktig; --tw-ring-shadow: 0 0 gjennomsiktig; --tw-shadow: 0 0 gjennomsiktig; --tw-shadow-colored: 0 0 gjennomsiktig; --tw-blur: ; --tw-brightness: ; --tw-contrast: ; --tw-gr\u00e5toner: ; --tw-hue-rotere: ; --tw-invertere: ; --tw-mette: ; --tw-sepia: ; --tw-drop-shadow: ; --tw-bakgrunns-uskarphet: ; --tw-bakgrunns-lysstyrke: ; --tw-bakgrunns-kontrast: ; --tw-bakgrunns-gr\u00e5toner: ; --tw-bakgrunns-hue-rotere: ; --tw-bakgrunns-invertere: ; --tw-bakgrunns-opasitet: ; --tw-bakgrunns-mette: ; --tw-bakgrunns-sepia: ; farge: rgb(13, 13, 13); font-family: S\u00f6hne, ui-sans-serif, system-ui, -apple-system, \u00abSegoe UI\u00bb, Roboto, Ubuntu, Cantarell, \u00abNoto Sans\u00bb, sans-serif, \u00abHelvetica Neue\u00bb, Arial, \u00abApple Color Emoji\u00bb, \u00abSegoe UI Emoji\u00bb, \u00abSegoe UI Symbol\u00bb, \u00abNoto Color Emoji\u00bb; font-size: 16px; background-color: rgb(255, 255, 255);\"><strong>Fordeler:<\/strong>Gir dyp fuktighet, styrker hudbarrieren og reduserer betennelse. <br style=\"font-style: normal; font-variant-ligatures: normal; font-variant-caps: normal; font-weight: 400; letter-spacing: normal; orphans: 2;\" text-align: start; text-indent: 0px; text-transform: none; widows: 2; word-spacing: 0px; -webkit-text-stroke-width: 0px; white-space: pre-wrap; text-decoration-thickness: initial; text-decoration-style: initial; text-decoration-color: initial; border: 0px solid rgb(227, 227, 227); box-sizing: border-box; --tw-border-spacing-x: 0; --tw-border-spacing-y: 0; --tw-translate-x: 0; --tw-translate-y: 0; --tw-rotate: 0; --tw-skew-x: 0; --tw-skew-y: 0; --tw-scale-x: 1; --tw-scale-y: 1; --tw-pan-x: ; --tw-pan-y: ; --tw-pinch-zoom: ; --tw-scroll-snap-strictness: n\u00e6rhet; --tw-gradient-from-position: ; --tw-gradient-via-position: ; --tw-gradient-to-position: ; --tw-ordinal: ; --tw-slashed-zero: ; --tw-numeric-figure: ; --tw-numeric-spacing: ; --tw-numeric-fraction: ; --tw-ring-inset: ; --tw-ring-offset-width: 0px; --tw-ring-offset-color: #fff; --tw-ring-color: rgba(69,89,164,0,5); --tw-ring-offset-shadow: 0 0 gjennomsiktig; --tw-ring-shadow: 0 0 gjennomsiktig; --tw-shadow: 0 0 gjennomsiktig; --tw-shadow-colored: 0 0 gjennomsiktig; --tw-blur: ; --tw-brightness: ; --tw-contrast: ; --tw-grayscale: ; --tw-hue-rotate: ; --tw-invert: ; --tw-saturate: ; --tw-sepia: ; --tw-drop-shadow: ; --tw-backdrop-blur: ; --tw-backdrop-brightness: ; --tw-backdrop-contrast: ; --tw-backdrop-grayscale: ; --tw-backdrop-hue-rotate: ; --tw-backdrop-invert: ; --tw-backdrop-opacity: ; --tw-backdrop-saturate: ; --tw-backdrop-sepia: ; farge: rgb(13, 13, 13); font-family: S\u00f6hne, ui-sans-serif, system-ui, -apple-system, \u00abSegoe UI\u00bb, Roboto, Ubuntu, Cantarell, \u00abNoto Sans\u00bb, sans-serif, \u00abHelvetica Neue\u00bb, Arial, \u00abApple Color Emoji\u00bb, \u00abSegoe UI Emoji\u00bb, \u00abSegoe UI Symbol\u00bb, \u00abNoto Color Emoji\u00bb; font-size: 16px; background-color: rgb(255, 255, 255);\"><strong>Hudtype:<\/strong> Best for t\u00f8rr, irritert eller sensitiv hud.<\/span><\/p>\n","protected":false},"excerpt":{"rendered":"<p>Bareoljer, ofte referert til som baseoljer, er oljer som essensielle eller duftende oljer kan fortynnes med og \u00abb\u00e6res\u00bb inn i huden din. Den \u00f8kologiske kokosb\u00e6reroljen vi selger er premium og kaldpresset, slik at du f\u00e5r det mest aktive, sv\u00e6rt potente og milj\u00f8vennlige skj\u00f8nnhets-, aromaterapi- eller kosmetikkproduktet pengene kan f\u00e5. De er fri for plantevernmidler, herbicider [&hellip;]<\/p>\n","protected":false},"featured_media":267199,"comment_status":"closed","ping_status":"open","template":"","meta":{"_angie_page":false},"product_brand":[],"product_cat":[9065,10312],"product_tag":[],"class_list":{"0":"post-207766","1":"product","2":"type-product","3":"status-publish","4":"has-post-thumbnail","6":"product_cat-aromaterapi-og-romduft","7":"product_cat-baseoljer","8":"pa_collection-bulk-organic-carrier-oils-no","9":"pa_made-in-sri-lanka","11":"first","12":"instock","13":"purchasable","14":"product-type-simple"},"supplier_id":null,"supplier_sku":"OrgBOz-06","barcode":null,"atum_controlled":true,"out_stock_date":null,"out_stock_threshold":null,"inheritable":false,"inbound_stock":null,"stock_on_hold":0,"sold_today":0,"sales_last_days":0,"reserved_stock":null,"customer_returns":null,"warehouse_damage":null,"lost_in_post":null,"other_logs":null,"out_stock_days":98,"lost_sales":0,"has_location":null,"update_date":"2026-04-27T07:16:49","atum_locations":[],"atum_stock_status":"instock","restock_status":false,"low_stock_amount":"","sales_update_date":"2026-02-06T00:01:11","calc_backorders":null,"_links":{"self":[{"href":"https:\/\/aromasentia.com\/no\/wp-json\/wp\/v2\/product\/207766","targetHints":{"allow":["GET"]}}],"collection":[{"href":"https:\/\/aromasentia.com\/no\/wp-json\/wp\/v2\/product"}],"about":[{"href":"https:\/\/aromasentia.com\/no\/wp-json\/wp\/v2\/types\/product"}],"replies":[{"embeddable":true,"href":"https:\/\/aromasentia.com\/no\/wp-json\/wp\/v2\/comments?post=207766"}],"version-history":[{"count":0,"href":"https:\/\/aromasentia.com\/no\/wp-json\/wp\/v2\/product\/207766\/revisions"}],"wp:featuredmedia":[{"embeddable":true,"href":"https:\/\/aromasentia.com\/no\/wp-json\/wp\/v2\/media\/267199"}],"wp:attachment":[{"href":"https:\/\/aromasentia.com\/no\/wp-json\/wp\/v2\/media?parent=207766"}],"wp:term":[{"taxonomy":"product_brand","embeddable":true,"href":"https:\/\/aromasentia.com\/no\/wp-json\/wp\/v2\/product_brand?post=207766"},{"taxonomy":"product_cat","embeddable":true,"href":"https:\/\/aromasentia.com\/no\/wp-json\/wp\/v2\/product_cat?post=207766"},{"taxonomy":"product_tag","embeddable":true,"href":"https:\/\/aromasentia.com\/no\/wp-json\/wp\/v2\/product_tag?post=207766"}],"curies":[{"name":"wp","href":"https:\/\/api.w.org\/{rel}","templated":true}]}}