{"id":207761,"date":"2025-03-20T15:12:55","date_gmt":"2025-03-20T15:12:55","guid":{"rendered":"https:\/\/aromasentia.com\/product\/organic-castor-oil-1-litre\/"},"modified":"2025-05-31T04:21:38","modified_gmt":"2025-05-31T04:21:38","slug":"okologisk-lavendel-eterisk-olje-10ml","status":"publish","type":"product","link":"https:\/\/aromasentia.com\/no\/okologisk-lavendel-eterisk-olje-10ml\/","title":{"rendered":"\u00d8kologisk, Lavendel Eterisk Olje 10ml"},"content":{"rendered":"<p>Gi n\u00e6ring til hud og h\u00e5r med v\u00e5r \u00f8kologiske ricinusolje i en sjener\u00f8s 1-liters flaske. Denne tykke, rike oljen er kaldpresset og sertifisert \u00f8kologisk, og er kjent for sine eksepsjonelle fuktighetsgivende og pleiende egenskaper. Den brukes tradisjonelt til \u00e5 fremme sunn h\u00e5rvekst, gj\u00f8re \u00f8yenvippene og \u00f8yenbrynene tykkere og berolige t\u00f8rr og irritert hud. Dens mykgj\u00f8rende egenskaper bidrar til \u00e5 holde p\u00e5 fuktigheten, noe som gj\u00f8r den til en kraftfull naturlig behandling for intensiv fuktighet fra topp til t\u00e5, og sikrer renhet og styrke for dine naturlige pleierutiner.<\/p>\n","protected":false},"excerpt":{"rendered":"<p>Gi n\u00e6ring til hud og h\u00e5r med v\u00e5r \u00f8kologiske ricinusolje i en sjener\u00f8s 1-liters flaske. Denne tykke, rike oljen er kaldpresset og sertifisert \u00f8kologisk, og er kjent for sine eksepsjonelle fuktighetsgivende og pleiende egenskaper. Den brukes tradisjonelt til \u00e5 fremme sunn h\u00e5rvekst, gj\u00f8re \u00f8yenvippene og \u00f8yenbrynene tykkere og berolige t\u00f8rr og irritert hud. Dens mykgj\u00f8rende [&hellip;]<\/p>\n","protected":false},"featured_media":267154,"comment_status":"closed","ping_status":"open","template":"","meta":{"_angie_page":false},"product_brand":[],"product_cat":[9065,10312],"product_tag":[],"class_list":{"0":"post-207761","1":"product","2":"type-product","3":"status-publish","4":"has-post-thumbnail","6":"product_cat-aromaterapi-og-romduft","7":"product_cat-baseoljer","8":"pa_collection-bulk-organic-carrier-oils-no","9":"pa_made-in-india","11":"first","12":"instock","13":"purchasable","14":"product-type-simple"},"supplier_id":null,"supplier_sku":"OrgBOz-11","barcode":null,"atum_controlled":true,"out_stock_date":null,"out_stock_threshold":null,"inheritable":false,"inbound_stock":null,"stock_on_hold":0,"sold_today":0,"sales_last_days":0,"reserved_stock":null,"customer_returns":null,"warehouse_damage":null,"lost_in_post":null,"other_logs":null,"out_stock_days":93,"lost_sales":0,"has_location":null,"update_date":"2026-04-27T07:16:49","atum_locations":[],"atum_stock_status":"instock","restock_status":false,"low_stock_amount":"","sales_update_date":"2026-02-06T00:01:10","calc_backorders":null,"_links":{"self":[{"href":"https:\/\/aromasentia.com\/no\/wp-json\/wp\/v2\/product\/207761","targetHints":{"allow":["GET"]}}],"collection":[{"href":"https:\/\/aromasentia.com\/no\/wp-json\/wp\/v2\/product"}],"about":[{"href":"https:\/\/aromasentia.com\/no\/wp-json\/wp\/v2\/types\/product"}],"replies":[{"embeddable":true,"href":"https:\/\/aromasentia.com\/no\/wp-json\/wp\/v2\/comments?post=207761"}],"version-history":[{"count":0,"href":"https:\/\/aromasentia.com\/no\/wp-json\/wp\/v2\/product\/207761\/revisions"}],"wp:featuredmedia":[{"embeddable":true,"href":"https:\/\/aromasentia.com\/no\/wp-json\/wp\/v2\/media\/267154"}],"wp:attachment":[{"href":"https:\/\/aromasentia.com\/no\/wp-json\/wp\/v2\/media?parent=207761"}],"wp:term":[{"taxonomy":"product_brand","embeddable":true,"href":"https:\/\/aromasentia.com\/no\/wp-json\/wp\/v2\/product_brand?post=207761"},{"taxonomy":"product_cat","embeddable":true,"href":"https:\/\/aromasentia.com\/no\/wp-json\/wp\/v2\/product_cat?post=207761"},{"taxonomy":"product_tag","embeddable":true,"href":"https:\/\/aromasentia.com\/no\/wp-json\/wp\/v2\/product_tag?post=207761"}],"curies":[{"name":"wp","href":"https:\/\/api.w.org\/{rel}","templated":true}]}}