{"id":207760,"date":"2025-03-20T15:13:10","date_gmt":"2025-03-20T15:13:10","guid":{"rendered":"https:\/\/aromasentia.com\/product\/grapefruit-organic-essential-oil-10ml\/"},"modified":"2025-05-31T04:21:35","modified_gmt":"2025-05-31T04:21:35","slug":"okologisk-grapefrukt-eterisk-olje-10ml","status":"publish","type":"product","link":"https:\/\/aromasentia.com\/no\/okologisk-grapefrukt-eterisk-olje-10ml\/","title":{"rendered":"\u00d8kologisk Grapefrukt Eterisk Olje 10ml"},"content":{"rendered":"<p><strong>Latinsk navn:<\/strong> Citrus Paradisi<br \/><strong>Del av plante brukt:<\/strong> Fruktskall<br \/><strong>Kilde:<\/strong>Argentina<br \/><strong>Ekstraksjonsmetode:<\/strong> Kaldpresse<\/p>\n<p><strong>\u00d8kologisk eterisk olje av grapefrukt<\/strong>har distinkte egenskaper som kan gi en rekke helsefordeler \u2013 inkludert redusert blodtrykk og stressniv\u00e5. Oljen, som er hentet fra skallet til Citrus paradisi-frukten, foresl\u00e5r at det \u00e5 puste inn oljens syrlige duft kan bidra til \u00e5 l\u00f8fte hum\u00f8ret og gi en rekke fordeler.<\/p>\n<p>Det antas at det \u00e5 inhalere aromaen av eterisk olje av grapefrukt (eller absorbere eterisk olje av grapefrukt gjennom huden) overf\u00f8rer meldinger til en hjerneregion som er involvert i \u00e5 kontrollere f\u00f8lelser. Denne hjerneregionen, kjent som det limbiske systemet, p\u00e5virker ogs\u00e5 nervesystemet. Tilhengere av aromaterapi antyder at essensielle oljer kan p\u00e5virke en rekke biologiske faktorer, inkludert hjertefrekvens, stressniv\u00e5, blodtrykk, pust og immunfunksjon.<\/p>\n<p>Essensiell olje av grapefrukt brukes ogs\u00e5 til \u00e5 redusere stress, stimulere sirkulasjonen, \u00f8ke energien, forbedre hum\u00f8ret og forbedre ford\u00f8yelsen.<\/p>\n","protected":false},"excerpt":{"rendered":"<p>Latinsk navn: Citrus ParadisiDel av plante brukt: FruktskallKilde:ArgentinaEkstraksjonsmetode: Kaldpresse \u00d8kologisk eterisk olje av grapefrukthar distinkte egenskaper som kan gi en rekke helsefordeler \u2013 inkludert redusert blodtrykk og stressniv\u00e5. Oljen, som er hentet fra skallet til Citrus paradisi-frukten, foresl\u00e5r at det \u00e5 puste inn oljens syrlige duft kan bidra til \u00e5 l\u00f8fte hum\u00f8ret og gi en [&hellip;]<\/p>\n","protected":false},"featured_media":267379,"comment_status":"closed","ping_status":"open","template":"","meta":{"_angie_page":false},"product_brand":[27096],"product_cat":[9065,25843,10236,26203,26659,26820],"product_tag":[],"class_list":{"0":"post-207760","1":"product","2":"type-product","3":"status-publish","4":"has-post-thumbnail","6":"product_brand-ancient-wisdom","7":"product_cat-aromaterapi-og-romduft","8":"product_cat-dufter-aromaer","9":"product_cat-eteriske-oljer","10":"product_cat-grapefrukt","11":"product_cat-okologiske-eteriske-oljer","12":"product_cat-sitrus","13":"pa_collection-10ml-organic-essential-oils-no","14":"pa_made-in-argentina","15":"pa_size-10ml","17":"first","18":"instock","19":"purchasable","20":"product-type-simple"},"supplier_id":null,"supplier_sku":"OrgEO-15","barcode":null,"atum_controlled":true,"out_stock_date":null,"out_stock_threshold":null,"inheritable":false,"inbound_stock":null,"stock_on_hold":0,"sold_today":0,"sales_last_days":0,"reserved_stock":null,"customer_returns":null,"warehouse_damage":null,"lost_in_post":null,"other_logs":null,"out_stock_days":0,"lost_sales":0,"has_location":null,"update_date":"2026-04-27T07:16:58","atum_locations":[],"atum_stock_status":"instock","restock_status":false,"low_stock_amount":"","sales_update_date":"2026-02-06T00:00:47","calc_backorders":null,"_links":{"self":[{"href":"https:\/\/aromasentia.com\/no\/wp-json\/wp\/v2\/product\/207760","targetHints":{"allow":["GET"]}}],"collection":[{"href":"https:\/\/aromasentia.com\/no\/wp-json\/wp\/v2\/product"}],"about":[{"href":"https:\/\/aromasentia.com\/no\/wp-json\/wp\/v2\/types\/product"}],"replies":[{"embeddable":true,"href":"https:\/\/aromasentia.com\/no\/wp-json\/wp\/v2\/comments?post=207760"}],"version-history":[{"count":0,"href":"https:\/\/aromasentia.com\/no\/wp-json\/wp\/v2\/product\/207760\/revisions"}],"wp:featuredmedia":[{"embeddable":true,"href":"https:\/\/aromasentia.com\/no\/wp-json\/wp\/v2\/media\/267379"}],"wp:attachment":[{"href":"https:\/\/aromasentia.com\/no\/wp-json\/wp\/v2\/media?parent=207760"}],"wp:term":[{"taxonomy":"product_brand","embeddable":true,"href":"https:\/\/aromasentia.com\/no\/wp-json\/wp\/v2\/product_brand?post=207760"},{"taxonomy":"product_cat","embeddable":true,"href":"https:\/\/aromasentia.com\/no\/wp-json\/wp\/v2\/product_cat?post=207760"},{"taxonomy":"product_tag","embeddable":true,"href":"https:\/\/aromasentia.com\/no\/wp-json\/wp\/v2\/product_tag?post=207760"}],"curies":[{"name":"wp","href":"https:\/\/api.w.org\/{rel}","templated":true}]}}